{"id":9633,"date":"2021-04-05T17:25:20","date_gmt":"2021-04-05T22:25:20","guid":{"rendered":"https:\/\/www.o2medicalnetwork.com\/?page_id=9633"},"modified":"2021-04-05T17:30:45","modified_gmt":"2021-04-05T22:30:45","slug":"concentradores-de-oxigeno","status":"publish","type":"page","link":"https:\/\/www.o2medicalnetwork.com\/en\/concentradores-de-oxigeno\/","title":{"rendered":"Concentradores de oxigeno"},"content":{"rendered":"<div data-elementor-type=\"wp-page\" data-elementor-id=\"9633\" class=\"elementor elementor-9633\" data-elementor-post-type=\"page\">\n\t\t\t\t\t\t<section class=\"elementor-section elementor-top-section elementor-element elementor-element-ba0a40c elementor-section-boxed elementor-section-height-default elementor-section-height-default\" data-id=\"ba0a40c\" data-element_type=\"section\">\n\t\t\t\t\t\t<div class=\"elementor-container elementor-column-gap-default\">\n\t\t\t\t\t<div class=\"elementor-column elementor-col-100 elementor-top-column elementor-element elementor-element-1391fc1\" data-id=\"1391fc1\" data-element_type=\"column\">\n\t\t\t<div class=\"elementor-widget-wrap elementor-element-populated\">\n\t\t\t\t\t\t<div class=\"elementor-element elementor-element-49e339f elementor-widget elementor-widget-heading\" data-id=\"49e339f\" data-element_type=\"widget\" data-widget_type=\"heading.default\">\n\t\t\t\t<div class=\"elementor-widget-container\">\n\t\t\t<h2 class=\"elementor-heading-title elementor-size-default\">Concentradores de oxigeno\n<\/h2>\t\t<\/div>\n\t\t\t\t<\/div>\n\t\t\t\t\t<\/div>\n\t\t<\/div>\n\t\t\t\t\t<\/div>\n\t\t<\/section>\n\t\t\t\t<section class=\"elementor-section elementor-top-section elementor-element elementor-element-d3fc511 elementor-section-boxed elementor-section-height-default elementor-section-height-default\" data-id=\"d3fc511\" data-element_type=\"section\">\n\t\t\t\t\t\t<div class=\"elementor-container elementor-column-gap-default\">\n\t\t\t\t\t<div class=\"elementor-column elementor-col-100 elementor-top-column elementor-element elementor-element-6cb1e7a\" data-id=\"6cb1e7a\" data-element_type=\"column\">\n\t\t\t<div class=\"elementor-widget-wrap elementor-element-populated\">\n\t\t\t\t\t\t<div class=\"elementor-element elementor-element-0367f60 elementor-widget elementor-widget-text-editor\" data-id=\"0367f60\" data-element_type=\"widget\" data-widget_type=\"text-editor.default\">\n\t\t\t\t<div class=\"elementor-widget-container\">\n\t\t\t\t\t\t\t<p style=\"text-align: justify;\"><span style=\"font-weight: 400;\"><img fetchpriority=\"high\" decoding=\"async\" class=\"wp-image-9636 alignright\" src=\"https:\/\/www.o2medicalnetwork.com\/wp-content\/uploads\/2021\/04\/covid-19-5073811_640-300x200.jpg\" alt=\"\" width=\"394\" height=\"264\" srcset=\"https:\/\/www.o2medicalnetwork.com\/wp-content\/uploads\/2021\/04\/covid-19-5073811_640-300x200.jpg 300w, https:\/\/www.o2medicalnetwork.com\/wp-content\/uploads\/2021\/04\/covid-19-5073811_640-418x279.jpg 418w, https:\/\/www.o2medicalnetwork.com\/wp-content\/uploads\/2021\/04\/covid-19-5073811_640-600x400.jpg 600w, https:\/\/www.o2medicalnetwork.com\/wp-content\/uploads\/2021\/04\/covid-19-5073811_640-400x267.jpg 400w, https:\/\/www.o2medicalnetwork.com\/wp-content\/uploads\/2021\/04\/covid-19-5073811_640-450x300.jpg 450w, https:\/\/www.o2medicalnetwork.com\/wp-content\/uploads\/2021\/04\/covid-19-5073811_640.jpg 640w\" sizes=\"(max-width: 394px) 100vw, 394px\" \/>En O2 contamos con concentradores de ox\u00edgeno que proporciona oxigenoterapia a los pacientes con problemas respiratorios y que haya contra\u00eddo el virus covid-19.<\/span><\/p><p style=\"text-align: justify;\"><span style=\"font-weight: 400;\">Este equipo funciona comprimiendo el aire alrededor del paciente para entregarlo en una forma m\u00e1s pura. A diferencia de un tanque de ox\u00edgeno, el suministro de ox\u00edgeno es continuo y nunca puede agotarse mientras la bater\u00eda est\u00e9 alimentada.<\/span><\/p><p style=\"text-align: justify;\"><span style=\"font-weight: 400;\">If you wish to request health care for issues not related to Covid-19, our clinics and sites will attend you under all biosecurity protocols to minimize the risk of contagion.\u00a0<\/span><\/p><p style=\"text-align: justify;\">\u00a0<\/p>\t\t\t\t\t\t<\/div>\n\t\t\t\t<\/div>\n\t\t\t\t\t<\/div>\n\t\t<\/div>\n\t\t\t\t\t<\/div>\n\t\t<\/section>\n\t\t\t\t<section class=\"elementor-section elementor-top-section elementor-element elementor-element-2ca2f28 elementor-section-boxed elementor-section-height-default elementor-section-height-default\" data-id=\"2ca2f28\" data-element_type=\"section\">\n\t\t\t\t\t\t<div class=\"elementor-container elementor-column-gap-default\">\n\t\t\t\t\t<div class=\"elementor-column elementor-col-100 elementor-top-column elementor-element elementor-element-65ea150\" data-id=\"65ea150\" data-element_type=\"column\">\n\t\t\t<div class=\"elementor-widget-wrap elementor-element-populated\">\n\t\t\t\t\t\t<div class=\"elementor-element elementor-element-0c8ea74 elementor-widget elementor-widget-text-editor\" data-id=\"0c8ea74\" data-element_type=\"widget\" data-widget_type=\"text-editor.default\">\n\t\t\t\t<div class=\"elementor-widget-container\">\n\t\t\t\t\t\t\t<p style=\"text-align: justify;\"><span style=\"font-weight: 400;\">If you have symptoms or know someone who needs care, contact us so we can help you.\u00a0<\/span><\/p><p style=\"text-align: justify;\"><span style=\"font-weight: 400;\">For this and much more, O2 reminds you that you are not alone!<\/span><\/p>\t\t\t\t\t\t<\/div>\n\t\t\t\t<\/div>\n\t\t\t\t\t<\/div>\n\t\t<\/div>\n\t\t\t\t\t<\/div>\n\t\t<\/section>\n\t\t\t\t<section class=\"elementor-section elementor-top-section elementor-element elementor-element-31a4b20 elementor-section-boxed elementor-section-height-default elementor-section-height-default\" data-id=\"31a4b20\" data-element_type=\"section\">\n\t\t\t\t\t\t<div class=\"elementor-container elementor-column-gap-default\">\n\t\t\t\t\t<div class=\"elementor-column elementor-col-100 elementor-top-column elementor-element elementor-element-9878398\" data-id=\"9878398\" data-element_type=\"column\">\n\t\t\t<div class=\"elementor-widget-wrap elementor-element-populated\">\n\t\t\t\t\t\t<div class=\"elementor-element elementor-element-8afda6f elementor-widget elementor-widget-text-editor\" data-id=\"8afda6f\" data-element_type=\"widget\" data-widget_type=\"text-editor.default\">\n\t\t\t\t<div class=\"elementor-widget-container\">\n\t\t\t\t\t\t\t<p style=\"text-align: justify;\"><span style=\"font-weight: 400;\">Calle Bellavista C-11, Residencial Huancaro &#8211; Cusco:<\/span><a href=\"https:\/\/bit.ly\/direcciono2?fbclid=IwAR162SeEBtrM6fDHQoBMgFIN3puGZRV_XPuneDYWBvNoA_6Ra6Jzy9wOD7I\"> <span style=\"font-weight: 400;\">https:\/\/bit.ly\/direcciono2<\/span><\/a><\/p><p style=\"text-align: justify;\"><span style=\"font-weight: 400;\"> WhatsApp:<\/span><a href=\"https:\/\/bit.ly\/clinicao2chat?fbclid=IwAR0kNMXg4TD1V6P6SLCtMNk-sHpMeesk05vWGViBS4pKvRGVhz-2GZgwcvk\"> <span style=\"font-weight: 400;\">https:\/\/bit.ly\/clinicao2chat<\/span><\/a><\/p><p style=\"text-align: justify;\"><span style=\"font-weight: 400;\"> Facebook Messenger<\/span><a href=\"https:\/\/bit.ly\/Messengero2c?fbclid=IwAR0Df_rWlwoCTbKRmpxjbB2fRssHSefV4sq3X0re7mkTR9zjg5hpyTgrT-k\"> <span style=\"font-weight: 400;\">https:\/\/bit.ly\/Messengero2c<\/span><\/a><\/p><p style=\"text-align: justify;\"><span style=\"font-weight: 400;\">Telemedicina:<\/span><a href=\"https:\/\/bit.ly\/telemedo2?fbclid=IwAR1cxZ6VfSK0lp-8QMbiD8JiNfa0n_40O1eUbvWPDiwz1wMWUMWXo8xfNpU\"> <span style=\"font-weight: 400;\">https:\/\/bit.ly\/telemedo2<\/span><\/a><\/p><p style=\"text-align: justify;\"><span style=\"font-weight: 400;\">Tienda virtual:<\/span><a href=\"https:\/\/bit.ly\/31ZJSEN?fbclid=IwAR2b3D_y_7uwPI3kbSxAckLhrdFesRfI1hL56CkbSTiVq3QstVJEW6uzU0A\"> <span style=\"font-weight: 400;\">https:\/\/bit.ly\/31ZJSEN<\/span><\/a><\/p><p style=\"text-align: justify;\"><span style=\"font-weight: 400;\"> Cont\u00e1ctanos: Chat en vivo <\/span><a href=\"http:\/\/www.o2medicalnetwork.com\/en\/?fbclid=IwAR2b3D_y_7uwPI3kbSxAckLhrdFesRfI1hL56CkbSTiVq3QstVJEW6uzU0A\"> <span style=\"font-weight: 400;\">http:\/\/www.o2medicalnetwork.com\/<\/span><\/a><\/p><p style=\"text-align: justify;\"><span style=\"font-weight: 400;\"> Instagram:<\/span><a href=\"https:\/\/www.instagram.com\/o2medicalnetwork?fbclid=IwAR3gmNFhN81Od4rb2QEQKVNEyrESYv_bIxwxWQOD5mt7UPom6X_Vj049Cl8\"> <span style=\"font-weight: 400;\">https:\/\/www.instagram.com\/o2medicalnetwork<\/span><\/a><\/p>\t\t\t\t\t\t<\/div>\n\t\t\t\t<\/div>\n\t\t\t\t\t<\/div>\n\t\t<\/div>\n\t\t\t\t\t<\/div>\n\t\t<\/section>\n\t\t\t\t<\/div>","protected":false},"excerpt":{"rendered":"<p>Concentradores de oxigeno En O2 contamos con concentradores de ox\u00edgeno que proporciona oxigenoterapia a los pacientes con problemas respiratorios y que haya contra\u00eddo el virus covid-19. Este equipo funciona comprimiendo el aire alrededor del paciente para entregarlo en una forma m\u00e1s pura. A diferencia de un tanque de ox\u00edgeno, el suministro de ox\u00edgeno es continuo &hellip;<\/p>","protected":false},"author":1,"featured_media":9639,"parent":0,"menu_order":0,"comment_status":"closed","ping_status":"closed","template":"","meta":{"content-type":"","footnotes":""},"class_list":["post-9633","page","type-page","status-publish","has-post-thumbnail","hentry","has-thumb"],"yoast_head":"<!-- This site is optimized with the Yoast SEO plugin v25.8 - https:\/\/yoast.com\/wordpress\/plugins\/seo\/ -->\n<title>Concentradores de oxigeno - Cl\u00ednica O2 Medical Network<\/title>\n<meta name=\"description\" content=\"En O2 contamos con concentradores de ox\u00edgeno que proporciona oxigenoterapia a los pacientes con problemas respiratorios y que haya contra\u00eddo el virus covid-19.\" \/>\n<meta name=\"robots\" content=\"index, follow, max-snippet:-1, max-image-preview:large, max-video-preview:-1\" \/>\n<link rel=\"canonical\" href=\"https:\/\/www.o2medicalnetwork.com\/en\/concentradores-de-oxigeno\/\" \/>\n<meta property=\"og:locale\" content=\"en_US\" \/>\n<meta property=\"og:type\" content=\"article\" \/>\n<meta property=\"og:title\" content=\"Concentradores de oxigeno - Cl\u00ednica O2 Medical Network\" \/>\n<meta property=\"og:description\" content=\"En O2 contamos con concentradores de ox\u00edgeno que proporciona oxigenoterapia a los pacientes con problemas respiratorios y que haya contra\u00eddo el virus covid-19.\" \/>\n<meta property=\"og:url\" content=\"https:\/\/www.o2medicalnetwork.com\/en\/concentradores-de-oxigeno\/\" \/>\n<meta property=\"og:site_name\" content=\"Cl\u00ednica O2 Medical Network\" \/>\n<meta property=\"article:modified_time\" content=\"2021-04-05T22:30:45+00:00\" \/>\n<meta property=\"og:image\" content=\"https:\/\/www.o2medicalnetwork.com\/wp-content\/uploads\/2021\/04\/corona-5401250_640.jpg\" \/>\n\t<meta property=\"og:image:width\" content=\"640\" \/>\n\t<meta property=\"og:image:height\" content=\"427\" \/>\n\t<meta property=\"og:image:type\" content=\"image\/jpeg\" \/>\n<meta name=\"twitter:card\" content=\"summary_large_image\" \/>\n<meta name=\"twitter:label1\" content=\"Est. reading time\" \/>\n\t<meta name=\"twitter:data1\" content=\"1 minute\" \/>\n<script type=\"application\/ld+json\" class=\"yoast-schema-graph\">{\"@context\":\"https:\/\/schema.org\",\"@graph\":[{\"@type\":\"WebPage\",\"@id\":\"https:\/\/www.o2medicalnetwork.com\/concentradores-de-oxigeno\/\",\"url\":\"https:\/\/www.o2medicalnetwork.com\/concentradores-de-oxigeno\/\",\"name\":\"Concentradores de oxigeno - Cl\u00ednica O2 Medical Network\",\"isPartOf\":{\"@id\":\"https:\/\/www.o2medicalnetwork.com\/#website\"},\"primaryImageOfPage\":{\"@id\":\"https:\/\/www.o2medicalnetwork.com\/concentradores-de-oxigeno\/#primaryimage\"},\"image\":{\"@id\":\"https:\/\/www.o2medicalnetwork.com\/concentradores-de-oxigeno\/#primaryimage\"},\"thumbnailUrl\":\"https:\/\/www.o2medicalnetwork.com\/wp-content\/uploads\/2021\/04\/corona-5401250_640.jpg\",\"datePublished\":\"2021-04-05T22:25:20+00:00\",\"dateModified\":\"2021-04-05T22:30:45+00:00\",\"description\":\"En O2 contamos con concentradores de ox\u00edgeno que proporciona oxigenoterapia a los pacientes con problemas respiratorios y que haya contra\u00eddo el virus covid-19.\",\"breadcrumb\":{\"@id\":\"https:\/\/www.o2medicalnetwork.com\/concentradores-de-oxigeno\/#breadcrumb\"},\"inLanguage\":\"en-US\",\"potentialAction\":[{\"@type\":\"ReadAction\",\"target\":[\"https:\/\/www.o2medicalnetwork.com\/concentradores-de-oxigeno\/\"]}]},{\"@type\":\"ImageObject\",\"inLanguage\":\"en-US\",\"@id\":\"https:\/\/www.o2medicalnetwork.com\/concentradores-de-oxigeno\/#primaryimage\",\"url\":\"https:\/\/www.o2medicalnetwork.com\/wp-content\/uploads\/2021\/04\/corona-5401250_640.jpg\",\"contentUrl\":\"https:\/\/www.o2medicalnetwork.com\/wp-content\/uploads\/2021\/04\/corona-5401250_640.jpg\",\"width\":640,\"height\":427},{\"@type\":\"BreadcrumbList\",\"@id\":\"https:\/\/www.o2medicalnetwork.com\/concentradores-de-oxigeno\/#breadcrumb\",\"itemListElement\":[{\"@type\":\"ListItem\",\"position\":1,\"name\":\"Portada\",\"item\":\"https:\/\/www.o2medicalnetwork.com\/\"},{\"@type\":\"ListItem\",\"position\":2,\"name\":\"Concentradores de oxigeno\"}]},{\"@type\":\"WebSite\",\"@id\":\"https:\/\/www.o2medicalnetwork.com\/#website\",\"url\":\"https:\/\/www.o2medicalnetwork.com\/\",\"name\":\"Cl\u00ednica O2 Medical Network\",\"description\":\"Tu no estas solo\",\"potentialAction\":[{\"@type\":\"SearchAction\",\"target\":{\"@type\":\"EntryPoint\",\"urlTemplate\":\"https:\/\/www.o2medicalnetwork.com\/?s={search_term_string}\"},\"query-input\":{\"@type\":\"PropertyValueSpecification\",\"valueRequired\":true,\"valueName\":\"search_term_string\"}}],\"inLanguage\":\"en-US\"}]}<\/script>\n<!-- \/ Yoast SEO plugin. -->","yoast_head_json":{"title":"Concentradores de oxigeno - Cl\u00ednica O2 Medical Network","description":"En O2 contamos con concentradores de ox\u00edgeno que proporciona oxigenoterapia a los pacientes con problemas respiratorios y que haya contra\u00eddo el virus covid-19.","robots":{"index":"index","follow":"follow","max-snippet":"max-snippet:-1","max-image-preview":"max-image-preview:large","max-video-preview":"max-video-preview:-1"},"canonical":"https:\/\/www.o2medicalnetwork.com\/en\/concentradores-de-oxigeno\/","og_locale":"en_US","og_type":"article","og_title":"Concentradores de oxigeno - Cl\u00ednica O2 Medical Network","og_description":"En O2 contamos con concentradores de ox\u00edgeno que proporciona oxigenoterapia a los pacientes con problemas respiratorios y que haya contra\u00eddo el virus covid-19.","og_url":"https:\/\/www.o2medicalnetwork.com\/en\/concentradores-de-oxigeno\/","og_site_name":"Cl\u00ednica O2 Medical Network","article_modified_time":"2021-04-05T22:30:45+00:00","og_image":[{"width":640,"height":427,"url":"https:\/\/www.o2medicalnetwork.com\/wp-content\/uploads\/2021\/04\/corona-5401250_640.jpg","type":"image\/jpeg"}],"twitter_card":"summary_large_image","twitter_misc":{"Est. reading time":"1 minute"},"schema":{"@context":"https:\/\/schema.org","@graph":[{"@type":"WebPage","@id":"https:\/\/www.o2medicalnetwork.com\/concentradores-de-oxigeno\/","url":"https:\/\/www.o2medicalnetwork.com\/concentradores-de-oxigeno\/","name":"Concentradores de oxigeno - Cl\u00ednica O2 Medical Network","isPartOf":{"@id":"https:\/\/www.o2medicalnetwork.com\/#website"},"primaryImageOfPage":{"@id":"https:\/\/www.o2medicalnetwork.com\/concentradores-de-oxigeno\/#primaryimage"},"image":{"@id":"https:\/\/www.o2medicalnetwork.com\/concentradores-de-oxigeno\/#primaryimage"},"thumbnailUrl":"https:\/\/www.o2medicalnetwork.com\/wp-content\/uploads\/2021\/04\/corona-5401250_640.jpg","datePublished":"2021-04-05T22:25:20+00:00","dateModified":"2021-04-05T22:30:45+00:00","description":"En O2 contamos con concentradores de ox\u00edgeno que proporciona oxigenoterapia a los pacientes con problemas respiratorios y que haya contra\u00eddo el virus covid-19.","breadcrumb":{"@id":"https:\/\/www.o2medicalnetwork.com\/concentradores-de-oxigeno\/#breadcrumb"},"inLanguage":"en-US","potentialAction":[{"@type":"ReadAction","target":["https:\/\/www.o2medicalnetwork.com\/concentradores-de-oxigeno\/"]}]},{"@type":"ImageObject","inLanguage":"en-US","@id":"https:\/\/www.o2medicalnetwork.com\/concentradores-de-oxigeno\/#primaryimage","url":"https:\/\/www.o2medicalnetwork.com\/wp-content\/uploads\/2021\/04\/corona-5401250_640.jpg","contentUrl":"https:\/\/www.o2medicalnetwork.com\/wp-content\/uploads\/2021\/04\/corona-5401250_640.jpg","width":640,"height":427},{"@type":"BreadcrumbList","@id":"https:\/\/www.o2medicalnetwork.com\/concentradores-de-oxigeno\/#breadcrumb","itemListElement":[{"@type":"ListItem","position":1,"name":"Portada","item":"https:\/\/www.o2medicalnetwork.com\/"},{"@type":"ListItem","position":2,"name":"Concentradores de oxigeno"}]},{"@type":"WebSite","@id":"https:\/\/www.o2medicalnetwork.com\/#website","url":"https:\/\/www.o2medicalnetwork.com\/","name":"Cl\u00ednica O2 Medical Network","description":"Tu no estas solo","potentialAction":[{"@type":"SearchAction","target":{"@type":"EntryPoint","urlTemplate":"https:\/\/www.o2medicalnetwork.com\/?s={search_term_string}"},"query-input":{"@type":"PropertyValueSpecification","valueRequired":true,"valueName":"search_term_string"}}],"inLanguage":"en-US"}]}},"_links":{"self":[{"href":"https:\/\/www.o2medicalnetwork.com\/en\/wp-json\/wp\/v2\/pages\/9633","targetHints":{"allow":["GET"]}}],"collection":[{"href":"https:\/\/www.o2medicalnetwork.com\/en\/wp-json\/wp\/v2\/pages"}],"about":[{"href":"https:\/\/www.o2medicalnetwork.com\/en\/wp-json\/wp\/v2\/types\/page"}],"author":[{"embeddable":true,"href":"https:\/\/www.o2medicalnetwork.com\/en\/wp-json\/wp\/v2\/users\/1"}],"replies":[{"embeddable":true,"href":"https:\/\/www.o2medicalnetwork.com\/en\/wp-json\/wp\/v2\/comments?post=9633"}],"version-history":[{"count":4,"href":"https:\/\/www.o2medicalnetwork.com\/en\/wp-json\/wp\/v2\/pages\/9633\/revisions"}],"predecessor-version":[{"id":9641,"href":"https:\/\/www.o2medicalnetwork.com\/en\/wp-json\/wp\/v2\/pages\/9633\/revisions\/9641"}],"wp:featuredmedia":[{"embeddable":true,"href":"https:\/\/www.o2medicalnetwork.com\/en\/wp-json\/wp\/v2\/media\/9639"}],"wp:attachment":[{"href":"https:\/\/www.o2medicalnetwork.com\/en\/wp-json\/wp\/v2\/media?parent=9633"}],"curies":[{"name":"wp","href":"https:\/\/api.w.org\/{rel}","templated":true}]}}