{"id":9617,"date":"2021-04-05T17:07:13","date_gmt":"2021-04-05T22:07:13","guid":{"rendered":"https:\/\/www.o2medicalnetwork.com\/?page_id=9617"},"modified":"2021-04-05T17:15:10","modified_gmt":"2021-04-05T22:15:10","slug":"canula-nasal-de-alto-flujo","status":"publish","type":"page","link":"https:\/\/www.o2medicalnetwork.com\/en\/canula-nasal-de-alto-flujo\/","title":{"rendered":"C\u00e1nula nasal de alto flujo"},"content":{"rendered":"<div data-elementor-type=\"wp-page\" data-elementor-id=\"9617\" class=\"elementor elementor-9617\" data-elementor-post-type=\"page\">\n\t\t\t\t\t\t<section class=\"elementor-section elementor-top-section elementor-element elementor-element-ecc59a6 elementor-section-boxed elementor-section-height-default elementor-section-height-default\" data-id=\"ecc59a6\" data-element_type=\"section\">\n\t\t\t\t\t\t<div class=\"elementor-container elementor-column-gap-default\">\n\t\t\t\t\t<div class=\"elementor-column elementor-col-100 elementor-top-column elementor-element elementor-element-fcef6ff\" data-id=\"fcef6ff\" data-element_type=\"column\">\n\t\t\t<div class=\"elementor-widget-wrap elementor-element-populated\">\n\t\t\t\t\t\t<div class=\"elementor-element elementor-element-9033210 elementor-widget elementor-widget-heading\" data-id=\"9033210\" data-element_type=\"widget\" data-widget_type=\"heading.default\">\n\t\t\t\t<div class=\"elementor-widget-container\">\n\t\t\t<h2 class=\"elementor-heading-title elementor-size-default\">C\u00e1nula nasal de alto flujo<\/h2>\t\t<\/div>\n\t\t\t\t<\/div>\n\t\t\t\t\t<\/div>\n\t\t<\/div>\n\t\t\t\t\t<\/div>\n\t\t<\/section>\n\t\t\t\t<section class=\"elementor-section elementor-top-section elementor-element elementor-element-e614c31 elementor-section-boxed elementor-section-height-default elementor-section-height-default\" data-id=\"e614c31\" data-element_type=\"section\">\n\t\t\t\t\t\t<div class=\"elementor-container elementor-column-gap-default\">\n\t\t\t\t\t<div class=\"elementor-column elementor-col-100 elementor-top-column elementor-element elementor-element-297d0a0\" data-id=\"297d0a0\" data-element_type=\"column\">\n\t\t\t<div class=\"elementor-widget-wrap elementor-element-populated\">\n\t\t\t\t\t\t<div class=\"elementor-element elementor-element-22390d8 elementor-widget elementor-widget-text-editor\" data-id=\"22390d8\" data-element_type=\"widget\" data-widget_type=\"text-editor.default\">\n\t\t\t\t<div class=\"elementor-widget-container\">\n\t\t\t\t\t\t\t<p style=\"text-align: justify;\"><span style=\"font-weight: 400;\"><img fetchpriority=\"high\" decoding=\"async\" class=\"size-medium wp-image-9619 alignright\" src=\"https:\/\/www.o2medicalnetwork.com\/wp-content\/uploads\/2021\/04\/347px-Nasalprongs-217x300.jpg\" alt=\"\" width=\"217\" height=\"300\" srcset=\"https:\/\/www.o2medicalnetwork.com\/wp-content\/uploads\/2021\/04\/347px-Nasalprongs-217x300.jpg 217w, https:\/\/www.o2medicalnetwork.com\/wp-content\/uploads\/2021\/04\/347px-Nasalprongs.jpg 347w\" sizes=\"(max-width: 217px) 100vw, 217px\" \/>La insuficiencia respiratoria aguda (neumon\u00eda) causada por el covid-19, compromete la oxigenaci\u00f3n adecuada del cuerpo humano. La oxigenoterapia de alto flujo surge como una alternativa a la oxigenoterapia convencional en pacientes con insuficiencia respiratoria aguda.<\/span><\/p><p style=\"text-align: justify;\"><span style=\"font-weight: 400;\">La oxigenoterapia de alto flujo consiste en la aplicaci\u00f3n de un flujo de gas de hasta 60 L\/min mediante c\u00e1nulas nasales. El gas inspirado se encuentra en la temperatura adecuada y correctamente humidificado.<\/span><\/p><p style=\"text-align: justify;\"><span style=\"font-weight: 400;\">If you wish to request health care for issues not related to Covid-19, our clinics and sites will attend you under all biosecurity protocols to minimize the risk of contagion.\u00a0<\/span><\/p><p style=\"text-align: justify;\"><span style=\"font-weight: 400;\">If you have symptoms or know someone who needs care, contact us so we can help you.\u00a0<\/span><\/p><p style=\"text-align: justify;\"><span style=\"font-weight: 400;\">For this and much more, O2 reminds you that you are not alone!<\/span><\/p>\t\t\t\t\t\t<\/div>\n\t\t\t\t<\/div>\n\t\t\t\t\t<\/div>\n\t\t<\/div>\n\t\t\t\t\t<\/div>\n\t\t<\/section>\n\t\t\t\t<section class=\"elementor-section elementor-top-section elementor-element elementor-element-6dbce08 elementor-section-boxed elementor-section-height-default elementor-section-height-default\" data-id=\"6dbce08\" data-element_type=\"section\">\n\t\t\t\t\t\t<div class=\"elementor-container elementor-column-gap-default\">\n\t\t\t\t\t<div class=\"elementor-column elementor-col-100 elementor-top-column elementor-element elementor-element-a3a77ce\" data-id=\"a3a77ce\" data-element_type=\"column\">\n\t\t\t<div class=\"elementor-widget-wrap elementor-element-populated\">\n\t\t\t\t\t\t<div class=\"elementor-element elementor-element-3c473a4 elementor-widget elementor-widget-text-editor\" data-id=\"3c473a4\" data-element_type=\"widget\" data-widget_type=\"text-editor.default\">\n\t\t\t\t<div class=\"elementor-widget-container\">\n\t\t\t\t\t\t\t<p style=\"text-align: justify;\"><span style=\"font-weight: 400;\"> Calle Bellavista C-11, Residencial Huancaro &#8211; Cusco:<\/span><a href=\"https:\/\/bit.ly\/direcciono2?fbclid=IwAR162SeEBtrM6fDHQoBMgFIN3puGZRV_XPuneDYWBvNoA_6Ra6Jzy9wOD7I\"> <span style=\"font-weight: 400;\">https:\/\/bit.ly\/direcciono2<\/span><\/a><\/p><p style=\"text-align: justify;\"><span style=\"font-weight: 400;\"> WhatsApp:<\/span><a href=\"https:\/\/bit.ly\/clinicao2chat?fbclid=IwAR0kNMXg4TD1V6P6SLCtMNk-sHpMeesk05vWGViBS4pKvRGVhz-2GZgwcvk\"> <span style=\"font-weight: 400;\">https:\/\/bit.ly\/clinicao2chat<\/span><\/a><\/p><p style=\"text-align: justify;\"><span style=\"font-weight: 400;\"> Facebook Messenger<\/span><a href=\"https:\/\/bit.ly\/Messengero2c?fbclid=IwAR0Df_rWlwoCTbKRmpxjbB2fRssHSefV4sq3X0re7mkTR9zjg5hpyTgrT-k\"> <span style=\"font-weight: 400;\">https:\/\/bit.ly\/Messengero2c<\/span><\/a><\/p><p style=\"text-align: justify;\"><span style=\"font-weight: 400;\">Telemedicina:<\/span><a href=\"https:\/\/bit.ly\/telemedo2?fbclid=IwAR1cxZ6VfSK0lp-8QMbiD8JiNfa0n_40O1eUbvWPDiwz1wMWUMWXo8xfNpU\"> <span style=\"font-weight: 400;\">https:\/\/bit.ly\/telemedo2<\/span><\/a><\/p><p style=\"text-align: justify;\"><span style=\"font-weight: 400;\">Tienda virtual:<\/span><a href=\"https:\/\/bit.ly\/31ZJSEN?fbclid=IwAR2b3D_y_7uwPI3kbSxAckLhrdFesRfI1hL56CkbSTiVq3QstVJEW6uzU0A\"> <span style=\"font-weight: 400;\">https:\/\/bit.ly\/31ZJSEN<\/span><\/a><\/p><p style=\"text-align: justify;\"><span style=\"font-weight: 400;\"> Cont\u00e1ctanos: Chat en vivo <\/span><a href=\"http:\/\/www.o2medicalnetwork.com\/en\/?fbclid=IwAR2b3D_y_7uwPI3kbSxAckLhrdFesRfI1hL56CkbSTiVq3QstVJEW6uzU0A\"> <span style=\"font-weight: 400;\">http:\/\/www.o2medicalnetwork.com\/<\/span><\/a><\/p><p style=\"text-align: justify;\"><span style=\"font-weight: 400;\"> Instagram:<\/span><a href=\"https:\/\/www.instagram.com\/o2medicalnetwork?fbclid=IwAR3gmNFhN81Od4rb2QEQKVNEyrESYv_bIxwxWQOD5mt7UPom6X_Vj049Cl8\"> <span style=\"font-weight: 400;\">https:\/\/www.instagram.com\/o2medicalnetwork<\/span><\/a><\/p>\t\t\t\t\t\t<\/div>\n\t\t\t\t<\/div>\n\t\t\t\t\t<\/div>\n\t\t<\/div>\n\t\t\t\t\t<\/div>\n\t\t<\/section>\n\t\t\t\t<\/div>","protected":false},"excerpt":{"rendered":"<p>C\u00e1nula nasal de alto flujo La insuficiencia respiratoria aguda (neumon\u00eda) causada por el covid-19, compromete la oxigenaci\u00f3n adecuada del cuerpo humano. La oxigenoterapia de alto flujo surge como una alternativa a la oxigenoterapia convencional en pacientes con insuficiencia respiratoria aguda. La oxigenoterapia de alto flujo consiste en la aplicaci\u00f3n de un flujo de gas de &hellip;<\/p>","protected":false},"author":1,"featured_media":9623,"parent":0,"menu_order":0,"comment_status":"closed","ping_status":"closed","template":"","meta":{"content-type":"","footnotes":""},"class_list":["post-9617","page","type-page","status-publish","has-post-thumbnail","hentry","has-thumb"],"yoast_head":"<!-- This site is optimized with the Yoast SEO plugin v25.8 - https:\/\/yoast.com\/wordpress\/plugins\/seo\/ -->\n<title>C\u00e1nula nasal de alto flujo - Cl\u00ednica O2 Medical Network<\/title>\n<meta name=\"description\" content=\"La oxigenoterapia de alto flujo surge como una alternativa a la oxigenoterapia convencional en pacientes con insuficiencia respiratoria aguda.\" \/>\n<meta name=\"robots\" content=\"index, follow, max-snippet:-1, max-image-preview:large, max-video-preview:-1\" \/>\n<link rel=\"canonical\" href=\"https:\/\/www.o2medicalnetwork.com\/en\/canula-nasal-de-alto-flujo\/\" \/>\n<meta property=\"og:locale\" content=\"en_US\" \/>\n<meta property=\"og:type\" content=\"article\" \/>\n<meta property=\"og:title\" content=\"C\u00e1nula nasal de alto flujo - Cl\u00ednica O2 Medical Network\" \/>\n<meta property=\"og:description\" content=\"La oxigenoterapia de alto flujo surge como una alternativa a la oxigenoterapia convencional en pacientes con insuficiencia respiratoria aguda.\" \/>\n<meta property=\"og:url\" content=\"https:\/\/www.o2medicalnetwork.com\/en\/canula-nasal-de-alto-flujo\/\" \/>\n<meta property=\"og:site_name\" content=\"Cl\u00ednica O2 Medical Network\" \/>\n<meta property=\"article:modified_time\" content=\"2021-04-05T22:15:10+00:00\" \/>\n<meta property=\"og:image\" content=\"https:\/\/www.o2medicalnetwork.com\/wp-content\/uploads\/2021\/04\/baby-1531059_640.jpg\" \/>\n\t<meta property=\"og:image:width\" content=\"280\" \/>\n\t<meta property=\"og:image:height\" content=\"360\" \/>\n\t<meta property=\"og:image:type\" content=\"image\/jpeg\" \/>\n<meta name=\"twitter:card\" content=\"summary_large_image\" \/>\n<meta name=\"twitter:label1\" content=\"Est. reading time\" \/>\n\t<meta name=\"twitter:data1\" content=\"1 minute\" \/>\n<script type=\"application\/ld+json\" class=\"yoast-schema-graph\">{\"@context\":\"https:\/\/schema.org\",\"@graph\":[{\"@type\":\"WebPage\",\"@id\":\"https:\/\/www.o2medicalnetwork.com\/canula-nasal-de-alto-flujo\/\",\"url\":\"https:\/\/www.o2medicalnetwork.com\/canula-nasal-de-alto-flujo\/\",\"name\":\"C\u00e1nula nasal de alto flujo - Cl\u00ednica O2 Medical Network\",\"isPartOf\":{\"@id\":\"https:\/\/www.o2medicalnetwork.com\/#website\"},\"primaryImageOfPage\":{\"@id\":\"https:\/\/www.o2medicalnetwork.com\/canula-nasal-de-alto-flujo\/#primaryimage\"},\"image\":{\"@id\":\"https:\/\/www.o2medicalnetwork.com\/canula-nasal-de-alto-flujo\/#primaryimage\"},\"thumbnailUrl\":\"https:\/\/www.o2medicalnetwork.com\/wp-content\/uploads\/2021\/04\/baby-1531059_640.jpg\",\"datePublished\":\"2021-04-05T22:07:13+00:00\",\"dateModified\":\"2021-04-05T22:15:10+00:00\",\"description\":\"La oxigenoterapia de alto flujo surge como una alternativa a la oxigenoterapia convencional en pacientes con insuficiencia respiratoria aguda.\",\"breadcrumb\":{\"@id\":\"https:\/\/www.o2medicalnetwork.com\/canula-nasal-de-alto-flujo\/#breadcrumb\"},\"inLanguage\":\"en-US\",\"potentialAction\":[{\"@type\":\"ReadAction\",\"target\":[\"https:\/\/www.o2medicalnetwork.com\/canula-nasal-de-alto-flujo\/\"]}]},{\"@type\":\"ImageObject\",\"inLanguage\":\"en-US\",\"@id\":\"https:\/\/www.o2medicalnetwork.com\/canula-nasal-de-alto-flujo\/#primaryimage\",\"url\":\"https:\/\/www.o2medicalnetwork.com\/wp-content\/uploads\/2021\/04\/baby-1531059_640.jpg\",\"contentUrl\":\"https:\/\/www.o2medicalnetwork.com\/wp-content\/uploads\/2021\/04\/baby-1531059_640.jpg\",\"width\":280,\"height\":360},{\"@type\":\"BreadcrumbList\",\"@id\":\"https:\/\/www.o2medicalnetwork.com\/canula-nasal-de-alto-flujo\/#breadcrumb\",\"itemListElement\":[{\"@type\":\"ListItem\",\"position\":1,\"name\":\"Portada\",\"item\":\"https:\/\/www.o2medicalnetwork.com\/\"},{\"@type\":\"ListItem\",\"position\":2,\"name\":\"C\u00e1nula nasal de alto flujo\"}]},{\"@type\":\"WebSite\",\"@id\":\"https:\/\/www.o2medicalnetwork.com\/#website\",\"url\":\"https:\/\/www.o2medicalnetwork.com\/\",\"name\":\"Cl\u00ednica O2 Medical Network\",\"description\":\"Tu no estas solo\",\"potentialAction\":[{\"@type\":\"SearchAction\",\"target\":{\"@type\":\"EntryPoint\",\"urlTemplate\":\"https:\/\/www.o2medicalnetwork.com\/?s={search_term_string}\"},\"query-input\":{\"@type\":\"PropertyValueSpecification\",\"valueRequired\":true,\"valueName\":\"search_term_string\"}}],\"inLanguage\":\"en-US\"}]}<\/script>\n<!-- \/ Yoast SEO plugin. -->","yoast_head_json":{"title":"C\u00e1nula nasal de alto flujo - Cl\u00ednica O2 Medical Network","description":"La oxigenoterapia de alto flujo surge como una alternativa a la oxigenoterapia convencional en pacientes con insuficiencia respiratoria aguda.","robots":{"index":"index","follow":"follow","max-snippet":"max-snippet:-1","max-image-preview":"max-image-preview:large","max-video-preview":"max-video-preview:-1"},"canonical":"https:\/\/www.o2medicalnetwork.com\/en\/canula-nasal-de-alto-flujo\/","og_locale":"en_US","og_type":"article","og_title":"C\u00e1nula nasal de alto flujo - Cl\u00ednica O2 Medical Network","og_description":"La oxigenoterapia de alto flujo surge como una alternativa a la oxigenoterapia convencional en pacientes con insuficiencia respiratoria aguda.","og_url":"https:\/\/www.o2medicalnetwork.com\/en\/canula-nasal-de-alto-flujo\/","og_site_name":"Cl\u00ednica O2 Medical Network","article_modified_time":"2021-04-05T22:15:10+00:00","og_image":[{"width":280,"height":360,"url":"https:\/\/www.o2medicalnetwork.com\/wp-content\/uploads\/2021\/04\/baby-1531059_640.jpg","type":"image\/jpeg"}],"twitter_card":"summary_large_image","twitter_misc":{"Est. reading time":"1 minute"},"schema":{"@context":"https:\/\/schema.org","@graph":[{"@type":"WebPage","@id":"https:\/\/www.o2medicalnetwork.com\/canula-nasal-de-alto-flujo\/","url":"https:\/\/www.o2medicalnetwork.com\/canula-nasal-de-alto-flujo\/","name":"C\u00e1nula nasal de alto flujo - Cl\u00ednica O2 Medical Network","isPartOf":{"@id":"https:\/\/www.o2medicalnetwork.com\/#website"},"primaryImageOfPage":{"@id":"https:\/\/www.o2medicalnetwork.com\/canula-nasal-de-alto-flujo\/#primaryimage"},"image":{"@id":"https:\/\/www.o2medicalnetwork.com\/canula-nasal-de-alto-flujo\/#primaryimage"},"thumbnailUrl":"https:\/\/www.o2medicalnetwork.com\/wp-content\/uploads\/2021\/04\/baby-1531059_640.jpg","datePublished":"2021-04-05T22:07:13+00:00","dateModified":"2021-04-05T22:15:10+00:00","description":"La oxigenoterapia de alto flujo surge como una alternativa a la oxigenoterapia convencional en pacientes con insuficiencia respiratoria aguda.","breadcrumb":{"@id":"https:\/\/www.o2medicalnetwork.com\/canula-nasal-de-alto-flujo\/#breadcrumb"},"inLanguage":"en-US","potentialAction":[{"@type":"ReadAction","target":["https:\/\/www.o2medicalnetwork.com\/canula-nasal-de-alto-flujo\/"]}]},{"@type":"ImageObject","inLanguage":"en-US","@id":"https:\/\/www.o2medicalnetwork.com\/canula-nasal-de-alto-flujo\/#primaryimage","url":"https:\/\/www.o2medicalnetwork.com\/wp-content\/uploads\/2021\/04\/baby-1531059_640.jpg","contentUrl":"https:\/\/www.o2medicalnetwork.com\/wp-content\/uploads\/2021\/04\/baby-1531059_640.jpg","width":280,"height":360},{"@type":"BreadcrumbList","@id":"https:\/\/www.o2medicalnetwork.com\/canula-nasal-de-alto-flujo\/#breadcrumb","itemListElement":[{"@type":"ListItem","position":1,"name":"Portada","item":"https:\/\/www.o2medicalnetwork.com\/"},{"@type":"ListItem","position":2,"name":"C\u00e1nula nasal de alto flujo"}]},{"@type":"WebSite","@id":"https:\/\/www.o2medicalnetwork.com\/#website","url":"https:\/\/www.o2medicalnetwork.com\/","name":"Cl\u00ednica O2 Medical Network","description":"Tu no estas solo","potentialAction":[{"@type":"SearchAction","target":{"@type":"EntryPoint","urlTemplate":"https:\/\/www.o2medicalnetwork.com\/?s={search_term_string}"},"query-input":{"@type":"PropertyValueSpecification","valueRequired":true,"valueName":"search_term_string"}}],"inLanguage":"en-US"}]}},"_links":{"self":[{"href":"https:\/\/www.o2medicalnetwork.com\/en\/wp-json\/wp\/v2\/pages\/9617","targetHints":{"allow":["GET"]}}],"collection":[{"href":"https:\/\/www.o2medicalnetwork.com\/en\/wp-json\/wp\/v2\/pages"}],"about":[{"href":"https:\/\/www.o2medicalnetwork.com\/en\/wp-json\/wp\/v2\/types\/page"}],"author":[{"embeddable":true,"href":"https:\/\/www.o2medicalnetwork.com\/en\/wp-json\/wp\/v2\/users\/1"}],"replies":[{"embeddable":true,"href":"https:\/\/www.o2medicalnetwork.com\/en\/wp-json\/wp\/v2\/comments?post=9617"}],"version-history":[{"count":4,"href":"https:\/\/www.o2medicalnetwork.com\/en\/wp-json\/wp\/v2\/pages\/9617\/revisions"}],"predecessor-version":[{"id":9622,"href":"https:\/\/www.o2medicalnetwork.com\/en\/wp-json\/wp\/v2\/pages\/9617\/revisions\/9622"}],"wp:featuredmedia":[{"embeddable":true,"href":"https:\/\/www.o2medicalnetwork.com\/en\/wp-json\/wp\/v2\/media\/9623"}],"wp:attachment":[{"href":"https:\/\/www.o2medicalnetwork.com\/en\/wp-json\/wp\/v2\/media?parent=9617"}],"curies":[{"name":"wp","href":"https:\/\/api.w.org\/{rel}","templated":true}]}}