{"id":9268,"date":"2021-03-16T23:37:14","date_gmt":"2021-03-17T04:37:14","guid":{"rendered":"https:\/\/www.o2medicalnetwork.com\/?page_id=9268"},"modified":"2021-11-19T18:59:55","modified_gmt":"2021-11-19T23:59:55","slug":"nutricion","status":"publish","type":"page","link":"https:\/\/www.o2medicalnetwork.com\/en\/nutricion\/","title":{"rendered":"Nutrition"},"content":{"rendered":"<div data-elementor-type=\"wp-page\" data-elementor-id=\"9268\" class=\"elementor elementor-9268\" data-elementor-post-type=\"page\">\n\t\t\t\t\t\t<section class=\"elementor-section elementor-top-section elementor-element elementor-element-1523fac7 elementor-section-height-min-height elementor-section-content-middle elementor-section-items-top elementor-section-boxed elementor-section-height-default\" data-id=\"1523fac7\" data-element_type=\"section\" data-settings=\"{&quot;background_background&quot;:&quot;classic&quot;}\">\n\t\t\t\t\t\t\t<div class=\"elementor-background-overlay\"><\/div>\n\t\t\t\t\t\t\t<div class=\"elementor-container elementor-column-gap-wider\">\n\t\t\t\t\t<div class=\"elementor-column elementor-col-100 elementor-top-column elementor-element elementor-element-6a4bbf60\" data-id=\"6a4bbf60\" data-element_type=\"column\">\n\t\t\t<div class=\"elementor-widget-wrap\">\n\t\t\t\t\t\t\t<\/div>\n\t\t<\/div>\n\t\t\t\t\t<\/div>\n\t\t<\/section>\n\t\t\t\t<section class=\"elementor-section elementor-top-section elementor-element elementor-element-7d9895a3 elementor-section-height-min-height elementor-section-boxed elementor-section-height-default elementor-section-items-middle\" data-id=\"7d9895a3\" data-element_type=\"section\">\n\t\t\t\t\t\t<div class=\"elementor-container elementor-column-gap-default\">\n\t\t\t\t\t<div class=\"elementor-column elementor-col-50 elementor-top-column elementor-element elementor-element-69258a78\" data-id=\"69258a78\" data-element_type=\"column\">\n\t\t\t<div class=\"elementor-widget-wrap elementor-element-populated\">\n\t\t\t\t\t\t<div class=\"elementor-element elementor-element-42af947e elementor-widget elementor-widget-text-editor\" data-id=\"42af947e\" data-element_type=\"widget\" data-widget_type=\"text-editor.default\">\n\t\t\t\t<div class=\"elementor-widget-container\">\n\t\t\t\t\t\t\t<h2><b>Nutrition<\/b><\/h2><p style=\"text-align: justify;\"><span style=\"font-weight: 400;\">Currently, this branch is used as a tool to improve the quality of life of people, besides being a support in the growth, development and prevention of diseases during all stages of your life. This specialty evaluates weight, height, measurements, body fat, muscle mass,in order to improve your health through good nutrition, based on the consumption of food according to the needs of each organism.<\/span><\/p><p>\u00a0<\/p>\t\t\t\t\t\t<\/div>\n\t\t\t\t<\/div>\n\t\t\t\t\t<\/div>\n\t\t<\/div>\n\t\t\t\t<div class=\"elementor-column elementor-col-50 elementor-top-column elementor-element elementor-element-34e69b50\" data-id=\"34e69b50\" data-element_type=\"column\">\n\t\t\t<div class=\"elementor-widget-wrap elementor-element-populated\">\n\t\t\t\t\t\t<div class=\"elementor-element elementor-element-1c86a391 elementor-widget elementor-widget-image\" data-id=\"1c86a391\" data-element_type=\"widget\" data-widget_type=\"image.default\">\n\t\t\t\t<div class=\"elementor-widget-container\">\n\t\t\t\t\t\t\t\t\t\t\t\t\t<img fetchpriority=\"high\" decoding=\"async\" width=\"418\" height=\"315\" src=\"https:\/\/www.o2medicalnetwork.com\/wp-content\/uploads\/2021\/03\/pexels-pixabay-255501-418x315.jpg\" class=\"attachment-post-thumbnail size-post-thumbnail wp-image-9273\" alt=\"\" srcset=\"https:\/\/www.o2medicalnetwork.com\/wp-content\/uploads\/2021\/03\/pexels-pixabay-255501-418x315.jpg 418w, https:\/\/www.o2medicalnetwork.com\/wp-content\/uploads\/2021\/03\/pexels-pixabay-255501-295x222.jpg 295w, https:\/\/www.o2medicalnetwork.com\/wp-content\/uploads\/2021\/03\/pexels-pixabay-255501-400x300.jpg 400w\" sizes=\"(max-width: 418px) 100vw, 418px\" \/>\t\t\t\t\t\t\t\t\t\t\t\t\t<\/div>\n\t\t\t\t<\/div>\n\t\t\t\t\t<\/div>\n\t\t<\/div>\n\t\t\t\t\t<\/div>\n\t\t<\/section>\n\t\t\t\t<section class=\"elementor-section elementor-top-section elementor-element elementor-element-4812b200 elementor-section-boxed elementor-section-height-default elementor-section-height-default\" data-id=\"4812b200\" data-element_type=\"section\">\n\t\t\t\t\t\t<div class=\"elementor-container elementor-column-gap-default\">\n\t\t\t\t\t<div class=\"elementor-column elementor-col-100 elementor-top-column elementor-element elementor-element-2af60026\" data-id=\"2af60026\" data-element_type=\"column\">\n\t\t\t<div class=\"elementor-widget-wrap elementor-element-populated\">\n\t\t\t\t\t\t<div class=\"elementor-element elementor-element-bac2d4f elementor-widget elementor-widget-heading\" data-id=\"bac2d4f\" data-element_type=\"widget\" data-widget_type=\"heading.default\">\n\t\t\t\t<div class=\"elementor-widget-container\">\n\t\t\t<h2 class=\"elementor-heading-title elementor-size-default\">When should I go to the nutritionist?<\/h2>\t\t<\/div>\n\t\t\t\t<\/div>\n\t\t\t\t\t<\/div>\n\t\t<\/div>\n\t\t\t\t\t<\/div>\n\t\t<\/section>\n\t\t\t\t<section class=\"elementor-section elementor-top-section elementor-element elementor-element-6a874c1b elementor-section-boxed elementor-section-height-default elementor-section-height-default\" data-id=\"6a874c1b\" data-element_type=\"section\">\n\t\t\t\t\t\t<div class=\"elementor-container elementor-column-gap-default\">\n\t\t\t\t\t<div class=\"elementor-column elementor-col-33 elementor-top-column elementor-element elementor-element-2daf481f\" data-id=\"2daf481f\" data-element_type=\"column\">\n\t\t\t<div class=\"elementor-widget-wrap elementor-element-populated\">\n\t\t\t\t\t\t<section class=\"elementor-section elementor-inner-section elementor-element elementor-element-4c61501f elementor-section-boxed elementor-section-height-default elementor-section-height-default\" data-id=\"4c61501f\" data-element_type=\"section\">\n\t\t\t\t\t\t<div class=\"elementor-container elementor-column-gap-default\">\n\t\t\t\t\t<div class=\"elementor-column elementor-col-100 elementor-inner-column elementor-element elementor-element-10d2614f\" data-id=\"10d2614f\" data-element_type=\"column\">\n\t\t\t<div class=\"elementor-widget-wrap elementor-element-populated\">\n\t\t\t\t\t\t<div class=\"elementor-element elementor-element-43f27e59 elementor-widget elementor-widget-text-editor\" data-id=\"43f27e59\" data-element_type=\"widget\" data-widget_type=\"text-editor.default\">\n\t\t\t\t<div class=\"elementor-widget-container\">\n\t\t\t\t\t\t\t<ul><li style=\"text-align: justify;\"><span style=\"font-weight: 400;\">When you want to gain or lose weight.<\/span><\/li><\/ul>\t\t\t\t\t\t<\/div>\n\t\t\t\t<\/div>\n\t\t\t\t<div class=\"elementor-element elementor-element-456cf3d9 elementor-widget elementor-widget-image\" data-id=\"456cf3d9\" data-element_type=\"widget\" data-widget_type=\"image.default\">\n\t\t\t\t<div class=\"elementor-widget-container\">\n\t\t\t\t\t\t\t\t\t\t\t\t\t<img decoding=\"async\" width=\"270\" height=\"270\" src=\"https:\/\/www.o2medicalnetwork.com\/wp-content\/uploads\/2021\/03\/pexels-pixabay-53404-270x270.jpg\" class=\"attachment-beclinic-thumb-sm size-beclinic-thumb-sm wp-image-9271\" alt=\"\" srcset=\"https:\/\/www.o2medicalnetwork.com\/wp-content\/uploads\/2021\/03\/pexels-pixabay-53404-270x270.jpg 270w, https:\/\/www.o2medicalnetwork.com\/wp-content\/uploads\/2021\/03\/pexels-pixabay-53404-150x150.jpg 150w, https:\/\/www.o2medicalnetwork.com\/wp-content\/uploads\/2021\/03\/pexels-pixabay-53404-400x400.jpg 400w, https:\/\/www.o2medicalnetwork.com\/wp-content\/uploads\/2021\/03\/pexels-pixabay-53404-300x300.jpg 300w, https:\/\/www.o2medicalnetwork.com\/wp-content\/uploads\/2021\/03\/pexels-pixabay-53404-100x100.jpg 100w, https:\/\/www.o2medicalnetwork.com\/wp-content\/uploads\/2021\/03\/pexels-pixabay-53404-286x286.jpg 286w\" sizes=\"(max-width: 270px) 100vw, 270px\" \/>\t\t\t\t\t\t\t\t\t\t\t\t\t<\/div>\n\t\t\t\t<\/div>\n\t\t\t\t\t<\/div>\n\t\t<\/div>\n\t\t\t\t\t<\/div>\n\t\t<\/section>\n\t\t\t\t\t<\/div>\n\t\t<\/div>\n\t\t\t\t<div class=\"elementor-column elementor-col-33 elementor-top-column elementor-element elementor-element-615dfafd\" data-id=\"615dfafd\" data-element_type=\"column\">\n\t\t\t<div class=\"elementor-widget-wrap elementor-element-populated\">\n\t\t\t\t\t\t<section class=\"elementor-section elementor-inner-section elementor-element elementor-element-7a00b9a7 elementor-section-boxed elementor-section-height-default elementor-section-height-default\" data-id=\"7a00b9a7\" data-element_type=\"section\">\n\t\t\t\t\t\t<div class=\"elementor-container elementor-column-gap-default\">\n\t\t\t\t\t<div class=\"elementor-column elementor-col-100 elementor-inner-column elementor-element elementor-element-428d8ab7\" data-id=\"428d8ab7\" data-element_type=\"column\">\n\t\t\t<div class=\"elementor-widget-wrap elementor-element-populated\">\n\t\t\t\t\t\t<div class=\"elementor-element elementor-element-7f9cc1c2 elementor-widget elementor-widget-text-editor\" data-id=\"7f9cc1c2\" data-element_type=\"widget\" data-widget_type=\"text-editor.default\">\n\t\t\t\t<div class=\"elementor-widget-container\">\n\t\t\t\t\t\t\t<ul><li style=\"text-align: justify;\"><span style=\"font-weight: 400;\">If you have a history of cardiovascular disease.<\/span><\/li><\/ul>\t\t\t\t\t\t<\/div>\n\t\t\t\t<\/div>\n\t\t\t\t<div class=\"elementor-element elementor-element-5c409ca4 elementor-widget elementor-widget-image\" data-id=\"5c409ca4\" data-element_type=\"widget\" data-widget_type=\"image.default\">\n\t\t\t\t<div class=\"elementor-widget-container\">\n\t\t\t\t\t\t\t\t\t\t\t\t\t<img decoding=\"async\" width=\"270\" height=\"270\" src=\"https:\/\/www.o2medicalnetwork.com\/wp-content\/uploads\/2021\/03\/pexels-designecologist-887349-270x270.jpg\" class=\"attachment-beclinic-thumb-sm size-beclinic-thumb-sm wp-image-9272\" alt=\"\" srcset=\"https:\/\/www.o2medicalnetwork.com\/wp-content\/uploads\/2021\/03\/pexels-designecologist-887349-270x270.jpg 270w, https:\/\/www.o2medicalnetwork.com\/wp-content\/uploads\/2021\/03\/pexels-designecologist-887349-150x150.jpg 150w, https:\/\/www.o2medicalnetwork.com\/wp-content\/uploads\/2021\/03\/pexels-designecologist-887349-400x400.jpg 400w, https:\/\/www.o2medicalnetwork.com\/wp-content\/uploads\/2021\/03\/pexels-designecologist-887349-300x300.jpg 300w, https:\/\/www.o2medicalnetwork.com\/wp-content\/uploads\/2021\/03\/pexels-designecologist-887349-100x100.jpg 100w, https:\/\/www.o2medicalnetwork.com\/wp-content\/uploads\/2021\/03\/pexels-designecologist-887349-286x286.jpg 286w\" sizes=\"(max-width: 270px) 100vw, 270px\" \/>\t\t\t\t\t\t\t\t\t\t\t\t\t<\/div>\n\t\t\t\t<\/div>\n\t\t\t\t\t<\/div>\n\t\t<\/div>\n\t\t\t\t\t<\/div>\n\t\t<\/section>\n\t\t\t\t\t<\/div>\n\t\t<\/div>\n\t\t\t\t<div class=\"elementor-column elementor-col-33 elementor-top-column elementor-element elementor-element-397d4ce9\" data-id=\"397d4ce9\" data-element_type=\"column\">\n\t\t\t<div class=\"elementor-widget-wrap elementor-element-populated\">\n\t\t\t\t\t\t<section class=\"elementor-section elementor-inner-section elementor-element elementor-element-bfc9e6a elementor-section-boxed elementor-section-height-default elementor-section-height-default\" data-id=\"bfc9e6a\" data-element_type=\"section\">\n\t\t\t\t\t\t<div class=\"elementor-container elementor-column-gap-default\">\n\t\t\t\t\t<div class=\"elementor-column elementor-col-100 elementor-inner-column elementor-element elementor-element-217f2079\" data-id=\"217f2079\" data-element_type=\"column\">\n\t\t\t<div class=\"elementor-widget-wrap elementor-element-populated\">\n\t\t\t\t\t\t<div class=\"elementor-element elementor-element-624a3288 elementor-widget elementor-widget-text-editor\" data-id=\"624a3288\" data-element_type=\"widget\" data-widget_type=\"text-editor.default\">\n\t\t\t\t<div class=\"elementor-widget-container\">\n\t\t\t\t\t\t\t<ul><li style=\"text-align: justify;\"><span style=\"font-weight: 400;\">When you are pregnant and breastfeeding.<\/span><\/li><\/ul>\t\t\t\t\t\t<\/div>\n\t\t\t\t<\/div>\n\t\t\t\t<div class=\"elementor-element elementor-element-3c467c42 elementor-widget elementor-widget-image\" data-id=\"3c467c42\" data-element_type=\"widget\" data-widget_type=\"image.default\">\n\t\t\t\t<div class=\"elementor-widget-container\">\n\t\t\t\t\t\t\t\t\t\t\t\t\t<img loading=\"lazy\" decoding=\"async\" width=\"270\" height=\"270\" src=\"https:\/\/www.o2medicalnetwork.com\/wp-content\/uploads\/2021\/03\/pexels-negative-space-132730-270x270.jpg\" class=\"attachment-beclinic-thumb-sm size-beclinic-thumb-sm wp-image-9274\" alt=\"\" srcset=\"https:\/\/www.o2medicalnetwork.com\/wp-content\/uploads\/2021\/03\/pexels-negative-space-132730-270x270.jpg 270w, https:\/\/www.o2medicalnetwork.com\/wp-content\/uploads\/2021\/03\/pexels-negative-space-132730-150x150.jpg 150w, https:\/\/www.o2medicalnetwork.com\/wp-content\/uploads\/2021\/03\/pexels-negative-space-132730-400x400.jpg 400w, https:\/\/www.o2medicalnetwork.com\/wp-content\/uploads\/2021\/03\/pexels-negative-space-132730-300x300.jpg 300w, https:\/\/www.o2medicalnetwork.com\/wp-content\/uploads\/2021\/03\/pexels-negative-space-132730-100x100.jpg 100w, https:\/\/www.o2medicalnetwork.com\/wp-content\/uploads\/2021\/03\/pexels-negative-space-132730-286x286.jpg 286w\" sizes=\"(max-width: 270px) 100vw, 270px\" \/>\t\t\t\t\t\t\t\t\t\t\t\t\t<\/div>\n\t\t\t\t<\/div>\n\t\t\t\t\t<\/div>\n\t\t<\/div>\n\t\t\t\t\t<\/div>\n\t\t<\/section>\n\t\t\t\t\t<\/div>\n\t\t<\/div>\n\t\t\t\t\t<\/div>\n\t\t<\/section>\n\t\t\t\t<section class=\"elementor-section elementor-top-section elementor-element elementor-element-5086cfa9 elementor-section-boxed elementor-section-height-default elementor-section-height-default\" data-id=\"5086cfa9\" data-element_type=\"section\">\n\t\t\t\t\t\t<div class=\"elementor-container elementor-column-gap-default\">\n\t\t\t\t\t<div class=\"elementor-column elementor-col-100 elementor-top-column elementor-element elementor-element-2191889f\" data-id=\"2191889f\" data-element_type=\"column\">\n\t\t\t<div class=\"elementor-widget-wrap elementor-element-populated\">\n\t\t\t\t\t\t<section class=\"elementor-section elementor-inner-section elementor-element elementor-element-728e80ad elementor-section-boxed elementor-section-height-default elementor-section-height-default\" data-id=\"728e80ad\" data-element_type=\"section\">\n\t\t\t\t\t\t<div class=\"elementor-container elementor-column-gap-default\">\n\t\t\t\t\t<div class=\"elementor-column elementor-col-100 elementor-inner-column elementor-element elementor-element-60dec104\" data-id=\"60dec104\" data-element_type=\"column\">\n\t\t\t<div class=\"elementor-widget-wrap elementor-element-populated\">\n\t\t\t\t\t\t<div class=\"elementor-element elementor-element-484cf9e9 elementor-widget elementor-widget-text-editor\" data-id=\"484cf9e9\" data-element_type=\"widget\" data-widget_type=\"text-editor.default\">\n\t\t\t\t<div class=\"elementor-widget-container\">\n\t\t\t\t\t\t\t<p><span style=\"font-weight: 400;\">Rest assured that you are in good hands! Because our specialists are ready to take care of your health.<\/span><\/p>\n<p><span style=\"font-weight: 400;\">Contact us:<\/span><\/p>\n<p><span style=\"font-weight: 400;\">&nbsp;Phone:<strong><span style=\"color: #993300;\"><a style=\"color: #993300;\" href=\"tel:+5184221213\">+5184221213&nbsp;<\/a><\/span><\/strong><\/span><\/p>\n<p><span class=\"pq6dq46d tbxw36s4 knj5qynh kvgmc6g5 ditlmg2l oygrvhab nvdbi5me sf5mxxl7 gl3lb2sf hhz5lgdu\" style=\"margin: 0px 1px; height: 16px; width: 16px; display: inline-flex; vertical-align: middle; font-family: inherit;\"><img loading=\"lazy\" decoding=\"async\" style=\"border-width: 0px; border-style: initial;\" src=\"https:\/\/static.xx.fbcdn.net\/images\/emoji.php\/v9\/t4d\/1\/16\/1f4de.png\" alt=\"\ud83d\udcde\" width=\"16\" height=\"16\"><\/span> WhatsApp: <strong><span style=\"font-family: inherit; color: #993300;\"><a class=\"oajrlxb2 g5ia77u1 qu0x051f esr5mh6w e9989ue4 r7d6kgcz rq0escxv nhd2j8a9 nc684nl6 p7hjln8o kvgmc6g5 cxmmr5t8 oygrvhab hcukyx3x jb3vyjys rz4wbd8a qt6c0cv9 a8nywdso i1ao9s8h esuyzwwr f1sip0of lzcic4wl py34i1dx gpro0wi8\" style=\"color: #993300; cursor: pointer; outline: none; list-style: none; padding: 0px; margin: 0px; touch-action: manipulation; text-align: inherit; display: inline; -webkit-tap-highlight-color: transparent; font-family: inherit;\" tabindex=\"0\" role=\"link\" href=\"https:\/\/bit.ly\/clinicao2chat?fbclid=IwAR0eLlLEoz3zdQfGblTwd9IPp6NKKOTm-_pLLOtD8ejCfd_G3OBCQUaPgjs\" target=\"_blank\" rel=\"nofollow noopener\">https:\/\/bit.ly\/clinicao2chat<\/a><\/span><\/strong><\/p>\n<div dir=\"auto\" style=\"font-family: 'Segoe UI Historic', 'Segoe UI', Helvetica, Arial, sans-serif; color: #050505; font-size: 15px; white-space: pre-wrap;\"><span class=\"pq6dq46d tbxw36s4 knj5qynh kvgmc6g5 ditlmg2l oygrvhab nvdbi5me sf5mxxl7 gl3lb2sf hhz5lgdu\" style=\"margin: 0px 1px; height: 16px; width: 16px; display: inline-flex; vertical-align: middle; font-family: inherit;\"><img loading=\"lazy\" decoding=\"async\" style=\"border-width: 0px; border-style: initial;\" src=\"https:\/\/static.xx.fbcdn.net\/images\/emoji.php\/v9\/t6e\/1\/16\/1f4ac.png\" alt=\"\ud83d\udcac\" width=\"16\" height=\"16\"><\/span> Facebook Messenger <strong><span style=\"font-family: inherit; color: #993300;\"><a class=\"oajrlxb2 g5ia77u1 qu0x051f esr5mh6w e9989ue4 r7d6kgcz rq0escxv nhd2j8a9 nc684nl6 p7hjln8o kvgmc6g5 cxmmr5t8 oygrvhab hcukyx3x jb3vyjys rz4wbd8a qt6c0cv9 a8nywdso i1ao9s8h esuyzwwr f1sip0of lzcic4wl py34i1dx gpro0wi8\" style=\"color: #993300; cursor: pointer; outline: none; list-style: none; padding: 0px; margin: 0px; touch-action: manipulation; text-align: inherit; display: inline; -webkit-tap-highlight-color: transparent; font-family: inherit;\" tabindex=\"0\" role=\"link\" href=\"https:\/\/bit.ly\/Messengero2c?fbclid=IwAR01Zk2W9uBHiSAVAvGJivx4xGoyVZRkvS5PxBbJc70mPVL3WE4pI1KBGNc\" target=\"_blank\" rel=\"nofollow noopener\">https:\/\/bit.ly\/Messengero2c<\/a><\/span><\/strong><\/div>\n<p><\/p>\t\t\t\t\t\t<\/div>\n\t\t\t\t<\/div>\n\t\t\t\t\t<\/div>\n\t\t<\/div>\n\t\t\t\t\t<\/div>\n\t\t<\/section>\n\t\t\t\t\t<\/div>\n\t\t<\/div>\n\t\t\t\t\t<\/div>\n\t\t<\/section>\n\t\t\t\t<\/div>","protected":false},"excerpt":{"rendered":"<p>Nutrici\u00f3n En la actualidad, esta rama se usa como una herramienta para mejorar la calidad de vida de las personas, adem\u00e1s de ser un apoyo en el crecimiento, desarrollo y prevenci\u00f3n de enfermedades durante todas las etapas de tu vida. En esta especialidad se eval\u00faa el peso, talla, medidas, grasa corporal, masa muscular, entre otros &hellip;<\/p>","protected":false},"author":1,"featured_media":9277,"parent":0,"menu_order":0,"comment_status":"closed","ping_status":"closed","template":"","meta":{"content-type":"","footnotes":""},"class_list":["post-9268","page","type-page","status-publish","has-post-thumbnail","hentry","has-thumb"],"yoast_head":"<!-- This site is optimized with the Yoast SEO plugin v25.8 - https:\/\/yoast.com\/wordpress\/plugins\/seo\/ -->\n<title>Nutrici\u00f3n - Cl\u00ednica O2 Medical Network<\/title>\n<meta name=\"description\" content=\"En esta rama m\u00e9dica diagnostica, trata y rehabilita las enfermedades que afectan el desarrollo del sistema nervioso y muscular.\" \/>\n<meta name=\"robots\" content=\"index, follow, max-snippet:-1, max-image-preview:large, max-video-preview:-1\" \/>\n<link rel=\"canonical\" href=\"https:\/\/www.o2medicalnetwork.com\/en\/nutricion\/\" \/>\n<meta property=\"og:locale\" content=\"en_US\" \/>\n<meta property=\"og:type\" content=\"article\" \/>\n<meta property=\"og:title\" content=\"Nutrici\u00f3n - Cl\u00ednica O2 Medical Network\" \/>\n<meta property=\"og:description\" content=\"En esta rama m\u00e9dica diagnostica, trata y rehabilita las enfermedades que afectan el desarrollo del sistema nervioso y muscular.\" \/>\n<meta property=\"og:url\" content=\"https:\/\/www.o2medicalnetwork.com\/en\/nutricion\/\" \/>\n<meta property=\"og:site_name\" content=\"Cl\u00ednica O2 Medical Network\" \/>\n<meta property=\"article:modified_time\" content=\"2021-11-19T23:59:55+00:00\" \/>\n<meta property=\"og:image\" content=\"https:\/\/www.o2medicalnetwork.com\/wp-content\/uploads\/2021\/03\/breakfast-1804457_640-1.jpg\" \/>\n\t<meta property=\"og:image:width\" content=\"640\" \/>\n\t<meta property=\"og:image:height\" content=\"426\" \/>\n\t<meta property=\"og:image:type\" content=\"image\/jpeg\" \/>\n<meta name=\"twitter:card\" content=\"summary_large_image\" \/>\n<meta name=\"twitter:label1\" content=\"Est. reading time\" \/>\n\t<meta name=\"twitter:data1\" content=\"2 minutes\" \/>\n<script type=\"application\/ld+json\" class=\"yoast-schema-graph\">{\"@context\":\"https:\/\/schema.org\",\"@graph\":[{\"@type\":\"WebPage\",\"@id\":\"https:\/\/www.o2medicalnetwork.com\/nutricion\/\",\"url\":\"https:\/\/www.o2medicalnetwork.com\/nutricion\/\",\"name\":\"Nutrici\u00f3n - Cl\u00ednica O2 Medical Network\",\"isPartOf\":{\"@id\":\"https:\/\/www.o2medicalnetwork.com\/#website\"},\"primaryImageOfPage\":{\"@id\":\"https:\/\/www.o2medicalnetwork.com\/nutricion\/#primaryimage\"},\"image\":{\"@id\":\"https:\/\/www.o2medicalnetwork.com\/nutricion\/#primaryimage\"},\"thumbnailUrl\":\"https:\/\/www.o2medicalnetwork.com\/wp-content\/uploads\/2021\/03\/breakfast-1804457_640-1.jpg\",\"datePublished\":\"2021-03-17T04:37:14+00:00\",\"dateModified\":\"2021-11-19T23:59:55+00:00\",\"description\":\"En esta rama m\u00e9dica diagnostica, trata y rehabilita las enfermedades que afectan el desarrollo del sistema nervioso y muscular.\",\"breadcrumb\":{\"@id\":\"https:\/\/www.o2medicalnetwork.com\/nutricion\/#breadcrumb\"},\"inLanguage\":\"en-US\",\"potentialAction\":[{\"@type\":\"ReadAction\",\"target\":[\"https:\/\/www.o2medicalnetwork.com\/nutricion\/\"]}]},{\"@type\":\"ImageObject\",\"inLanguage\":\"en-US\",\"@id\":\"https:\/\/www.o2medicalnetwork.com\/nutricion\/#primaryimage\",\"url\":\"https:\/\/www.o2medicalnetwork.com\/wp-content\/uploads\/2021\/03\/breakfast-1804457_640-1.jpg\",\"contentUrl\":\"https:\/\/www.o2medicalnetwork.com\/wp-content\/uploads\/2021\/03\/breakfast-1804457_640-1.jpg\",\"width\":640,\"height\":426},{\"@type\":\"BreadcrumbList\",\"@id\":\"https:\/\/www.o2medicalnetwork.com\/nutricion\/#breadcrumb\",\"itemListElement\":[{\"@type\":\"ListItem\",\"position\":1,\"name\":\"Portada\",\"item\":\"https:\/\/www.o2medicalnetwork.com\/\"},{\"@type\":\"ListItem\",\"position\":2,\"name\":\"Nutrici\u00f3n\"}]},{\"@type\":\"WebSite\",\"@id\":\"https:\/\/www.o2medicalnetwork.com\/#website\",\"url\":\"https:\/\/www.o2medicalnetwork.com\/\",\"name\":\"Cl\u00ednica O2 Medical Network\",\"description\":\"Tu no estas solo\",\"potentialAction\":[{\"@type\":\"SearchAction\",\"target\":{\"@type\":\"EntryPoint\",\"urlTemplate\":\"https:\/\/www.o2medicalnetwork.com\/?s={search_term_string}\"},\"query-input\":{\"@type\":\"PropertyValueSpecification\",\"valueRequired\":true,\"valueName\":\"search_term_string\"}}],\"inLanguage\":\"en-US\"}]}<\/script>\n<!-- \/ Yoast SEO plugin. -->","yoast_head_json":{"title":"Nutrici\u00f3n - Cl\u00ednica O2 Medical Network","description":"En esta rama m\u00e9dica diagnostica, trata y rehabilita las enfermedades que afectan el desarrollo del sistema nervioso y muscular.","robots":{"index":"index","follow":"follow","max-snippet":"max-snippet:-1","max-image-preview":"max-image-preview:large","max-video-preview":"max-video-preview:-1"},"canonical":"https:\/\/www.o2medicalnetwork.com\/en\/nutricion\/","og_locale":"en_US","og_type":"article","og_title":"Nutrici\u00f3n - Cl\u00ednica O2 Medical Network","og_description":"En esta rama m\u00e9dica diagnostica, trata y rehabilita las enfermedades que afectan el desarrollo del sistema nervioso y muscular.","og_url":"https:\/\/www.o2medicalnetwork.com\/en\/nutricion\/","og_site_name":"Cl\u00ednica O2 Medical Network","article_modified_time":"2021-11-19T23:59:55+00:00","og_image":[{"width":640,"height":426,"url":"https:\/\/www.o2medicalnetwork.com\/wp-content\/uploads\/2021\/03\/breakfast-1804457_640-1.jpg","type":"image\/jpeg"}],"twitter_card":"summary_large_image","twitter_misc":{"Est. reading time":"2 minutes"},"schema":{"@context":"https:\/\/schema.org","@graph":[{"@type":"WebPage","@id":"https:\/\/www.o2medicalnetwork.com\/nutricion\/","url":"https:\/\/www.o2medicalnetwork.com\/nutricion\/","name":"Nutrici\u00f3n - Cl\u00ednica O2 Medical Network","isPartOf":{"@id":"https:\/\/www.o2medicalnetwork.com\/#website"},"primaryImageOfPage":{"@id":"https:\/\/www.o2medicalnetwork.com\/nutricion\/#primaryimage"},"image":{"@id":"https:\/\/www.o2medicalnetwork.com\/nutricion\/#primaryimage"},"thumbnailUrl":"https:\/\/www.o2medicalnetwork.com\/wp-content\/uploads\/2021\/03\/breakfast-1804457_640-1.jpg","datePublished":"2021-03-17T04:37:14+00:00","dateModified":"2021-11-19T23:59:55+00:00","description":"En esta rama m\u00e9dica diagnostica, trata y rehabilita las enfermedades que afectan el desarrollo del sistema nervioso y muscular.","breadcrumb":{"@id":"https:\/\/www.o2medicalnetwork.com\/nutricion\/#breadcrumb"},"inLanguage":"en-US","potentialAction":[{"@type":"ReadAction","target":["https:\/\/www.o2medicalnetwork.com\/nutricion\/"]}]},{"@type":"ImageObject","inLanguage":"en-US","@id":"https:\/\/www.o2medicalnetwork.com\/nutricion\/#primaryimage","url":"https:\/\/www.o2medicalnetwork.com\/wp-content\/uploads\/2021\/03\/breakfast-1804457_640-1.jpg","contentUrl":"https:\/\/www.o2medicalnetwork.com\/wp-content\/uploads\/2021\/03\/breakfast-1804457_640-1.jpg","width":640,"height":426},{"@type":"BreadcrumbList","@id":"https:\/\/www.o2medicalnetwork.com\/nutricion\/#breadcrumb","itemListElement":[{"@type":"ListItem","position":1,"name":"Portada","item":"https:\/\/www.o2medicalnetwork.com\/"},{"@type":"ListItem","position":2,"name":"Nutrici\u00f3n"}]},{"@type":"WebSite","@id":"https:\/\/www.o2medicalnetwork.com\/#website","url":"https:\/\/www.o2medicalnetwork.com\/","name":"Cl\u00ednica O2 Medical Network","description":"Tu no estas solo","potentialAction":[{"@type":"SearchAction","target":{"@type":"EntryPoint","urlTemplate":"https:\/\/www.o2medicalnetwork.com\/?s={search_term_string}"},"query-input":{"@type":"PropertyValueSpecification","valueRequired":true,"valueName":"search_term_string"}}],"inLanguage":"en-US"}]}},"_links":{"self":[{"href":"https:\/\/www.o2medicalnetwork.com\/en\/wp-json\/wp\/v2\/pages\/9268","targetHints":{"allow":["GET"]}}],"collection":[{"href":"https:\/\/www.o2medicalnetwork.com\/en\/wp-json\/wp\/v2\/pages"}],"about":[{"href":"https:\/\/www.o2medicalnetwork.com\/en\/wp-json\/wp\/v2\/types\/page"}],"author":[{"embeddable":true,"href":"https:\/\/www.o2medicalnetwork.com\/en\/wp-json\/wp\/v2\/users\/1"}],"replies":[{"embeddable":true,"href":"https:\/\/www.o2medicalnetwork.com\/en\/wp-json\/wp\/v2\/comments?post=9268"}],"version-history":[{"count":6,"href":"https:\/\/www.o2medicalnetwork.com\/en\/wp-json\/wp\/v2\/pages\/9268\/revisions"}],"predecessor-version":[{"id":10423,"href":"https:\/\/www.o2medicalnetwork.com\/en\/wp-json\/wp\/v2\/pages\/9268\/revisions\/10423"}],"wp:featuredmedia":[{"embeddable":true,"href":"https:\/\/www.o2medicalnetwork.com\/en\/wp-json\/wp\/v2\/media\/9277"}],"wp:attachment":[{"href":"https:\/\/www.o2medicalnetwork.com\/en\/wp-json\/wp\/v2\/media?parent=9268"}],"curies":[{"name":"wp","href":"https:\/\/api.w.org\/{rel}","templated":true}]}}