{"id":9166,"date":"2021-03-16T18:51:44","date_gmt":"2021-03-16T23:51:44","guid":{"rendered":"https:\/\/www.o2medicalnetwork.com\/?page_id=9166"},"modified":"2021-11-19T18:55:05","modified_gmt":"2021-11-19T23:55:05","slug":"patologia","status":"publish","type":"page","link":"https:\/\/www.o2medicalnetwork.com\/en\/patologia\/","title":{"rendered":"Pathology"},"content":{"rendered":"<div data-elementor-type=\"wp-page\" data-elementor-id=\"9166\" class=\"elementor elementor-9166\" data-elementor-post-type=\"page\">\n\t\t\t\t\t\t<section class=\"elementor-section elementor-top-section elementor-element elementor-element-1bc03c6d elementor-section-height-min-height elementor-section-content-middle elementor-section-items-top elementor-section-boxed elementor-section-height-default\" data-id=\"1bc03c6d\" data-element_type=\"section\" data-settings=\"{&quot;background_background&quot;:&quot;classic&quot;}\">\n\t\t\t\t\t\t\t<div class=\"elementor-background-overlay\"><\/div>\n\t\t\t\t\t\t\t<div class=\"elementor-container elementor-column-gap-wider\">\n\t\t\t\t\t<div class=\"elementor-column elementor-col-100 elementor-top-column elementor-element elementor-element-6e490884\" data-id=\"6e490884\" data-element_type=\"column\">\n\t\t\t<div class=\"elementor-widget-wrap\">\n\t\t\t\t\t\t\t<\/div>\n\t\t<\/div>\n\t\t\t\t\t<\/div>\n\t\t<\/section>\n\t\t\t\t<section class=\"elementor-section elementor-top-section elementor-element elementor-element-9399000 elementor-section-height-min-height elementor-section-boxed elementor-section-height-default elementor-section-items-middle\" data-id=\"9399000\" data-element_type=\"section\">\n\t\t\t\t\t\t<div class=\"elementor-container elementor-column-gap-default\">\n\t\t\t\t\t<div class=\"elementor-column elementor-col-50 elementor-top-column elementor-element elementor-element-2ceebfc9\" data-id=\"2ceebfc9\" data-element_type=\"column\">\n\t\t\t<div class=\"elementor-widget-wrap elementor-element-populated\">\n\t\t\t\t\t\t<div class=\"elementor-element elementor-element-459b2ed8 elementor-widget elementor-widget-text-editor\" data-id=\"459b2ed8\" data-element_type=\"widget\" data-widget_type=\"text-editor.default\">\n\t\t\t\t<div class=\"elementor-widget-container\">\n\t\t\t\t\t\t\t<h2><b>Pathology<\/b><\/h2><p style=\"text-align: justify;\"><span style=\"font-weight: 400;\">This branch of medicine is responsible for investigating the origin and nature of diseases. In addition, specialists in pathology can be classified into two types of fields of action, clinical pathologists and anatomopathologists.<\/span><\/p>\t\t\t\t\t\t<\/div>\n\t\t\t\t<\/div>\n\t\t\t\t\t<\/div>\n\t\t<\/div>\n\t\t\t\t<div class=\"elementor-column elementor-col-50 elementor-top-column elementor-element elementor-element-3b6afd53\" data-id=\"3b6afd53\" data-element_type=\"column\">\n\t\t\t<div class=\"elementor-widget-wrap elementor-element-populated\">\n\t\t\t\t\t\t<div class=\"elementor-element elementor-element-4c71e719 elementor-widget elementor-widget-image\" data-id=\"4c71e719\" data-element_type=\"widget\" data-widget_type=\"image.default\">\n\t\t\t\t<div class=\"elementor-widget-container\">\n\t\t\t\t\t\t\t\t\t\t\t\t\t<img fetchpriority=\"high\" decoding=\"async\" width=\"418\" height=\"315\" src=\"https:\/\/www.o2medicalnetwork.com\/wp-content\/uploads\/2021\/03\/pexels-chokniti-khongchum-3938023-418x315.jpg\" class=\"attachment-post-thumbnail size-post-thumbnail wp-image-9168\" alt=\"\" srcset=\"https:\/\/www.o2medicalnetwork.com\/wp-content\/uploads\/2021\/03\/pexels-chokniti-khongchum-3938023-418x315.jpg 418w, https:\/\/www.o2medicalnetwork.com\/wp-content\/uploads\/2021\/03\/pexels-chokniti-khongchum-3938023-295x222.jpg 295w, https:\/\/www.o2medicalnetwork.com\/wp-content\/uploads\/2021\/03\/pexels-chokniti-khongchum-3938023-400x300.jpg 400w\" sizes=\"(max-width: 418px) 100vw, 418px\" \/>\t\t\t\t\t\t\t\t\t\t\t\t\t<\/div>\n\t\t\t\t<\/div>\n\t\t\t\t\t<\/div>\n\t\t<\/div>\n\t\t\t\t\t<\/div>\n\t\t<\/section>\n\t\t\t\t<section class=\"elementor-section elementor-top-section elementor-element elementor-element-67715207 elementor-section-boxed elementor-section-height-default elementor-section-height-default\" data-id=\"67715207\" data-element_type=\"section\">\n\t\t\t\t\t\t<div class=\"elementor-container elementor-column-gap-default\">\n\t\t\t\t\t<div class=\"elementor-column elementor-col-100 elementor-top-column elementor-element elementor-element-170ac813\" data-id=\"170ac813\" data-element_type=\"column\">\n\t\t\t<div class=\"elementor-widget-wrap elementor-element-populated\">\n\t\t\t\t\t\t<div class=\"elementor-element elementor-element-145bac30 elementor-widget elementor-widget-heading\" data-id=\"145bac30\" data-element_type=\"widget\" data-widget_type=\"heading.default\">\n\t\t\t\t<div class=\"elementor-widget-container\">\n\t\t\t<h2 class=\"elementor-heading-title elementor-size-default\">When should I go to the pathologist?\n<\/h2>\t\t<\/div>\n\t\t\t\t<\/div>\n\t\t\t\t\t<\/div>\n\t\t<\/div>\n\t\t\t\t\t<\/div>\n\t\t<\/section>\n\t\t\t\t<section class=\"elementor-section elementor-top-section elementor-element elementor-element-1f2c5eb1 elementor-section-boxed elementor-section-height-default elementor-section-height-default\" data-id=\"1f2c5eb1\" data-element_type=\"section\">\n\t\t\t\t\t\t<div class=\"elementor-container elementor-column-gap-default\">\n\t\t\t\t\t<div class=\"elementor-column elementor-col-33 elementor-top-column elementor-element elementor-element-59b5b792\" data-id=\"59b5b792\" data-element_type=\"column\">\n\t\t\t<div class=\"elementor-widget-wrap elementor-element-populated\">\n\t\t\t\t\t\t<section class=\"elementor-section elementor-inner-section elementor-element elementor-element-6e53ceda elementor-section-boxed elementor-section-height-default elementor-section-height-default\" data-id=\"6e53ceda\" data-element_type=\"section\">\n\t\t\t\t\t\t<div class=\"elementor-container elementor-column-gap-default\">\n\t\t\t\t\t<div class=\"elementor-column elementor-col-100 elementor-inner-column elementor-element elementor-element-319a7fa9\" data-id=\"319a7fa9\" data-element_type=\"column\">\n\t\t\t<div class=\"elementor-widget-wrap elementor-element-populated\">\n\t\t\t\t\t\t<div class=\"elementor-element elementor-element-b03d03f elementor-widget elementor-widget-text-editor\" data-id=\"b03d03f\" data-element_type=\"widget\" data-widget_type=\"text-editor.default\">\n\t\t\t\t<div class=\"elementor-widget-container\">\n\t\t\t\t\t\t\t<ul><li style=\"text-align: justify;\"><span style=\"font-weight: 400;\">When you need to identify a disease.<\/span><\/li><\/ul>\t\t\t\t\t\t<\/div>\n\t\t\t\t<\/div>\n\t\t\t\t<div class=\"elementor-element elementor-element-3d47f790 elementor-widget elementor-widget-image\" data-id=\"3d47f790\" data-element_type=\"widget\" data-widget_type=\"image.default\">\n\t\t\t\t<div class=\"elementor-widget-container\">\n\t\t\t\t\t\t\t\t\t\t\t\t\t<img decoding=\"async\" width=\"270\" height=\"270\" src=\"https:\/\/www.o2medicalnetwork.com\/wp-content\/uploads\/2021\/03\/bacteria-3658992_640-270x270.jpg\" class=\"attachment-beclinic-thumb-sm size-beclinic-thumb-sm wp-image-9169\" alt=\"\" srcset=\"https:\/\/www.o2medicalnetwork.com\/wp-content\/uploads\/2021\/03\/bacteria-3658992_640-270x270.jpg 270w, https:\/\/www.o2medicalnetwork.com\/wp-content\/uploads\/2021\/03\/bacteria-3658992_640-150x150.jpg 150w, https:\/\/www.o2medicalnetwork.com\/wp-content\/uploads\/2021\/03\/bacteria-3658992_640-300x300.jpg 300w, https:\/\/www.o2medicalnetwork.com\/wp-content\/uploads\/2021\/03\/bacteria-3658992_640-100x100.jpg 100w, https:\/\/www.o2medicalnetwork.com\/wp-content\/uploads\/2021\/03\/bacteria-3658992_640-286x286.jpg 286w\" sizes=\"(max-width: 270px) 100vw, 270px\" \/>\t\t\t\t\t\t\t\t\t\t\t\t\t<\/div>\n\t\t\t\t<\/div>\n\t\t\t\t\t<\/div>\n\t\t<\/div>\n\t\t\t\t\t<\/div>\n\t\t<\/section>\n\t\t\t\t\t<\/div>\n\t\t<\/div>\n\t\t\t\t<div class=\"elementor-column elementor-col-33 elementor-top-column elementor-element elementor-element-41b9ff1b\" data-id=\"41b9ff1b\" data-element_type=\"column\">\n\t\t\t<div class=\"elementor-widget-wrap elementor-element-populated\">\n\t\t\t\t\t\t<section class=\"elementor-section elementor-inner-section elementor-element elementor-element-49daef80 elementor-section-boxed elementor-section-height-default elementor-section-height-default\" data-id=\"49daef80\" data-element_type=\"section\">\n\t\t\t\t\t\t<div class=\"elementor-container elementor-column-gap-default\">\n\t\t\t\t\t<div class=\"elementor-column elementor-col-100 elementor-inner-column elementor-element elementor-element-63bb4202\" data-id=\"63bb4202\" data-element_type=\"column\">\n\t\t\t<div class=\"elementor-widget-wrap elementor-element-populated\">\n\t\t\t\t\t\t<div class=\"elementor-element elementor-element-3c82bd7 elementor-widget elementor-widget-text-editor\" data-id=\"3c82bd7\" data-element_type=\"widget\" data-widget_type=\"text-editor.default\">\n\t\t\t\t<div class=\"elementor-widget-container\">\n\t\t\t\t\t\t\t<ul><li style=\"text-align: justify;\"><span style=\"font-weight: 400;\">When you undergo a biopsy.<\/span><\/li><\/ul>\t\t\t\t\t\t<\/div>\n\t\t\t\t<\/div>\n\t\t\t\t<div class=\"elementor-element elementor-element-4315812 elementor-widget elementor-widget-image\" data-id=\"4315812\" data-element_type=\"widget\" data-widget_type=\"image.default\">\n\t\t\t\t<div class=\"elementor-widget-container\">\n\t\t\t\t\t\t\t\t\t\t\t\t\t<img decoding=\"async\" width=\"270\" height=\"270\" src=\"https:\/\/www.o2medicalnetwork.com\/wp-content\/uploads\/2021\/03\/pexels-chokniti-khongchum-3938022-270x270.jpg\" class=\"attachment-beclinic-thumb-sm size-beclinic-thumb-sm wp-image-9170\" alt=\"\" srcset=\"https:\/\/www.o2medicalnetwork.com\/wp-content\/uploads\/2021\/03\/pexels-chokniti-khongchum-3938022-270x270.jpg 270w, https:\/\/www.o2medicalnetwork.com\/wp-content\/uploads\/2021\/03\/pexels-chokniti-khongchum-3938022-150x150.jpg 150w, https:\/\/www.o2medicalnetwork.com\/wp-content\/uploads\/2021\/03\/pexels-chokniti-khongchum-3938022-400x400.jpg 400w, https:\/\/www.o2medicalnetwork.com\/wp-content\/uploads\/2021\/03\/pexels-chokniti-khongchum-3938022-300x300.jpg 300w, https:\/\/www.o2medicalnetwork.com\/wp-content\/uploads\/2021\/03\/pexels-chokniti-khongchum-3938022-100x100.jpg 100w, https:\/\/www.o2medicalnetwork.com\/wp-content\/uploads\/2021\/03\/pexels-chokniti-khongchum-3938022-286x286.jpg 286w\" sizes=\"(max-width: 270px) 100vw, 270px\" \/>\t\t\t\t\t\t\t\t\t\t\t\t\t<\/div>\n\t\t\t\t<\/div>\n\t\t\t\t\t<\/div>\n\t\t<\/div>\n\t\t\t\t\t<\/div>\n\t\t<\/section>\n\t\t\t\t\t<\/div>\n\t\t<\/div>\n\t\t\t\t<div class=\"elementor-column elementor-col-33 elementor-top-column elementor-element elementor-element-48b0bc54\" data-id=\"48b0bc54\" data-element_type=\"column\">\n\t\t\t<div class=\"elementor-widget-wrap elementor-element-populated\">\n\t\t\t\t\t\t<section class=\"elementor-section elementor-inner-section elementor-element elementor-element-56fab777 elementor-section-boxed elementor-section-height-default elementor-section-height-default\" data-id=\"56fab777\" data-element_type=\"section\">\n\t\t\t\t\t\t<div class=\"elementor-container elementor-column-gap-default\">\n\t\t\t\t\t<div class=\"elementor-column elementor-col-100 elementor-inner-column elementor-element elementor-element-3f99d5de\" data-id=\"3f99d5de\" data-element_type=\"column\">\n\t\t\t<div class=\"elementor-widget-wrap elementor-element-populated\">\n\t\t\t\t\t\t<div class=\"elementor-element elementor-element-4f7d3f79 elementor-widget elementor-widget-text-editor\" data-id=\"4f7d3f79\" data-element_type=\"widget\" data-widget_type=\"text-editor.default\">\n\t\t\t\t<div class=\"elementor-widget-container\">\n\t\t\t\t\t\t\t<ul><li style=\"text-align: justify;\"><span style=\"font-weight: 400;\">If you require the study of any disease, previously referred by another specialty.<\/span><\/li><\/ul>\t\t\t\t\t\t<\/div>\n\t\t\t\t<\/div>\n\t\t\t\t<div class=\"elementor-element elementor-element-40c64d6e elementor-widget elementor-widget-image\" data-id=\"40c64d6e\" data-element_type=\"widget\" data-widget_type=\"image.default\">\n\t\t\t\t<div class=\"elementor-widget-container\">\n\t\t\t\t\t\t\t\t\t\t\t\t\t<img loading=\"lazy\" decoding=\"async\" width=\"270\" height=\"270\" src=\"https:\/\/www.o2medicalnetwork.com\/wp-content\/uploads\/2021\/03\/doctor-563429_640-270x270.jpg\" class=\"attachment-beclinic-thumb-sm size-beclinic-thumb-sm wp-image-9171\" alt=\"\" srcset=\"https:\/\/www.o2medicalnetwork.com\/wp-content\/uploads\/2021\/03\/doctor-563429_640-270x270.jpg 270w, https:\/\/www.o2medicalnetwork.com\/wp-content\/uploads\/2021\/03\/doctor-563429_640-150x150.jpg 150w, https:\/\/www.o2medicalnetwork.com\/wp-content\/uploads\/2021\/03\/doctor-563429_640-400x400.jpg 400w, https:\/\/www.o2medicalnetwork.com\/wp-content\/uploads\/2021\/03\/doctor-563429_640-300x300.jpg 300w, https:\/\/www.o2medicalnetwork.com\/wp-content\/uploads\/2021\/03\/doctor-563429_640-100x100.jpg 100w, https:\/\/www.o2medicalnetwork.com\/wp-content\/uploads\/2021\/03\/doctor-563429_640-286x286.jpg 286w\" sizes=\"(max-width: 270px) 100vw, 270px\" \/>\t\t\t\t\t\t\t\t\t\t\t\t\t<\/div>\n\t\t\t\t<\/div>\n\t\t\t\t\t<\/div>\n\t\t<\/div>\n\t\t\t\t\t<\/div>\n\t\t<\/section>\n\t\t\t\t\t<\/div>\n\t\t<\/div>\n\t\t\t\t\t<\/div>\n\t\t<\/section>\n\t\t\t\t<section class=\"elementor-section elementor-top-section elementor-element elementor-element-6bf56810 elementor-section-boxed elementor-section-height-default elementor-section-height-default\" data-id=\"6bf56810\" data-element_type=\"section\">\n\t\t\t\t\t\t<div class=\"elementor-container elementor-column-gap-default\">\n\t\t\t\t\t<div class=\"elementor-column elementor-col-100 elementor-top-column elementor-element elementor-element-45d5808d\" data-id=\"45d5808d\" data-element_type=\"column\">\n\t\t\t<div class=\"elementor-widget-wrap elementor-element-populated\">\n\t\t\t\t\t\t<section class=\"elementor-section elementor-inner-section elementor-element elementor-element-6bf7b199 elementor-section-boxed elementor-section-height-default elementor-section-height-default\" data-id=\"6bf7b199\" data-element_type=\"section\">\n\t\t\t\t\t\t<div class=\"elementor-container elementor-column-gap-default\">\n\t\t\t\t\t<div class=\"elementor-column elementor-col-100 elementor-inner-column elementor-element elementor-element-588e1e9a\" data-id=\"588e1e9a\" data-element_type=\"column\">\n\t\t\t<div class=\"elementor-widget-wrap elementor-element-populated\">\n\t\t\t\t\t\t<div class=\"elementor-element elementor-element-39d5966f elementor-widget elementor-widget-text-editor\" data-id=\"39d5966f\" data-element_type=\"widget\" data-widget_type=\"text-editor.default\">\n\t\t\t\t<div class=\"elementor-widget-container\">\n\t\t\t\t\t\t\t<p><span style=\"font-weight: 400;\">Rest assured that you are in good hands! Because our specialists are ready to take care of your health.<\/span><\/p><p><span style=\"font-weight: 400;\">Contact us:<\/span><\/p><p><span style=\"font-weight: 400;\">\u00a0Phone:<strong><span style=\"color: #993300;\"><a style=\"color: #993300;\" href=\"tel:+5184221213\">+5184221213\u00a0<\/a><\/span><\/strong><\/span><\/p><p><span class=\"pq6dq46d tbxw36s4 knj5qynh kvgmc6g5 ditlmg2l oygrvhab nvdbi5me sf5mxxl7 gl3lb2sf hhz5lgdu\" style=\"margin: 0px 1px; height: 16px; width: 16px; display: inline-flex; vertical-align: middle; font-family: inherit;\"><img loading=\"lazy\" decoding=\"async\" style=\"border-width: 0px; border-style: initial;\" src=\"https:\/\/static.xx.fbcdn.net\/images\/emoji.php\/v9\/t4d\/1\/16\/1f4de.png\" alt=\"\ud83d\udcde\" width=\"16\" height=\"16\" \/><\/span> WhatsApp: <strong><span style=\"font-family: inherit; color: #993300;\"><a class=\"oajrlxb2 g5ia77u1 qu0x051f esr5mh6w e9989ue4 r7d6kgcz rq0escxv nhd2j8a9 nc684nl6 p7hjln8o kvgmc6g5 cxmmr5t8 oygrvhab hcukyx3x jb3vyjys rz4wbd8a qt6c0cv9 a8nywdso i1ao9s8h esuyzwwr f1sip0of lzcic4wl py34i1dx gpro0wi8\" style=\"color: #993300; cursor: pointer; outline: none; list-style: none; padding: 0px; margin: 0px; touch-action: manipulation; text-align: inherit; display: inline; -webkit-tap-highlight-color: transparent; font-family: inherit;\" tabindex=\"0\" role=\"link\" href=\"https:\/\/bit.ly\/clinicao2chat?fbclid=IwAR0eLlLEoz3zdQfGblTwd9IPp6NKKOTm-_pLLOtD8ejCfd_G3OBCQUaPgjs\" target=\"_blank\" rel=\"nofollow noopener\">https:\/\/bit.ly\/clinicao2chat<\/a><\/span><\/strong><\/p><div dir=\"auto\" style=\"font-family: 'Segoe UI Historic', 'Segoe UI', Helvetica, Arial, sans-serif; color: #050505; font-size: 15px; white-space: pre-wrap;\"><span class=\"pq6dq46d tbxw36s4 knj5qynh kvgmc6g5 ditlmg2l oygrvhab nvdbi5me sf5mxxl7 gl3lb2sf hhz5lgdu\" style=\"margin: 0px 1px; height: 16px; width: 16px; display: inline-flex; vertical-align: middle; font-family: inherit;\"><img loading=\"lazy\" decoding=\"async\" style=\"border-width: 0px; border-style: initial;\" src=\"https:\/\/static.xx.fbcdn.net\/images\/emoji.php\/v9\/t6e\/1\/16\/1f4ac.png\" alt=\"\ud83d\udcac\" width=\"16\" height=\"16\" \/><\/span> Facebook Messenger <strong><span style=\"font-family: inherit; color: #993300;\"><a class=\"oajrlxb2 g5ia77u1 qu0x051f esr5mh6w e9989ue4 r7d6kgcz rq0escxv nhd2j8a9 nc684nl6 p7hjln8o kvgmc6g5 cxmmr5t8 oygrvhab hcukyx3x jb3vyjys rz4wbd8a qt6c0cv9 a8nywdso i1ao9s8h esuyzwwr f1sip0of lzcic4wl py34i1dx gpro0wi8\" style=\"color: #993300; cursor: pointer; outline: none; list-style: none; padding: 0px; margin: 0px; touch-action: manipulation; text-align: inherit; display: inline; -webkit-tap-highlight-color: transparent; font-family: inherit;\" tabindex=\"0\" role=\"link\" href=\"https:\/\/bit.ly\/Messengero2c?fbclid=IwAR01Zk2W9uBHiSAVAvGJivx4xGoyVZRkvS5PxBbJc70mPVL3WE4pI1KBGNc\" target=\"_blank\" rel=\"nofollow noopener\">https:\/\/bit.ly\/Messengero2c<\/a><\/span><\/strong><\/div>\t\t\t\t\t\t<\/div>\n\t\t\t\t<\/div>\n\t\t\t\t\t<\/div>\n\t\t<\/div>\n\t\t\t\t\t<\/div>\n\t\t<\/section>\n\t\t\t\t\t<\/div>\n\t\t<\/div>\n\t\t\t\t\t<\/div>\n\t\t<\/section>\n\t\t\t\t<\/div>","protected":false},"excerpt":{"rendered":"<p>Patolog\u00eda Esta rama de la medicina que se encarga de investigar el origen y la naturaleza de las enfermedades. Adem\u00e1s, los especialistas en patolog\u00eda pueden clasificarse en dos tipos de campos de acci\u00f3n, pat\u00f3logos cl\u00ednicos y anatomopat\u00f3logos. \u00bfEn qu\u00e9 momento acudir al pat\u00f3logo? Cuando necesites identificar alguna enfermedad. Cuando experimentes una biopsia. Si requieres el &hellip;<\/p>","protected":false},"author":1,"featured_media":9176,"parent":0,"menu_order":0,"comment_status":"closed","ping_status":"closed","template":"","meta":{"content-type":"","footnotes":""},"class_list":["post-9166","page","type-page","status-publish","has-post-thumbnail","hentry","has-thumb"],"yoast_head":"<!-- This site is optimized with the Yoast SEO plugin v25.8 - https:\/\/yoast.com\/wordpress\/plugins\/seo\/ -->\n<title>Patolog\u00eda - Cl\u00ednica O2 Medical Network<\/title>\n<meta name=\"description\" content=\"Esta rama de la medicina que se encarga de investigar el origen y la naturaleza de las enfermedades. Los especialistas en patolog\u00eda pueden clasificarse en dos tipos de campos de acci\u00f3n, patologos clinicos y anatomopat\u00f3logos.\" \/>\n<meta name=\"robots\" content=\"index, follow, max-snippet:-1, max-image-preview:large, max-video-preview:-1\" \/>\n<link rel=\"canonical\" href=\"https:\/\/www.o2medicalnetwork.com\/en\/patologia\/\" \/>\n<meta property=\"og:locale\" content=\"en_US\" \/>\n<meta property=\"og:type\" content=\"article\" \/>\n<meta property=\"og:title\" content=\"Patolog\u00eda - Cl\u00ednica O2 Medical Network\" \/>\n<meta property=\"og:description\" content=\"Esta rama de la medicina que se encarga de investigar el origen y la naturaleza de las enfermedades. Los especialistas en patolog\u00eda pueden clasificarse en dos tipos de campos de acci\u00f3n, patologos clinicos y anatomopat\u00f3logos.\" \/>\n<meta property=\"og:url\" content=\"https:\/\/www.o2medicalnetwork.com\/en\/patologia\/\" \/>\n<meta property=\"og:site_name\" content=\"Cl\u00ednica O2 Medical Network\" \/>\n<meta property=\"article:modified_time\" content=\"2021-11-19T23:55:05+00:00\" \/>\n<meta property=\"og:image\" content=\"https:\/\/www.o2medicalnetwork.com\/wp-content\/uploads\/2021\/03\/pexels-pixabay-356040.jpg\" \/>\n\t<meta property=\"og:image:width\" content=\"640\" \/>\n\t<meta property=\"og:image:height\" content=\"426\" \/>\n\t<meta property=\"og:image:type\" content=\"image\/jpeg\" \/>\n<meta name=\"twitter:card\" content=\"summary_large_image\" \/>\n<meta name=\"twitter:label1\" content=\"Est. reading time\" \/>\n\t<meta name=\"twitter:data1\" content=\"2 minutes\" \/>\n<script type=\"application\/ld+json\" class=\"yoast-schema-graph\">{\"@context\":\"https:\/\/schema.org\",\"@graph\":[{\"@type\":\"WebPage\",\"@id\":\"https:\/\/www.o2medicalnetwork.com\/patologia\/\",\"url\":\"https:\/\/www.o2medicalnetwork.com\/patologia\/\",\"name\":\"Patolog\u00eda - Cl\u00ednica O2 Medical Network\",\"isPartOf\":{\"@id\":\"https:\/\/www.o2medicalnetwork.com\/#website\"},\"primaryImageOfPage\":{\"@id\":\"https:\/\/www.o2medicalnetwork.com\/patologia\/#primaryimage\"},\"image\":{\"@id\":\"https:\/\/www.o2medicalnetwork.com\/patologia\/#primaryimage\"},\"thumbnailUrl\":\"https:\/\/www.o2medicalnetwork.com\/wp-content\/uploads\/2021\/03\/pexels-pixabay-356040.jpg\",\"datePublished\":\"2021-03-16T23:51:44+00:00\",\"dateModified\":\"2021-11-19T23:55:05+00:00\",\"description\":\"Esta rama de la medicina que se encarga de investigar el origen y la naturaleza de las enfermedades. Los especialistas en patolog\u00eda pueden clasificarse en dos tipos de campos de acci\u00f3n, patologos clinicos y anatomopat\u00f3logos.\",\"breadcrumb\":{\"@id\":\"https:\/\/www.o2medicalnetwork.com\/patologia\/#breadcrumb\"},\"inLanguage\":\"en-US\",\"potentialAction\":[{\"@type\":\"ReadAction\",\"target\":[\"https:\/\/www.o2medicalnetwork.com\/patologia\/\"]}]},{\"@type\":\"ImageObject\",\"inLanguage\":\"en-US\",\"@id\":\"https:\/\/www.o2medicalnetwork.com\/patologia\/#primaryimage\",\"url\":\"https:\/\/www.o2medicalnetwork.com\/wp-content\/uploads\/2021\/03\/pexels-pixabay-356040.jpg\",\"contentUrl\":\"https:\/\/www.o2medicalnetwork.com\/wp-content\/uploads\/2021\/03\/pexels-pixabay-356040.jpg\",\"width\":640,\"height\":426},{\"@type\":\"BreadcrumbList\",\"@id\":\"https:\/\/www.o2medicalnetwork.com\/patologia\/#breadcrumb\",\"itemListElement\":[{\"@type\":\"ListItem\",\"position\":1,\"name\":\"Portada\",\"item\":\"https:\/\/www.o2medicalnetwork.com\/\"},{\"@type\":\"ListItem\",\"position\":2,\"name\":\"Patolog\u00eda\"}]},{\"@type\":\"WebSite\",\"@id\":\"https:\/\/www.o2medicalnetwork.com\/#website\",\"url\":\"https:\/\/www.o2medicalnetwork.com\/\",\"name\":\"Cl\u00ednica O2 Medical Network\",\"description\":\"Tu no estas solo\",\"potentialAction\":[{\"@type\":\"SearchAction\",\"target\":{\"@type\":\"EntryPoint\",\"urlTemplate\":\"https:\/\/www.o2medicalnetwork.com\/?s={search_term_string}\"},\"query-input\":{\"@type\":\"PropertyValueSpecification\",\"valueRequired\":true,\"valueName\":\"search_term_string\"}}],\"inLanguage\":\"en-US\"}]}<\/script>\n<!-- \/ Yoast SEO plugin. -->","yoast_head_json":{"title":"Patolog\u00eda - Cl\u00ednica O2 Medical Network","description":"Esta rama de la medicina que se encarga de investigar el origen y la naturaleza de las enfermedades. Los especialistas en patolog\u00eda pueden clasificarse en dos tipos de campos de acci\u00f3n, patologos clinicos y anatomopat\u00f3logos.","robots":{"index":"index","follow":"follow","max-snippet":"max-snippet:-1","max-image-preview":"max-image-preview:large","max-video-preview":"max-video-preview:-1"},"canonical":"https:\/\/www.o2medicalnetwork.com\/en\/patologia\/","og_locale":"en_US","og_type":"article","og_title":"Patolog\u00eda - Cl\u00ednica O2 Medical Network","og_description":"Esta rama de la medicina que se encarga de investigar el origen y la naturaleza de las enfermedades. Los especialistas en patolog\u00eda pueden clasificarse en dos tipos de campos de acci\u00f3n, patologos clinicos y anatomopat\u00f3logos.","og_url":"https:\/\/www.o2medicalnetwork.com\/en\/patologia\/","og_site_name":"Cl\u00ednica O2 Medical Network","article_modified_time":"2021-11-19T23:55:05+00:00","og_image":[{"width":640,"height":426,"url":"https:\/\/www.o2medicalnetwork.com\/wp-content\/uploads\/2021\/03\/pexels-pixabay-356040.jpg","type":"image\/jpeg"}],"twitter_card":"summary_large_image","twitter_misc":{"Est. reading time":"2 minutes"},"schema":{"@context":"https:\/\/schema.org","@graph":[{"@type":"WebPage","@id":"https:\/\/www.o2medicalnetwork.com\/patologia\/","url":"https:\/\/www.o2medicalnetwork.com\/patologia\/","name":"Patolog\u00eda - Cl\u00ednica O2 Medical Network","isPartOf":{"@id":"https:\/\/www.o2medicalnetwork.com\/#website"},"primaryImageOfPage":{"@id":"https:\/\/www.o2medicalnetwork.com\/patologia\/#primaryimage"},"image":{"@id":"https:\/\/www.o2medicalnetwork.com\/patologia\/#primaryimage"},"thumbnailUrl":"https:\/\/www.o2medicalnetwork.com\/wp-content\/uploads\/2021\/03\/pexels-pixabay-356040.jpg","datePublished":"2021-03-16T23:51:44+00:00","dateModified":"2021-11-19T23:55:05+00:00","description":"Esta rama de la medicina que se encarga de investigar el origen y la naturaleza de las enfermedades. Los especialistas en patolog\u00eda pueden clasificarse en dos tipos de campos de acci\u00f3n, patologos clinicos y anatomopat\u00f3logos.","breadcrumb":{"@id":"https:\/\/www.o2medicalnetwork.com\/patologia\/#breadcrumb"},"inLanguage":"en-US","potentialAction":[{"@type":"ReadAction","target":["https:\/\/www.o2medicalnetwork.com\/patologia\/"]}]},{"@type":"ImageObject","inLanguage":"en-US","@id":"https:\/\/www.o2medicalnetwork.com\/patologia\/#primaryimage","url":"https:\/\/www.o2medicalnetwork.com\/wp-content\/uploads\/2021\/03\/pexels-pixabay-356040.jpg","contentUrl":"https:\/\/www.o2medicalnetwork.com\/wp-content\/uploads\/2021\/03\/pexels-pixabay-356040.jpg","width":640,"height":426},{"@type":"BreadcrumbList","@id":"https:\/\/www.o2medicalnetwork.com\/patologia\/#breadcrumb","itemListElement":[{"@type":"ListItem","position":1,"name":"Portada","item":"https:\/\/www.o2medicalnetwork.com\/"},{"@type":"ListItem","position":2,"name":"Patolog\u00eda"}]},{"@type":"WebSite","@id":"https:\/\/www.o2medicalnetwork.com\/#website","url":"https:\/\/www.o2medicalnetwork.com\/","name":"Cl\u00ednica O2 Medical Network","description":"Tu no estas solo","potentialAction":[{"@type":"SearchAction","target":{"@type":"EntryPoint","urlTemplate":"https:\/\/www.o2medicalnetwork.com\/?s={search_term_string}"},"query-input":{"@type":"PropertyValueSpecification","valueRequired":true,"valueName":"search_term_string"}}],"inLanguage":"en-US"}]}},"_links":{"self":[{"href":"https:\/\/www.o2medicalnetwork.com\/en\/wp-json\/wp\/v2\/pages\/9166","targetHints":{"allow":["GET"]}}],"collection":[{"href":"https:\/\/www.o2medicalnetwork.com\/en\/wp-json\/wp\/v2\/pages"}],"about":[{"href":"https:\/\/www.o2medicalnetwork.com\/en\/wp-json\/wp\/v2\/types\/page"}],"author":[{"embeddable":true,"href":"https:\/\/www.o2medicalnetwork.com\/en\/wp-json\/wp\/v2\/users\/1"}],"replies":[{"embeddable":true,"href":"https:\/\/www.o2medicalnetwork.com\/en\/wp-json\/wp\/v2\/comments?post=9166"}],"version-history":[{"count":10,"href":"https:\/\/www.o2medicalnetwork.com\/en\/wp-json\/wp\/v2\/pages\/9166\/revisions"}],"predecessor-version":[{"id":10417,"href":"https:\/\/www.o2medicalnetwork.com\/en\/wp-json\/wp\/v2\/pages\/9166\/revisions\/10417"}],"wp:featuredmedia":[{"embeddable":true,"href":"https:\/\/www.o2medicalnetwork.com\/en\/wp-json\/wp\/v2\/media\/9176"}],"wp:attachment":[{"href":"https:\/\/www.o2medicalnetwork.com\/en\/wp-json\/wp\/v2\/media?parent=9166"}],"curies":[{"name":"wp","href":"https:\/\/api.w.org\/{rel}","templated":true}]}}