{"id":9055,"date":"2021-03-16T15:52:07","date_gmt":"2021-03-16T20:52:07","guid":{"rendered":"https:\/\/www.o2medicalnetwork.com\/?page_id=9055"},"modified":"2021-11-19T19:02:49","modified_gmt":"2021-11-20T00:02:49","slug":"ginecologia","status":"publish","type":"page","link":"https:\/\/www.o2medicalnetwork.com\/en\/ginecologia\/","title":{"rendered":"Gynecology"},"content":{"rendered":"<div data-elementor-type=\"wp-page\" data-elementor-id=\"9055\" class=\"elementor elementor-9055\" data-elementor-post-type=\"page\">\n\t\t\t\t\t\t<section class=\"elementor-section elementor-top-section elementor-element elementor-element-70a1ee7e elementor-section-height-min-height elementor-section-content-middle elementor-section-items-top elementor-section-boxed elementor-section-height-default\" data-id=\"70a1ee7e\" data-element_type=\"section\" data-settings=\"{&quot;background_background&quot;:&quot;classic&quot;}\">\n\t\t\t\t\t\t\t<div class=\"elementor-background-overlay\"><\/div>\n\t\t\t\t\t\t\t<div class=\"elementor-container elementor-column-gap-wider\">\n\t\t\t\t\t<div class=\"elementor-column elementor-col-100 elementor-top-column elementor-element elementor-element-75d19efd\" data-id=\"75d19efd\" data-element_type=\"column\">\n\t\t\t<div class=\"elementor-widget-wrap\">\n\t\t\t\t\t\t\t<\/div>\n\t\t<\/div>\n\t\t\t\t\t<\/div>\n\t\t<\/section>\n\t\t\t\t<section class=\"elementor-section elementor-top-section elementor-element elementor-element-2f70c855 elementor-section-height-min-height elementor-section-boxed elementor-section-height-default elementor-section-items-middle\" data-id=\"2f70c855\" data-element_type=\"section\">\n\t\t\t\t\t\t<div class=\"elementor-container elementor-column-gap-default\">\n\t\t\t\t\t<div class=\"elementor-column elementor-col-50 elementor-top-column elementor-element elementor-element-1d605a89\" data-id=\"1d605a89\" data-element_type=\"column\">\n\t\t\t<div class=\"elementor-widget-wrap elementor-element-populated\">\n\t\t\t\t\t\t<div class=\"elementor-element elementor-element-485db28e elementor-widget elementor-widget-text-editor\" data-id=\"485db28e\" data-element_type=\"widget\" data-widget_type=\"text-editor.default\">\n\t\t\t\t<div class=\"elementor-widget-container\">\n\t\t\t\t\t\t\t<h2><b>Gynecology<\/b><\/h2><p style=\"text-align: justify;\"><span style=\"font-weight: 400;\">Our specialists prevent, diagnose and treat diseases related to the reproductive system and women's diseases, as well as the care and management of processes related to pregnancy and childbirth.\u00a0<\/span><\/p><p style=\"text-align: justify;\"><span style=\"font-weight: 400;\">The most frequent diseases that require attention from the obstetrician-gynecologist are ovarian cysts, polycystic ovaries, cervicitis, fibroids or myomas and endometriosis. And also being present throughout the process of pregnant women.<\/span><\/p>\t\t\t\t\t\t<\/div>\n\t\t\t\t<\/div>\n\t\t\t\t\t<\/div>\n\t\t<\/div>\n\t\t\t\t<div class=\"elementor-column elementor-col-50 elementor-top-column elementor-element elementor-element-cbc0905\" data-id=\"cbc0905\" data-element_type=\"column\">\n\t\t\t<div class=\"elementor-widget-wrap elementor-element-populated\">\n\t\t\t\t\t\t<div class=\"elementor-element elementor-element-4536f662 elementor-widget elementor-widget-image\" data-id=\"4536f662\" data-element_type=\"widget\" data-widget_type=\"image.default\">\n\t\t\t\t<div class=\"elementor-widget-container\">\n\t\t\t\t\t\t\t\t\t\t\t\t\t<img fetchpriority=\"high\" decoding=\"async\" width=\"418\" height=\"315\" src=\"https:\/\/www.o2medicalnetwork.com\/wp-content\/uploads\/2021\/03\/woman-332278_640-418x315.jpg\" class=\"attachment-post-thumbnail size-post-thumbnail wp-image-9059\" alt=\"\" srcset=\"https:\/\/www.o2medicalnetwork.com\/wp-content\/uploads\/2021\/03\/woman-332278_640-418x315.jpg 418w, https:\/\/www.o2medicalnetwork.com\/wp-content\/uploads\/2021\/03\/woman-332278_640-295x222.jpg 295w, https:\/\/www.o2medicalnetwork.com\/wp-content\/uploads\/2021\/03\/woman-332278_640-400x300.jpg 400w\" sizes=\"(max-width: 418px) 100vw, 418px\" \/>\t\t\t\t\t\t\t\t\t\t\t\t\t<\/div>\n\t\t\t\t<\/div>\n\t\t\t\t\t<\/div>\n\t\t<\/div>\n\t\t\t\t\t<\/div>\n\t\t<\/section>\n\t\t\t\t<section class=\"elementor-section elementor-top-section elementor-element elementor-element-45e11cf1 elementor-section-boxed elementor-section-height-default elementor-section-height-default\" data-id=\"45e11cf1\" data-element_type=\"section\">\n\t\t\t\t\t\t<div class=\"elementor-container elementor-column-gap-default\">\n\t\t\t\t\t<div class=\"elementor-column elementor-col-100 elementor-top-column elementor-element elementor-element-34ecf6cb\" data-id=\"34ecf6cb\" data-element_type=\"column\">\n\t\t\t<div class=\"elementor-widget-wrap elementor-element-populated\">\n\t\t\t\t\t\t<div class=\"elementor-element elementor-element-4af8b048 elementor-widget elementor-widget-heading\" data-id=\"4af8b048\" data-element_type=\"widget\" data-widget_type=\"heading.default\">\n\t\t\t\t<div class=\"elementor-widget-container\">\n\t\t\t<h2 class=\"elementor-heading-title elementor-size-default\">When should I go to a gynecologist?<\/h2>\t\t<\/div>\n\t\t\t\t<\/div>\n\t\t\t\t\t<\/div>\n\t\t<\/div>\n\t\t\t\t\t<\/div>\n\t\t<\/section>\n\t\t\t\t<section class=\"elementor-section elementor-top-section elementor-element elementor-element-216ff7e1 elementor-section-boxed elementor-section-height-default elementor-section-height-default\" data-id=\"216ff7e1\" data-element_type=\"section\">\n\t\t\t\t\t\t<div class=\"elementor-container elementor-column-gap-default\">\n\t\t\t\t\t<div class=\"elementor-column elementor-col-33 elementor-top-column elementor-element elementor-element-31189f3\" data-id=\"31189f3\" data-element_type=\"column\">\n\t\t\t<div class=\"elementor-widget-wrap elementor-element-populated\">\n\t\t\t\t\t\t<section class=\"elementor-section elementor-inner-section elementor-element elementor-element-68d4ae94 elementor-section-boxed elementor-section-height-default elementor-section-height-default\" data-id=\"68d4ae94\" data-element_type=\"section\">\n\t\t\t\t\t\t<div class=\"elementor-container elementor-column-gap-default\">\n\t\t\t\t\t<div class=\"elementor-column elementor-col-100 elementor-inner-column elementor-element elementor-element-7b625a3f\" data-id=\"7b625a3f\" data-element_type=\"column\">\n\t\t\t<div class=\"elementor-widget-wrap elementor-element-populated\">\n\t\t\t\t\t\t<div class=\"elementor-element elementor-element-421d8c6d elementor-widget elementor-widget-text-editor\" data-id=\"421d8c6d\" data-element_type=\"widget\" data-widget_type=\"text-editor.default\">\n\t\t\t\t<div class=\"elementor-widget-container\">\n\t\t\t\t\t\t\t<ul><li style=\"text-align: justify;\"><span style=\"font-weight: 400;\">When you start your sex life.<\/span><\/li><\/ul>\t\t\t\t\t\t<\/div>\n\t\t\t\t<\/div>\n\t\t\t\t<div class=\"elementor-element elementor-element-dfe3b57 elementor-widget elementor-widget-image\" data-id=\"dfe3b57\" data-element_type=\"widget\" data-widget_type=\"image.default\">\n\t\t\t\t<div class=\"elementor-widget-container\">\n\t\t\t\t\t\t\t\t\t\t\t\t\t<img decoding=\"async\" width=\"270\" height=\"270\" src=\"https:\/\/www.o2medicalnetwork.com\/wp-content\/uploads\/2021\/03\/pexels-cottonbro-4980382-270x270.jpg\" class=\"attachment-beclinic-thumb-sm size-beclinic-thumb-sm wp-image-9058\" alt=\"\" srcset=\"https:\/\/www.o2medicalnetwork.com\/wp-content\/uploads\/2021\/03\/pexels-cottonbro-4980382-270x270.jpg 270w, https:\/\/www.o2medicalnetwork.com\/wp-content\/uploads\/2021\/03\/pexels-cottonbro-4980382-150x150.jpg 150w, https:\/\/www.o2medicalnetwork.com\/wp-content\/uploads\/2021\/03\/pexels-cottonbro-4980382-400x400.jpg 400w, https:\/\/www.o2medicalnetwork.com\/wp-content\/uploads\/2021\/03\/pexels-cottonbro-4980382-512x512.jpg 512w, https:\/\/www.o2medicalnetwork.com\/wp-content\/uploads\/2021\/03\/pexels-cottonbro-4980382-300x300.jpg 300w, https:\/\/www.o2medicalnetwork.com\/wp-content\/uploads\/2021\/03\/pexels-cottonbro-4980382-100x100.jpg 100w, https:\/\/www.o2medicalnetwork.com\/wp-content\/uploads\/2021\/03\/pexels-cottonbro-4980382-286x286.jpg 286w, https:\/\/www.o2medicalnetwork.com\/wp-content\/uploads\/2021\/03\/pexels-cottonbro-4980382-450x450.jpg 450w\" sizes=\"(max-width: 270px) 100vw, 270px\" \/>\t\t\t\t\t\t\t\t\t\t\t\t\t<\/div>\n\t\t\t\t<\/div>\n\t\t\t\t\t<\/div>\n\t\t<\/div>\n\t\t\t\t\t<\/div>\n\t\t<\/section>\n\t\t\t\t\t<\/div>\n\t\t<\/div>\n\t\t\t\t<div class=\"elementor-column elementor-col-33 elementor-top-column elementor-element elementor-element-1fbf61d4\" data-id=\"1fbf61d4\" data-element_type=\"column\">\n\t\t\t<div class=\"elementor-widget-wrap elementor-element-populated\">\n\t\t\t\t\t\t<section class=\"elementor-section elementor-inner-section elementor-element elementor-element-277e5686 elementor-section-boxed elementor-section-height-default elementor-section-height-default\" data-id=\"277e5686\" data-element_type=\"section\">\n\t\t\t\t\t\t<div class=\"elementor-container elementor-column-gap-default\">\n\t\t\t\t\t<div class=\"elementor-column elementor-col-100 elementor-inner-column elementor-element elementor-element-687c492e\" data-id=\"687c492e\" data-element_type=\"column\">\n\t\t\t<div class=\"elementor-widget-wrap elementor-element-populated\">\n\t\t\t\t\t\t<div class=\"elementor-element elementor-element-22dfab50 elementor-widget elementor-widget-text-editor\" data-id=\"22dfab50\" data-element_type=\"widget\" data-widget_type=\"text-editor.default\">\n\t\t\t\t<div class=\"elementor-widget-container\">\n\t\t\t\t\t\t\t<ul><li style=\"text-align: justify;\"><span style=\"font-weight: 400;\">\u00a0If you experience menstrual cramps and period abnormalities.<\/span><\/li><\/ul>\t\t\t\t\t\t<\/div>\n\t\t\t\t<\/div>\n\t\t\t\t<div class=\"elementor-element elementor-element-1c6a78f5 elementor-widget elementor-widget-image\" data-id=\"1c6a78f5\" data-element_type=\"widget\" data-widget_type=\"image.default\">\n\t\t\t\t<div class=\"elementor-widget-container\">\n\t\t\t\t\t\t\t\t\t\t\t\t\t<img decoding=\"async\" width=\"270\" height=\"270\" src=\"https:\/\/www.o2medicalnetwork.com\/wp-content\/uploads\/2021\/03\/woman-6080984_640-270x270.jpg\" class=\"attachment-beclinic-thumb-sm size-beclinic-thumb-sm wp-image-9060\" alt=\"\" srcset=\"https:\/\/www.o2medicalnetwork.com\/wp-content\/uploads\/2021\/03\/woman-6080984_640-270x270.jpg 270w, https:\/\/www.o2medicalnetwork.com\/wp-content\/uploads\/2021\/03\/woman-6080984_640-150x150.jpg 150w, https:\/\/www.o2medicalnetwork.com\/wp-content\/uploads\/2021\/03\/woman-6080984_640-400x400.jpg 400w, https:\/\/www.o2medicalnetwork.com\/wp-content\/uploads\/2021\/03\/woman-6080984_640-300x300.jpg 300w, https:\/\/www.o2medicalnetwork.com\/wp-content\/uploads\/2021\/03\/woman-6080984_640-100x100.jpg 100w, https:\/\/www.o2medicalnetwork.com\/wp-content\/uploads\/2021\/03\/woman-6080984_640-286x286.jpg 286w\" sizes=\"(max-width: 270px) 100vw, 270px\" \/>\t\t\t\t\t\t\t\t\t\t\t\t\t<\/div>\n\t\t\t\t<\/div>\n\t\t\t\t\t<\/div>\n\t\t<\/div>\n\t\t\t\t\t<\/div>\n\t\t<\/section>\n\t\t\t\t\t<\/div>\n\t\t<\/div>\n\t\t\t\t<div class=\"elementor-column elementor-col-33 elementor-top-column elementor-element elementor-element-69fcd5f8\" data-id=\"69fcd5f8\" data-element_type=\"column\">\n\t\t\t<div class=\"elementor-widget-wrap elementor-element-populated\">\n\t\t\t\t\t\t<section class=\"elementor-section elementor-inner-section elementor-element elementor-element-15740831 elementor-section-boxed elementor-section-height-default elementor-section-height-default\" data-id=\"15740831\" data-element_type=\"section\">\n\t\t\t\t\t\t<div class=\"elementor-container elementor-column-gap-default\">\n\t\t\t\t\t<div class=\"elementor-column elementor-col-100 elementor-inner-column elementor-element elementor-element-120372dc\" data-id=\"120372dc\" data-element_type=\"column\">\n\t\t\t<div class=\"elementor-widget-wrap elementor-element-populated\">\n\t\t\t\t\t\t<div class=\"elementor-element elementor-element-512947f8 elementor-widget elementor-widget-text-editor\" data-id=\"512947f8\" data-element_type=\"widget\" data-widget_type=\"text-editor.default\">\n\t\t\t\t<div class=\"elementor-widget-container\">\n\t\t\t\t\t\t\t<ul><li style=\"text-align: justify;\"><span style=\"font-weight: 400;\">If you find differences in your breasts, or if you experience any pain in nearby areas.<\/span><\/li><\/ul>\t\t\t\t\t\t<\/div>\n\t\t\t\t<\/div>\n\t\t\t\t<div class=\"elementor-element elementor-element-25fac345 elementor-widget elementor-widget-image\" data-id=\"25fac345\" data-element_type=\"widget\" data-widget_type=\"image.default\">\n\t\t\t\t<div class=\"elementor-widget-container\">\n\t\t\t\t\t\t\t\t\t\t\t\t\t<img loading=\"lazy\" decoding=\"async\" width=\"295\" height=\"222\" src=\"https:\/\/www.o2medicalnetwork.com\/wp-content\/uploads\/2021\/03\/pexels-cottonbro-5701249-295x222.jpg\" class=\"attachment-thumbnail size-thumbnail wp-image-9061\" alt=\"\" srcset=\"https:\/\/www.o2medicalnetwork.com\/wp-content\/uploads\/2021\/03\/pexels-cottonbro-5701249-295x222.jpg 295w, https:\/\/www.o2medicalnetwork.com\/wp-content\/uploads\/2021\/03\/pexels-cottonbro-5701249-418x315.jpg 418w, https:\/\/www.o2medicalnetwork.com\/wp-content\/uploads\/2021\/03\/pexels-cottonbro-5701249-400x300.jpg 400w\" sizes=\"(max-width: 295px) 100vw, 295px\" \/>\t\t\t\t\t\t\t\t\t\t\t\t\t<\/div>\n\t\t\t\t<\/div>\n\t\t\t\t\t<\/div>\n\t\t<\/div>\n\t\t\t\t\t<\/div>\n\t\t<\/section>\n\t\t\t\t\t<\/div>\n\t\t<\/div>\n\t\t\t\t\t<\/div>\n\t\t<\/section>\n\t\t\t\t<section class=\"elementor-section elementor-top-section elementor-element elementor-element-417c5599 elementor-section-boxed elementor-section-height-default elementor-section-height-default\" data-id=\"417c5599\" data-element_type=\"section\">\n\t\t\t\t\t\t<div class=\"elementor-container elementor-column-gap-default\">\n\t\t\t\t\t<div class=\"elementor-column elementor-col-100 elementor-top-column elementor-element elementor-element-769356b5\" data-id=\"769356b5\" data-element_type=\"column\">\n\t\t\t<div class=\"elementor-widget-wrap elementor-element-populated\">\n\t\t\t\t\t\t<section class=\"elementor-section elementor-inner-section elementor-element elementor-element-46104f72 elementor-section-boxed elementor-section-height-default elementor-section-height-default\" data-id=\"46104f72\" data-element_type=\"section\">\n\t\t\t\t\t\t<div class=\"elementor-container elementor-column-gap-default\">\n\t\t\t\t\t<div class=\"elementor-column elementor-col-100 elementor-inner-column elementor-element elementor-element-7a89f917\" data-id=\"7a89f917\" data-element_type=\"column\">\n\t\t\t<div class=\"elementor-widget-wrap elementor-element-populated\">\n\t\t\t\t\t\t<div class=\"elementor-element elementor-element-1a75fb24 elementor-widget elementor-widget-text-editor\" data-id=\"1a75fb24\" data-element_type=\"widget\" data-widget_type=\"text-editor.default\">\n\t\t\t\t<div class=\"elementor-widget-container\">\n\t\t\t\t\t\t\t<p><span style=\"font-weight: 400;\">Rest assured that you are in good hands! Because our specialists are ready to take care of your health.<\/span><\/p><p><span style=\"font-weight: 400;\">Contact us:<\/span><\/p><p><span style=\"font-weight: 400;\">\u00a0Phone:<strong><span style=\"color: #993300;\"><a style=\"color: #993300;\" href=\"tel:+5184221213\">+5184221213\u00a0<\/a><\/span><\/strong><\/span><\/p><p><span class=\"pq6dq46d tbxw36s4 knj5qynh kvgmc6g5 ditlmg2l oygrvhab nvdbi5me sf5mxxl7 gl3lb2sf hhz5lgdu\" style=\"margin: 0px 1px; height: 16px; width: 16px; display: inline-flex; vertical-align: middle; font-family: inherit;\"><img loading=\"lazy\" decoding=\"async\" style=\"border-width: 0px; border-style: initial;\" src=\"https:\/\/static.xx.fbcdn.net\/images\/emoji.php\/v9\/t4d\/1\/16\/1f4de.png\" alt=\"\ud83d\udcde\" width=\"16\" height=\"16\" \/><\/span> WhatsApp: <strong><span style=\"font-family: inherit; color: #993300;\"><a class=\"oajrlxb2 g5ia77u1 qu0x051f esr5mh6w e9989ue4 r7d6kgcz rq0escxv nhd2j8a9 nc684nl6 p7hjln8o kvgmc6g5 cxmmr5t8 oygrvhab hcukyx3x jb3vyjys rz4wbd8a qt6c0cv9 a8nywdso i1ao9s8h esuyzwwr f1sip0of lzcic4wl py34i1dx gpro0wi8\" style=\"color: #993300; cursor: pointer; outline: none; list-style: none; padding: 0px; margin: 0px; touch-action: manipulation; text-align: inherit; display: inline; -webkit-tap-highlight-color: transparent; font-family: inherit;\" tabindex=\"0\" role=\"link\" href=\"https:\/\/bit.ly\/clinicao2chat?fbclid=IwAR0eLlLEoz3zdQfGblTwd9IPp6NKKOTm-_pLLOtD8ejCfd_G3OBCQUaPgjs\" target=\"_blank\" rel=\"nofollow noopener\">https:\/\/bit.ly\/clinicao2chat<\/a><\/span><\/strong><\/p><div dir=\"auto\" style=\"font-family: 'Segoe UI Historic', 'Segoe UI', Helvetica, Arial, sans-serif; color: #050505; font-size: 15px; white-space: pre-wrap;\"><span class=\"pq6dq46d tbxw36s4 knj5qynh kvgmc6g5 ditlmg2l oygrvhab nvdbi5me sf5mxxl7 gl3lb2sf hhz5lgdu\" style=\"margin: 0px 1px; height: 16px; width: 16px; display: inline-flex; vertical-align: middle; font-family: inherit;\"><img loading=\"lazy\" decoding=\"async\" style=\"border-width: 0px; border-style: initial;\" src=\"https:\/\/static.xx.fbcdn.net\/images\/emoji.php\/v9\/t6e\/1\/16\/1f4ac.png\" alt=\"\ud83d\udcac\" width=\"16\" height=\"16\" \/><\/span> Facebook Messenger <strong><span style=\"font-family: inherit; color: #993300;\"><a class=\"oajrlxb2 g5ia77u1 qu0x051f esr5mh6w e9989ue4 r7d6kgcz rq0escxv nhd2j8a9 nc684nl6 p7hjln8o kvgmc6g5 cxmmr5t8 oygrvhab hcukyx3x jb3vyjys rz4wbd8a qt6c0cv9 a8nywdso i1ao9s8h esuyzwwr f1sip0of lzcic4wl py34i1dx gpro0wi8\" style=\"color: #993300; cursor: pointer; outline: none; list-style: none; padding: 0px; margin: 0px; touch-action: manipulation; text-align: inherit; display: inline; -webkit-tap-highlight-color: transparent; font-family: inherit;\" tabindex=\"0\" role=\"link\" href=\"https:\/\/bit.ly\/Messengero2c?fbclid=IwAR01Zk2W9uBHiSAVAvGJivx4xGoyVZRkvS5PxBbJc70mPVL3WE4pI1KBGNc\" target=\"_blank\" rel=\"nofollow noopener\">https:\/\/bit.ly\/Messengero2c<\/a><\/span><\/strong><\/div><p>\u00a0<\/p>\t\t\t\t\t\t<\/div>\n\t\t\t\t<\/div>\n\t\t\t\t\t<\/div>\n\t\t<\/div>\n\t\t\t\t\t<\/div>\n\t\t<\/section>\n\t\t\t\t\t<\/div>\n\t\t<\/div>\n\t\t\t\t\t<\/div>\n\t\t<\/section>\n\t\t\t\t<\/div>","protected":false},"excerpt":{"rendered":"<p>Ginecolog\u00eda Nuestros especialistas previenen, diagnostican y tratan las patolog\u00edas relacionadas al aparato reproductivo y enfermedades propias de la mujer, as\u00ed como el cuidado y manejo en los procesos relacionados a la gestaci\u00f3n y el parto.\u00a0 Las enfermedades m\u00e1s frecuentes que requieren atenci\u00f3n del gineco obstetra son los quistes de ovarios, ovarios poliqu\u00edsticos, cervicitis, fibromas o &hellip;<\/p>","protected":false},"author":1,"featured_media":9063,"parent":0,"menu_order":0,"comment_status":"closed","ping_status":"closed","template":"","meta":{"content-type":"","footnotes":""},"class_list":["post-9055","page","type-page","status-publish","has-post-thumbnail","hentry","has-thumb"],"yoast_head":"<!-- This site is optimized with the Yoast SEO plugin v25.8 - https:\/\/yoast.com\/wordpress\/plugins\/seo\/ -->\n<title>Ginecolog\u00eda - Cl\u00ednica O2 Medical Network<\/title>\n<meta name=\"description\" content=\"Nuestros especialistas previenen, diagnostican y tratan las patolog\u00edas relacionadas al aparato reproductivo y enfermedades propias de la mujer.\" \/>\n<meta name=\"robots\" content=\"index, follow, max-snippet:-1, max-image-preview:large, max-video-preview:-1\" \/>\n<link rel=\"canonical\" href=\"https:\/\/www.o2medicalnetwork.com\/en\/ginecologia\/\" \/>\n<meta property=\"og:locale\" content=\"en_US\" \/>\n<meta property=\"og:type\" content=\"article\" \/>\n<meta property=\"og:title\" content=\"Ginecolog\u00eda - Cl\u00ednica O2 Medical Network\" \/>\n<meta property=\"og:description\" content=\"Nuestros especialistas previenen, diagnostican y tratan las patolog\u00edas relacionadas al aparato reproductivo y enfermedades propias de la mujer.\" \/>\n<meta property=\"og:url\" content=\"https:\/\/www.o2medicalnetwork.com\/en\/ginecologia\/\" \/>\n<meta property=\"og:site_name\" content=\"Cl\u00ednica O2 Medical Network\" \/>\n<meta property=\"article:modified_time\" content=\"2021-11-20T00:02:49+00:00\" \/>\n<meta property=\"og:image\" content=\"https:\/\/www.o2medicalnetwork.com\/wp-content\/uploads\/2021\/03\/pexels-nataliya-vaitkevich-5712297.jpg\" \/>\n\t<meta property=\"og:image:width\" content=\"640\" \/>\n\t<meta property=\"og:image:height\" content=\"960\" \/>\n\t<meta property=\"og:image:type\" content=\"image\/jpeg\" \/>\n<meta name=\"twitter:card\" content=\"summary_large_image\" \/>\n<meta name=\"twitter:label1\" content=\"Est. reading time\" \/>\n\t<meta name=\"twitter:data1\" content=\"2 minutes\" \/>\n<script type=\"application\/ld+json\" class=\"yoast-schema-graph\">{\"@context\":\"https:\/\/schema.org\",\"@graph\":[{\"@type\":\"WebPage\",\"@id\":\"https:\/\/www.o2medicalnetwork.com\/ginecologia\/\",\"url\":\"https:\/\/www.o2medicalnetwork.com\/ginecologia\/\",\"name\":\"Ginecolog\u00eda - Cl\u00ednica O2 Medical Network\",\"isPartOf\":{\"@id\":\"https:\/\/www.o2medicalnetwork.com\/#website\"},\"primaryImageOfPage\":{\"@id\":\"https:\/\/www.o2medicalnetwork.com\/ginecologia\/#primaryimage\"},\"image\":{\"@id\":\"https:\/\/www.o2medicalnetwork.com\/ginecologia\/#primaryimage\"},\"thumbnailUrl\":\"https:\/\/www.o2medicalnetwork.com\/wp-content\/uploads\/2021\/03\/pexels-nataliya-vaitkevich-5712297.jpg\",\"datePublished\":\"2021-03-16T20:52:07+00:00\",\"dateModified\":\"2021-11-20T00:02:49+00:00\",\"description\":\"Nuestros especialistas previenen, diagnostican y tratan las patolog\u00edas relacionadas al aparato reproductivo y enfermedades propias de la mujer.\",\"breadcrumb\":{\"@id\":\"https:\/\/www.o2medicalnetwork.com\/ginecologia\/#breadcrumb\"},\"inLanguage\":\"en-US\",\"potentialAction\":[{\"@type\":\"ReadAction\",\"target\":[\"https:\/\/www.o2medicalnetwork.com\/ginecologia\/\"]}]},{\"@type\":\"ImageObject\",\"inLanguage\":\"en-US\",\"@id\":\"https:\/\/www.o2medicalnetwork.com\/ginecologia\/#primaryimage\",\"url\":\"https:\/\/www.o2medicalnetwork.com\/wp-content\/uploads\/2021\/03\/pexels-nataliya-vaitkevich-5712297.jpg\",\"contentUrl\":\"https:\/\/www.o2medicalnetwork.com\/wp-content\/uploads\/2021\/03\/pexels-nataliya-vaitkevich-5712297.jpg\",\"width\":640,\"height\":960},{\"@type\":\"BreadcrumbList\",\"@id\":\"https:\/\/www.o2medicalnetwork.com\/ginecologia\/#breadcrumb\",\"itemListElement\":[{\"@type\":\"ListItem\",\"position\":1,\"name\":\"Portada\",\"item\":\"https:\/\/www.o2medicalnetwork.com\/\"},{\"@type\":\"ListItem\",\"position\":2,\"name\":\"Ginecolog\u00eda\"}]},{\"@type\":\"WebSite\",\"@id\":\"https:\/\/www.o2medicalnetwork.com\/#website\",\"url\":\"https:\/\/www.o2medicalnetwork.com\/\",\"name\":\"Cl\u00ednica O2 Medical Network\",\"description\":\"Tu no estas solo\",\"potentialAction\":[{\"@type\":\"SearchAction\",\"target\":{\"@type\":\"EntryPoint\",\"urlTemplate\":\"https:\/\/www.o2medicalnetwork.com\/?s={search_term_string}\"},\"query-input\":{\"@type\":\"PropertyValueSpecification\",\"valueRequired\":true,\"valueName\":\"search_term_string\"}}],\"inLanguage\":\"en-US\"}]}<\/script>\n<!-- \/ Yoast SEO plugin. -->","yoast_head_json":{"title":"Ginecolog\u00eda - Cl\u00ednica O2 Medical Network","description":"Nuestros especialistas previenen, diagnostican y tratan las patolog\u00edas relacionadas al aparato reproductivo y enfermedades propias de la mujer.","robots":{"index":"index","follow":"follow","max-snippet":"max-snippet:-1","max-image-preview":"max-image-preview:large","max-video-preview":"max-video-preview:-1"},"canonical":"https:\/\/www.o2medicalnetwork.com\/en\/ginecologia\/","og_locale":"en_US","og_type":"article","og_title":"Ginecolog\u00eda - Cl\u00ednica O2 Medical Network","og_description":"Nuestros especialistas previenen, diagnostican y tratan las patolog\u00edas relacionadas al aparato reproductivo y enfermedades propias de la mujer.","og_url":"https:\/\/www.o2medicalnetwork.com\/en\/ginecologia\/","og_site_name":"Cl\u00ednica O2 Medical Network","article_modified_time":"2021-11-20T00:02:49+00:00","og_image":[{"width":640,"height":960,"url":"https:\/\/www.o2medicalnetwork.com\/wp-content\/uploads\/2021\/03\/pexels-nataliya-vaitkevich-5712297.jpg","type":"image\/jpeg"}],"twitter_card":"summary_large_image","twitter_misc":{"Est. reading time":"2 minutes"},"schema":{"@context":"https:\/\/schema.org","@graph":[{"@type":"WebPage","@id":"https:\/\/www.o2medicalnetwork.com\/ginecologia\/","url":"https:\/\/www.o2medicalnetwork.com\/ginecologia\/","name":"Ginecolog\u00eda - Cl\u00ednica O2 Medical Network","isPartOf":{"@id":"https:\/\/www.o2medicalnetwork.com\/#website"},"primaryImageOfPage":{"@id":"https:\/\/www.o2medicalnetwork.com\/ginecologia\/#primaryimage"},"image":{"@id":"https:\/\/www.o2medicalnetwork.com\/ginecologia\/#primaryimage"},"thumbnailUrl":"https:\/\/www.o2medicalnetwork.com\/wp-content\/uploads\/2021\/03\/pexels-nataliya-vaitkevich-5712297.jpg","datePublished":"2021-03-16T20:52:07+00:00","dateModified":"2021-11-20T00:02:49+00:00","description":"Nuestros especialistas previenen, diagnostican y tratan las patolog\u00edas relacionadas al aparato reproductivo y enfermedades propias de la mujer.","breadcrumb":{"@id":"https:\/\/www.o2medicalnetwork.com\/ginecologia\/#breadcrumb"},"inLanguage":"en-US","potentialAction":[{"@type":"ReadAction","target":["https:\/\/www.o2medicalnetwork.com\/ginecologia\/"]}]},{"@type":"ImageObject","inLanguage":"en-US","@id":"https:\/\/www.o2medicalnetwork.com\/ginecologia\/#primaryimage","url":"https:\/\/www.o2medicalnetwork.com\/wp-content\/uploads\/2021\/03\/pexels-nataliya-vaitkevich-5712297.jpg","contentUrl":"https:\/\/www.o2medicalnetwork.com\/wp-content\/uploads\/2021\/03\/pexels-nataliya-vaitkevich-5712297.jpg","width":640,"height":960},{"@type":"BreadcrumbList","@id":"https:\/\/www.o2medicalnetwork.com\/ginecologia\/#breadcrumb","itemListElement":[{"@type":"ListItem","position":1,"name":"Portada","item":"https:\/\/www.o2medicalnetwork.com\/"},{"@type":"ListItem","position":2,"name":"Ginecolog\u00eda"}]},{"@type":"WebSite","@id":"https:\/\/www.o2medicalnetwork.com\/#website","url":"https:\/\/www.o2medicalnetwork.com\/","name":"Cl\u00ednica O2 Medical Network","description":"Tu no estas solo","potentialAction":[{"@type":"SearchAction","target":{"@type":"EntryPoint","urlTemplate":"https:\/\/www.o2medicalnetwork.com\/?s={search_term_string}"},"query-input":{"@type":"PropertyValueSpecification","valueRequired":true,"valueName":"search_term_string"}}],"inLanguage":"en-US"}]}},"_links":{"self":[{"href":"https:\/\/www.o2medicalnetwork.com\/en\/wp-json\/wp\/v2\/pages\/9055","targetHints":{"allow":["GET"]}}],"collection":[{"href":"https:\/\/www.o2medicalnetwork.com\/en\/wp-json\/wp\/v2\/pages"}],"about":[{"href":"https:\/\/www.o2medicalnetwork.com\/en\/wp-json\/wp\/v2\/types\/page"}],"author":[{"embeddable":true,"href":"https:\/\/www.o2medicalnetwork.com\/en\/wp-json\/wp\/v2\/users\/1"}],"replies":[{"embeddable":true,"href":"https:\/\/www.o2medicalnetwork.com\/en\/wp-json\/wp\/v2\/comments?post=9055"}],"version-history":[{"count":5,"href":"https:\/\/www.o2medicalnetwork.com\/en\/wp-json\/wp\/v2\/pages\/9055\/revisions"}],"predecessor-version":[{"id":10427,"href":"https:\/\/www.o2medicalnetwork.com\/en\/wp-json\/wp\/v2\/pages\/9055\/revisions\/10427"}],"wp:featuredmedia":[{"embeddable":true,"href":"https:\/\/www.o2medicalnetwork.com\/en\/wp-json\/wp\/v2\/media\/9063"}],"wp:attachment":[{"href":"https:\/\/www.o2medicalnetwork.com\/en\/wp-json\/wp\/v2\/media?parent=9055"}],"curies":[{"name":"wp","href":"https:\/\/api.w.org\/{rel}","templated":true}]}}