{"id":9045,"date":"2021-03-16T15:31:36","date_gmt":"2021-03-16T20:31:36","guid":{"rendered":"https:\/\/www.o2medicalnetwork.com\/?page_id=9045"},"modified":"2021-11-19T19:03:19","modified_gmt":"2021-11-20T00:03:19","slug":"geriatria","status":"publish","type":"page","link":"https:\/\/www.o2medicalnetwork.com\/en\/geriatria\/","title":{"rendered":"Geriatric"},"content":{"rendered":"<div data-elementor-type=\"wp-page\" data-elementor-id=\"9045\" class=\"elementor elementor-9045\" data-elementor-post-type=\"page\">\n\t\t\t\t\t\t<section class=\"elementor-section elementor-top-section elementor-element elementor-element-4175a0d0 elementor-section-height-min-height elementor-section-content-middle elementor-section-items-top elementor-section-boxed elementor-section-height-default\" data-id=\"4175a0d0\" data-element_type=\"section\" data-settings=\"{&quot;background_background&quot;:&quot;classic&quot;}\">\n\t\t\t\t\t\t\t<div class=\"elementor-background-overlay\"><\/div>\n\t\t\t\t\t\t\t<div class=\"elementor-container elementor-column-gap-wider\">\n\t\t\t\t\t<div class=\"elementor-column elementor-col-100 elementor-top-column elementor-element elementor-element-6dd2cc16\" data-id=\"6dd2cc16\" data-element_type=\"column\">\n\t\t\t<div class=\"elementor-widget-wrap\">\n\t\t\t\t\t\t\t<\/div>\n\t\t<\/div>\n\t\t\t\t\t<\/div>\n\t\t<\/section>\n\t\t\t\t<section class=\"elementor-section elementor-top-section elementor-element elementor-element-7e9e240c elementor-section-height-min-height elementor-section-boxed elementor-section-height-default elementor-section-items-middle\" data-id=\"7e9e240c\" data-element_type=\"section\">\n\t\t\t\t\t\t<div class=\"elementor-container elementor-column-gap-default\">\n\t\t\t\t\t<div class=\"elementor-column elementor-col-50 elementor-top-column elementor-element elementor-element-7cc2f525\" data-id=\"7cc2f525\" data-element_type=\"column\">\n\t\t\t<div class=\"elementor-widget-wrap elementor-element-populated\">\n\t\t\t\t\t\t<div class=\"elementor-element elementor-element-7f216ae7 elementor-widget elementor-widget-text-editor\" data-id=\"7f216ae7\" data-element_type=\"widget\" data-widget_type=\"text-editor.default\">\n\t\t\t\t<div class=\"elementor-widget-container\">\n\t\t\t\t\t\t\t<h2><b>Geriatric<\/b><\/h2><p style=\"text-align: justify;\"><span style=\"font-weight: 400;\">This branch of medicine deals with the study, prevention, diagnosis and treatment of diseases in older adults. They focus not only on the medical aspect, but also on psychological and social aspects that usually accompany the aging process. <\/span><\/p>\t\t\t\t\t\t<\/div>\n\t\t\t\t<\/div>\n\t\t\t\t\t<\/div>\n\t\t<\/div>\n\t\t\t\t<div class=\"elementor-column elementor-col-50 elementor-top-column elementor-element elementor-element-6e4f6a35\" data-id=\"6e4f6a35\" data-element_type=\"column\">\n\t\t\t<div class=\"elementor-widget-wrap elementor-element-populated\">\n\t\t\t\t\t\t<div class=\"elementor-element elementor-element-cf6b5c4 elementor-widget elementor-widget-image\" data-id=\"cf6b5c4\" data-element_type=\"widget\" data-widget_type=\"image.default\">\n\t\t\t\t<div class=\"elementor-widget-container\">\n\t\t\t\t\t\t\t\t\t\t\t\t\t<img fetchpriority=\"high\" decoding=\"async\" width=\"418\" height=\"315\" src=\"https:\/\/www.o2medicalnetwork.com\/wp-content\/uploads\/2021\/03\/pexels-steshka-willems-3018993-418x315.jpg\" class=\"attachment-post-thumbnail size-post-thumbnail wp-image-9047\" alt=\"\" srcset=\"https:\/\/www.o2medicalnetwork.com\/wp-content\/uploads\/2021\/03\/pexels-steshka-willems-3018993-418x315.jpg 418w, https:\/\/www.o2medicalnetwork.com\/wp-content\/uploads\/2021\/03\/pexels-steshka-willems-3018993-295x222.jpg 295w, https:\/\/www.o2medicalnetwork.com\/wp-content\/uploads\/2021\/03\/pexels-steshka-willems-3018993-400x300.jpg 400w\" sizes=\"(max-width: 418px) 100vw, 418px\" \/>\t\t\t\t\t\t\t\t\t\t\t\t\t<\/div>\n\t\t\t\t<\/div>\n\t\t\t\t\t<\/div>\n\t\t<\/div>\n\t\t\t\t\t<\/div>\n\t\t<\/section>\n\t\t\t\t<section class=\"elementor-section elementor-top-section elementor-element elementor-element-5f3622e7 elementor-section-boxed elementor-section-height-default elementor-section-height-default\" data-id=\"5f3622e7\" data-element_type=\"section\">\n\t\t\t\t\t\t<div class=\"elementor-container elementor-column-gap-default\">\n\t\t\t\t\t<div class=\"elementor-column elementor-col-100 elementor-top-column elementor-element elementor-element-2b7b4148\" data-id=\"2b7b4148\" data-element_type=\"column\">\n\t\t\t<div class=\"elementor-widget-wrap elementor-element-populated\">\n\t\t\t\t\t\t<div class=\"elementor-element elementor-element-4c4507da elementor-widget elementor-widget-heading\" data-id=\"4c4507da\" data-element_type=\"widget\" data-widget_type=\"heading.default\">\n\t\t\t\t<div class=\"elementor-widget-container\">\n\t\t\t<h2 class=\"elementor-heading-title elementor-size-default\">When should I go to a geriatrician? <\/h2>\t\t<\/div>\n\t\t\t\t<\/div>\n\t\t\t\t\t<\/div>\n\t\t<\/div>\n\t\t\t\t\t<\/div>\n\t\t<\/section>\n\t\t\t\t<section class=\"elementor-section elementor-top-section elementor-element elementor-element-4710cf86 elementor-section-boxed elementor-section-height-default elementor-section-height-default\" data-id=\"4710cf86\" data-element_type=\"section\">\n\t\t\t\t\t\t<div class=\"elementor-container elementor-column-gap-default\">\n\t\t\t\t\t<div class=\"elementor-column elementor-col-33 elementor-top-column elementor-element elementor-element-6c33e9a7\" data-id=\"6c33e9a7\" data-element_type=\"column\">\n\t\t\t<div class=\"elementor-widget-wrap elementor-element-populated\">\n\t\t\t\t\t\t<section class=\"elementor-section elementor-inner-section elementor-element elementor-element-3e77aeef elementor-section-boxed elementor-section-height-default elementor-section-height-default\" data-id=\"3e77aeef\" data-element_type=\"section\">\n\t\t\t\t\t\t<div class=\"elementor-container elementor-column-gap-default\">\n\t\t\t\t\t<div class=\"elementor-column elementor-col-100 elementor-inner-column elementor-element elementor-element-36655703\" data-id=\"36655703\" data-element_type=\"column\">\n\t\t\t<div class=\"elementor-widget-wrap elementor-element-populated\">\n\t\t\t\t\t\t<div class=\"elementor-element elementor-element-453a6d67 elementor-widget elementor-widget-text-editor\" data-id=\"453a6d67\" data-element_type=\"widget\" data-widget_type=\"text-editor.default\">\n\t\t\t\t<div class=\"elementor-widget-container\">\n\t\t\t\t\t\t\t<ul><li><p><span style=\"font-weight: 400;\">When you are over 60 years old to achieve successful aging.<\/span><\/p><\/li><\/ul>\t\t\t\t\t\t<\/div>\n\t\t\t\t<\/div>\n\t\t\t\t<div class=\"elementor-element elementor-element-a8e4a77 elementor-widget elementor-widget-image\" data-id=\"a8e4a77\" data-element_type=\"widget\" data-widget_type=\"image.default\">\n\t\t\t\t<div class=\"elementor-widget-container\">\n\t\t\t\t\t\t\t\t\t\t\t\t\t<img decoding=\"async\" width=\"270\" height=\"270\" src=\"https:\/\/www.o2medicalnetwork.com\/wp-content\/uploads\/2021\/03\/woman-1031000_640-270x270.jpg\" class=\"attachment-beclinic-thumb-sm size-beclinic-thumb-sm wp-image-9048\" alt=\"\" srcset=\"https:\/\/www.o2medicalnetwork.com\/wp-content\/uploads\/2021\/03\/woman-1031000_640-270x270.jpg 270w, https:\/\/www.o2medicalnetwork.com\/wp-content\/uploads\/2021\/03\/woman-1031000_640-150x150.jpg 150w, https:\/\/www.o2medicalnetwork.com\/wp-content\/uploads\/2021\/03\/woman-1031000_640-400x400.jpg 400w, https:\/\/www.o2medicalnetwork.com\/wp-content\/uploads\/2021\/03\/woman-1031000_640-300x300.jpg 300w, https:\/\/www.o2medicalnetwork.com\/wp-content\/uploads\/2021\/03\/woman-1031000_640-100x100.jpg 100w, https:\/\/www.o2medicalnetwork.com\/wp-content\/uploads\/2021\/03\/woman-1031000_640-286x286.jpg 286w\" sizes=\"(max-width: 270px) 100vw, 270px\" \/>\t\t\t\t\t\t\t\t\t\t\t\t\t<\/div>\n\t\t\t\t<\/div>\n\t\t\t\t\t<\/div>\n\t\t<\/div>\n\t\t\t\t\t<\/div>\n\t\t<\/section>\n\t\t\t\t\t<\/div>\n\t\t<\/div>\n\t\t\t\t<div class=\"elementor-column elementor-col-33 elementor-top-column elementor-element elementor-element-9166923\" data-id=\"9166923\" data-element_type=\"column\">\n\t\t\t<div class=\"elementor-widget-wrap elementor-element-populated\">\n\t\t\t\t\t\t<section class=\"elementor-section elementor-inner-section elementor-element elementor-element-19f46ed9 elementor-section-boxed elementor-section-height-default elementor-section-height-default\" data-id=\"19f46ed9\" data-element_type=\"section\">\n\t\t\t\t\t\t<div class=\"elementor-container elementor-column-gap-default\">\n\t\t\t\t\t<div class=\"elementor-column elementor-col-100 elementor-inner-column elementor-element elementor-element-a1e7fc\" data-id=\"a1e7fc\" data-element_type=\"column\">\n\t\t\t<div class=\"elementor-widget-wrap elementor-element-populated\">\n\t\t\t\t\t\t<div class=\"elementor-element elementor-element-42ec4ee1 elementor-widget elementor-widget-text-editor\" data-id=\"42ec4ee1\" data-element_type=\"widget\" data-widget_type=\"text-editor.default\">\n\t\t\t\t<div class=\"elementor-widget-container\">\n\t\t\t\t\t\t\t<ul><li><span style=\"font-weight: 400;\">If you fall.<\/span><\/li><\/ul>\t\t\t\t\t\t<\/div>\n\t\t\t\t<\/div>\n\t\t\t\t<div class=\"elementor-element elementor-element-497e1279 elementor-widget elementor-widget-image\" data-id=\"497e1279\" data-element_type=\"widget\" data-widget_type=\"image.default\">\n\t\t\t\t<div class=\"elementor-widget-container\">\n\t\t\t\t\t\t\t\t\t\t\t\t\t<img decoding=\"async\" width=\"270\" height=\"270\" src=\"https:\/\/www.o2medicalnetwork.com\/wp-content\/uploads\/2021\/03\/skating-953047_640-270x270.jpg\" class=\"attachment-beclinic-thumb-sm size-beclinic-thumb-sm wp-image-9049\" alt=\"\" srcset=\"https:\/\/www.o2medicalnetwork.com\/wp-content\/uploads\/2021\/03\/skating-953047_640-270x270.jpg 270w, https:\/\/www.o2medicalnetwork.com\/wp-content\/uploads\/2021\/03\/skating-953047_640-300x300.jpg 300w, https:\/\/www.o2medicalnetwork.com\/wp-content\/uploads\/2021\/03\/skating-953047_640-150x150.jpg 150w, https:\/\/www.o2medicalnetwork.com\/wp-content\/uploads\/2021\/03\/skating-953047_640-400x400.jpg 400w, https:\/\/www.o2medicalnetwork.com\/wp-content\/uploads\/2021\/03\/skating-953047_640-418x418.jpg 418w, https:\/\/www.o2medicalnetwork.com\/wp-content\/uploads\/2021\/03\/skating-953047_640-512x512.jpg 512w, https:\/\/www.o2medicalnetwork.com\/wp-content\/uploads\/2021\/03\/skating-953047_640-600x600.jpg 600w, https:\/\/www.o2medicalnetwork.com\/wp-content\/uploads\/2021\/03\/skating-953047_640-100x100.jpg 100w, https:\/\/www.o2medicalnetwork.com\/wp-content\/uploads\/2021\/03\/skating-953047_640-286x286.jpg 286w, https:\/\/www.o2medicalnetwork.com\/wp-content\/uploads\/2021\/03\/skating-953047_640-450x450.jpg 450w, https:\/\/www.o2medicalnetwork.com\/wp-content\/uploads\/2021\/03\/skating-953047_640.jpg 640w\" sizes=\"(max-width: 270px) 100vw, 270px\" \/>\t\t\t\t\t\t\t\t\t\t\t\t\t<\/div>\n\t\t\t\t<\/div>\n\t\t\t\t\t<\/div>\n\t\t<\/div>\n\t\t\t\t\t<\/div>\n\t\t<\/section>\n\t\t\t\t\t<\/div>\n\t\t<\/div>\n\t\t\t\t<div class=\"elementor-column elementor-col-33 elementor-top-column elementor-element elementor-element-20ea744e\" data-id=\"20ea744e\" data-element_type=\"column\">\n\t\t\t<div class=\"elementor-widget-wrap elementor-element-populated\">\n\t\t\t\t\t\t<section class=\"elementor-section elementor-inner-section elementor-element elementor-element-4cae632e elementor-section-boxed elementor-section-height-default elementor-section-height-default\" data-id=\"4cae632e\" data-element_type=\"section\">\n\t\t\t\t\t\t<div class=\"elementor-container elementor-column-gap-default\">\n\t\t\t\t\t<div class=\"elementor-column elementor-col-100 elementor-inner-column elementor-element elementor-element-1f1efaaa\" data-id=\"1f1efaaa\" data-element_type=\"column\">\n\t\t\t<div class=\"elementor-widget-wrap elementor-element-populated\">\n\t\t\t\t\t\t<div class=\"elementor-element elementor-element-2aec166 elementor-widget elementor-widget-text-editor\" data-id=\"2aec166\" data-element_type=\"widget\" data-widget_type=\"text-editor.default\">\n\t\t\t\t<div class=\"elementor-widget-container\">\n\t\t\t\t\t\t\t<ul><li><span style=\"font-weight: 400;\">To treat bone diseases such as osteoporosis.<\/span><\/li><\/ul>\t\t\t\t\t\t<\/div>\n\t\t\t\t<\/div>\n\t\t\t\t<div class=\"elementor-element elementor-element-5df4c704 elementor-widget elementor-widget-image\" data-id=\"5df4c704\" data-element_type=\"widget\" data-widget_type=\"image.default\">\n\t\t\t\t<div class=\"elementor-widget-container\">\n\t\t\t\t\t\t\t\t\t\t\t\t\t<img loading=\"lazy\" decoding=\"async\" width=\"270\" height=\"270\" src=\"https:\/\/www.o2medicalnetwork.com\/wp-content\/uploads\/2021\/03\/pexels-engin-akyurt-2678059-270x270.jpg\" class=\"attachment-beclinic-thumb-sm size-beclinic-thumb-sm wp-image-9050\" alt=\"\" srcset=\"https:\/\/www.o2medicalnetwork.com\/wp-content\/uploads\/2021\/03\/pexels-engin-akyurt-2678059-270x270.jpg 270w, https:\/\/www.o2medicalnetwork.com\/wp-content\/uploads\/2021\/03\/pexels-engin-akyurt-2678059-150x150.jpg 150w, https:\/\/www.o2medicalnetwork.com\/wp-content\/uploads\/2021\/03\/pexels-engin-akyurt-2678059-400x400.jpg 400w, https:\/\/www.o2medicalnetwork.com\/wp-content\/uploads\/2021\/03\/pexels-engin-akyurt-2678059-512x512.jpg 512w, https:\/\/www.o2medicalnetwork.com\/wp-content\/uploads\/2021\/03\/pexels-engin-akyurt-2678059-300x300.jpg 300w, https:\/\/www.o2medicalnetwork.com\/wp-content\/uploads\/2021\/03\/pexels-engin-akyurt-2678059-100x100.jpg 100w, https:\/\/www.o2medicalnetwork.com\/wp-content\/uploads\/2021\/03\/pexels-engin-akyurt-2678059-286x286.jpg 286w, https:\/\/www.o2medicalnetwork.com\/wp-content\/uploads\/2021\/03\/pexels-engin-akyurt-2678059-450x450.jpg 450w\" sizes=\"(max-width: 270px) 100vw, 270px\" \/>\t\t\t\t\t\t\t\t\t\t\t\t\t<\/div>\n\t\t\t\t<\/div>\n\t\t\t\t\t<\/div>\n\t\t<\/div>\n\t\t\t\t\t<\/div>\n\t\t<\/section>\n\t\t\t\t\t<\/div>\n\t\t<\/div>\n\t\t\t\t\t<\/div>\n\t\t<\/section>\n\t\t\t\t<section class=\"elementor-section elementor-top-section elementor-element elementor-element-652338d9 elementor-section-boxed elementor-section-height-default elementor-section-height-default\" data-id=\"652338d9\" data-element_type=\"section\">\n\t\t\t\t\t\t<div class=\"elementor-container elementor-column-gap-default\">\n\t\t\t\t\t<div class=\"elementor-column elementor-col-100 elementor-top-column elementor-element elementor-element-4498c94c\" data-id=\"4498c94c\" data-element_type=\"column\">\n\t\t\t<div class=\"elementor-widget-wrap elementor-element-populated\">\n\t\t\t\t\t\t<section class=\"elementor-section elementor-inner-section elementor-element elementor-element-6d7938ab elementor-section-boxed elementor-section-height-default elementor-section-height-default\" data-id=\"6d7938ab\" data-element_type=\"section\">\n\t\t\t\t\t\t<div class=\"elementor-container elementor-column-gap-default\">\n\t\t\t\t\t<div class=\"elementor-column elementor-col-100 elementor-inner-column elementor-element elementor-element-69fb5cd1\" data-id=\"69fb5cd1\" data-element_type=\"column\">\n\t\t\t<div class=\"elementor-widget-wrap elementor-element-populated\">\n\t\t\t\t\t\t<div class=\"elementor-element elementor-element-7436a8c6 elementor-widget elementor-widget-text-editor\" data-id=\"7436a8c6\" data-element_type=\"widget\" data-widget_type=\"text-editor.default\">\n\t\t\t\t<div class=\"elementor-widget-container\">\n\t\t\t\t\t\t\t<p><span style=\"font-weight: 400;\">Rest assured that you are in good hands! Because our specialists are ready to take care of your health.<\/span><\/p>\n<p><span style=\"font-weight: 400;\">Contact us:<\/span><\/p>\n<p><span style=\"font-weight: 400;\">&nbsp;Phone:<strong><span style=\"color: #993300;\"><a style=\"color: #993300;\" href=\"tel:+5184221213\">+5184221213&nbsp;<\/a><\/span><\/strong><\/span><\/p>\n<p><span class=\"pq6dq46d tbxw36s4 knj5qynh kvgmc6g5 ditlmg2l oygrvhab nvdbi5me sf5mxxl7 gl3lb2sf hhz5lgdu\" style=\"margin: 0px 1px; height: 16px; width: 16px; display: inline-flex; vertical-align: middle; font-family: inherit;\"><img loading=\"lazy\" decoding=\"async\" style=\"border-width: 0px; border-style: initial;\" src=\"https:\/\/static.xx.fbcdn.net\/images\/emoji.php\/v9\/t4d\/1\/16\/1f4de.png\" alt=\"\ud83d\udcde\" width=\"16\" height=\"16\"><\/span> WhatsApp: <strong><span style=\"font-family: inherit; color: #993300;\"><a class=\"oajrlxb2 g5ia77u1 qu0x051f esr5mh6w e9989ue4 r7d6kgcz rq0escxv nhd2j8a9 nc684nl6 p7hjln8o kvgmc6g5 cxmmr5t8 oygrvhab hcukyx3x jb3vyjys rz4wbd8a qt6c0cv9 a8nywdso i1ao9s8h esuyzwwr f1sip0of lzcic4wl py34i1dx gpro0wi8\" style=\"color: #993300; cursor: pointer; outline: none; list-style: none; padding: 0px; margin: 0px; touch-action: manipulation; text-align: inherit; display: inline; -webkit-tap-highlight-color: transparent; font-family: inherit;\" tabindex=\"0\" role=\"link\" href=\"https:\/\/bit.ly\/clinicao2chat?fbclid=IwAR0eLlLEoz3zdQfGblTwd9IPp6NKKOTm-_pLLOtD8ejCfd_G3OBCQUaPgjs\" target=\"_blank\" rel=\"nofollow noopener\">https:\/\/bit.ly\/clinicao2chat<\/a><\/span><\/strong><\/p>\n<div dir=\"auto\" style=\"font-family: 'Segoe UI Historic', 'Segoe UI', Helvetica, Arial, sans-serif; color: #050505; font-size: 15px; white-space: pre-wrap;\"><span class=\"pq6dq46d tbxw36s4 knj5qynh kvgmc6g5 ditlmg2l oygrvhab nvdbi5me sf5mxxl7 gl3lb2sf hhz5lgdu\" style=\"margin: 0px 1px; height: 16px; width: 16px; display: inline-flex; vertical-align: middle; font-family: inherit;\"><img loading=\"lazy\" decoding=\"async\" style=\"border-width: 0px; border-style: initial;\" src=\"https:\/\/static.xx.fbcdn.net\/images\/emoji.php\/v9\/t6e\/1\/16\/1f4ac.png\" alt=\"\ud83d\udcac\" width=\"16\" height=\"16\"><\/span> Facebook Messenger <strong><span style=\"font-family: inherit; color: #993300;\"><a class=\"oajrlxb2 g5ia77u1 qu0x051f esr5mh6w e9989ue4 r7d6kgcz rq0escxv nhd2j8a9 nc684nl6 p7hjln8o kvgmc6g5 cxmmr5t8 oygrvhab hcukyx3x jb3vyjys rz4wbd8a qt6c0cv9 a8nywdso i1ao9s8h esuyzwwr f1sip0of lzcic4wl py34i1dx gpro0wi8\" style=\"color: #993300; cursor: pointer; outline: none; list-style: none; padding: 0px; margin: 0px; touch-action: manipulation; text-align: inherit; display: inline; -webkit-tap-highlight-color: transparent; font-family: inherit;\" tabindex=\"0\" role=\"link\" href=\"https:\/\/bit.ly\/Messengero2c?fbclid=IwAR01Zk2W9uBHiSAVAvGJivx4xGoyVZRkvS5PxBbJc70mPVL3WE4pI1KBGNc\" target=\"_blank\" rel=\"nofollow noopener\">https:\/\/bit.ly\/Messengero2c<\/a><\/span><\/strong><\/div>\n<p><\/p>\t\t\t\t\t\t<\/div>\n\t\t\t\t<\/div>\n\t\t\t\t\t<\/div>\n\t\t<\/div>\n\t\t\t\t\t<\/div>\n\t\t<\/section>\n\t\t\t\t\t<\/div>\n\t\t<\/div>\n\t\t\t\t\t<\/div>\n\t\t<\/section>\n\t\t\t\t<\/div>","protected":false},"excerpt":{"rendered":"<p>Geriatr\u00eda En esta rama de la medicina se ocupan de estudiar, prevenir, diagnosticar y tratar enfermedades de los adultos mayores. No solo se enfocan en el aspecto m\u00e9dico, sino tambi\u00e9n en aspectos psicol\u00f3gicos y sociales que habitualmente acompa\u00f1an el proceso de envejecimiento. \u00bfEn qu\u00e9 momento acudir al geriatra? Cuando tengas mas de 60 a\u00f1os para &hellip;<\/p>","protected":false},"author":1,"featured_media":9053,"parent":0,"menu_order":0,"comment_status":"closed","ping_status":"closed","template":"","meta":{"content-type":"","footnotes":""},"class_list":["post-9045","page","type-page","status-publish","has-post-thumbnail","hentry","has-thumb"],"yoast_head":"<!-- This site is optimized with the Yoast SEO plugin v25.8 - https:\/\/yoast.com\/wordpress\/plugins\/seo\/ -->\n<title>Geriatr\u00eda - Cl\u00ednica O2 Medical Network<\/title>\n<meta name=\"description\" content=\"En esta rama de la medicina se ocupan de estudiar, prevenir, diagnosticar y tratar enfermedades de los adultos mayores.\" \/>\n<meta name=\"robots\" content=\"index, follow, max-snippet:-1, max-image-preview:large, max-video-preview:-1\" \/>\n<link rel=\"canonical\" href=\"https:\/\/www.o2medicalnetwork.com\/en\/geriatria\/\" \/>\n<meta property=\"og:locale\" content=\"en_US\" \/>\n<meta property=\"og:type\" content=\"article\" \/>\n<meta property=\"og:title\" content=\"Geriatr\u00eda - Cl\u00ednica O2 Medical Network\" \/>\n<meta property=\"og:description\" content=\"En esta rama de la medicina se ocupan de estudiar, prevenir, diagnosticar y tratar enfermedades de los adultos mayores.\" \/>\n<meta property=\"og:url\" content=\"https:\/\/www.o2medicalnetwork.com\/en\/geriatria\/\" \/>\n<meta property=\"og:site_name\" content=\"Cl\u00ednica O2 Medical Network\" \/>\n<meta property=\"article:modified_time\" content=\"2021-11-20T00:03:19+00:00\" \/>\n<meta property=\"og:image\" content=\"https:\/\/www.o2medicalnetwork.com\/wp-content\/uploads\/2021\/03\/pexels-pixabay-302083.jpg\" \/>\n\t<meta property=\"og:image:width\" content=\"640\" \/>\n\t<meta property=\"og:image:height\" content=\"426\" \/>\n\t<meta property=\"og:image:type\" content=\"image\/jpeg\" \/>\n<meta name=\"twitter:card\" content=\"summary_large_image\" \/>\n<meta name=\"twitter:label1\" content=\"Est. reading time\" \/>\n\t<meta name=\"twitter:data1\" content=\"2 minutes\" \/>\n<script type=\"application\/ld+json\" class=\"yoast-schema-graph\">{\"@context\":\"https:\/\/schema.org\",\"@graph\":[{\"@type\":\"WebPage\",\"@id\":\"https:\/\/www.o2medicalnetwork.com\/en\/geriatria\/\",\"url\":\"https:\/\/www.o2medicalnetwork.com\/en\/geriatria\/\",\"name\":\"Geriatr\u00eda - Cl\u00ednica O2 Medical Network\",\"isPartOf\":{\"@id\":\"https:\/\/www.o2medicalnetwork.com\/#website\"},\"primaryImageOfPage\":{\"@id\":\"https:\/\/www.o2medicalnetwork.com\/en\/geriatria\/#primaryimage\"},\"image\":{\"@id\":\"https:\/\/www.o2medicalnetwork.com\/en\/geriatria\/#primaryimage\"},\"thumbnailUrl\":\"https:\/\/www.o2medicalnetwork.com\/wp-content\/uploads\/2021\/03\/pexels-pixabay-302083.jpg\",\"datePublished\":\"2021-03-16T20:31:36+00:00\",\"dateModified\":\"2021-11-20T00:03:19+00:00\",\"description\":\"En esta rama de la medicina se ocupan de estudiar, prevenir, diagnosticar y tratar enfermedades de los adultos mayores.\",\"breadcrumb\":{\"@id\":\"https:\/\/www.o2medicalnetwork.com\/en\/geriatria\/#breadcrumb\"},\"inLanguage\":\"en-US\",\"potentialAction\":[{\"@type\":\"ReadAction\",\"target\":[\"https:\/\/www.o2medicalnetwork.com\/en\/geriatria\/\"]}]},{\"@type\":\"ImageObject\",\"inLanguage\":\"en-US\",\"@id\":\"https:\/\/www.o2medicalnetwork.com\/en\/geriatria\/#primaryimage\",\"url\":\"https:\/\/www.o2medicalnetwork.com\/wp-content\/uploads\/2021\/03\/pexels-pixabay-302083.jpg\",\"contentUrl\":\"https:\/\/www.o2medicalnetwork.com\/wp-content\/uploads\/2021\/03\/pexels-pixabay-302083.jpg\",\"width\":640,\"height\":426},{\"@type\":\"BreadcrumbList\",\"@id\":\"https:\/\/www.o2medicalnetwork.com\/en\/geriatria\/#breadcrumb\",\"itemListElement\":[{\"@type\":\"ListItem\",\"position\":1,\"name\":\"Portada\",\"item\":\"https:\/\/www.o2medicalnetwork.com\/\"},{\"@type\":\"ListItem\",\"position\":2,\"name\":\"Geriatr\u00eda\"}]},{\"@type\":\"WebSite\",\"@id\":\"https:\/\/www.o2medicalnetwork.com\/#website\",\"url\":\"https:\/\/www.o2medicalnetwork.com\/\",\"name\":\"Cl\u00ednica O2 Medical Network\",\"description\":\"Tu no estas solo\",\"potentialAction\":[{\"@type\":\"SearchAction\",\"target\":{\"@type\":\"EntryPoint\",\"urlTemplate\":\"https:\/\/www.o2medicalnetwork.com\/?s={search_term_string}\"},\"query-input\":{\"@type\":\"PropertyValueSpecification\",\"valueRequired\":true,\"valueName\":\"search_term_string\"}}],\"inLanguage\":\"en-US\"}]}<\/script>\n<!-- \/ Yoast SEO plugin. -->","yoast_head_json":{"title":"Geriatr\u00eda - Cl\u00ednica O2 Medical Network","description":"En esta rama de la medicina se ocupan de estudiar, prevenir, diagnosticar y tratar enfermedades de los adultos mayores.","robots":{"index":"index","follow":"follow","max-snippet":"max-snippet:-1","max-image-preview":"max-image-preview:large","max-video-preview":"max-video-preview:-1"},"canonical":"https:\/\/www.o2medicalnetwork.com\/en\/geriatria\/","og_locale":"en_US","og_type":"article","og_title":"Geriatr\u00eda - Cl\u00ednica O2 Medical Network","og_description":"En esta rama de la medicina se ocupan de estudiar, prevenir, diagnosticar y tratar enfermedades de los adultos mayores.","og_url":"https:\/\/www.o2medicalnetwork.com\/en\/geriatria\/","og_site_name":"Cl\u00ednica O2 Medical Network","article_modified_time":"2021-11-20T00:03:19+00:00","og_image":[{"width":640,"height":426,"url":"https:\/\/www.o2medicalnetwork.com\/wp-content\/uploads\/2021\/03\/pexels-pixabay-302083.jpg","type":"image\/jpeg"}],"twitter_card":"summary_large_image","twitter_misc":{"Est. reading time":"2 minutes"},"schema":{"@context":"https:\/\/schema.org","@graph":[{"@type":"WebPage","@id":"https:\/\/www.o2medicalnetwork.com\/en\/geriatria\/","url":"https:\/\/www.o2medicalnetwork.com\/en\/geriatria\/","name":"Geriatr\u00eda - Cl\u00ednica O2 Medical Network","isPartOf":{"@id":"https:\/\/www.o2medicalnetwork.com\/#website"},"primaryImageOfPage":{"@id":"https:\/\/www.o2medicalnetwork.com\/en\/geriatria\/#primaryimage"},"image":{"@id":"https:\/\/www.o2medicalnetwork.com\/en\/geriatria\/#primaryimage"},"thumbnailUrl":"https:\/\/www.o2medicalnetwork.com\/wp-content\/uploads\/2021\/03\/pexels-pixabay-302083.jpg","datePublished":"2021-03-16T20:31:36+00:00","dateModified":"2021-11-20T00:03:19+00:00","description":"En esta rama de la medicina se ocupan de estudiar, prevenir, diagnosticar y tratar enfermedades de los adultos mayores.","breadcrumb":{"@id":"https:\/\/www.o2medicalnetwork.com\/en\/geriatria\/#breadcrumb"},"inLanguage":"en-US","potentialAction":[{"@type":"ReadAction","target":["https:\/\/www.o2medicalnetwork.com\/en\/geriatria\/"]}]},{"@type":"ImageObject","inLanguage":"en-US","@id":"https:\/\/www.o2medicalnetwork.com\/en\/geriatria\/#primaryimage","url":"https:\/\/www.o2medicalnetwork.com\/wp-content\/uploads\/2021\/03\/pexels-pixabay-302083.jpg","contentUrl":"https:\/\/www.o2medicalnetwork.com\/wp-content\/uploads\/2021\/03\/pexels-pixabay-302083.jpg","width":640,"height":426},{"@type":"BreadcrumbList","@id":"https:\/\/www.o2medicalnetwork.com\/en\/geriatria\/#breadcrumb","itemListElement":[{"@type":"ListItem","position":1,"name":"Portada","item":"https:\/\/www.o2medicalnetwork.com\/"},{"@type":"ListItem","position":2,"name":"Geriatr\u00eda"}]},{"@type":"WebSite","@id":"https:\/\/www.o2medicalnetwork.com\/#website","url":"https:\/\/www.o2medicalnetwork.com\/","name":"Cl\u00ednica O2 Medical Network","description":"Tu no estas solo","potentialAction":[{"@type":"SearchAction","target":{"@type":"EntryPoint","urlTemplate":"https:\/\/www.o2medicalnetwork.com\/?s={search_term_string}"},"query-input":{"@type":"PropertyValueSpecification","valueRequired":true,"valueName":"search_term_string"}}],"inLanguage":"en-US"}]}},"_links":{"self":[{"href":"https:\/\/www.o2medicalnetwork.com\/en\/wp-json\/wp\/v2\/pages\/9045","targetHints":{"allow":["GET"]}}],"collection":[{"href":"https:\/\/www.o2medicalnetwork.com\/en\/wp-json\/wp\/v2\/pages"}],"about":[{"href":"https:\/\/www.o2medicalnetwork.com\/en\/wp-json\/wp\/v2\/types\/page"}],"author":[{"embeddable":true,"href":"https:\/\/www.o2medicalnetwork.com\/en\/wp-json\/wp\/v2\/users\/1"}],"replies":[{"embeddable":true,"href":"https:\/\/www.o2medicalnetwork.com\/en\/wp-json\/wp\/v2\/comments?post=9045"}],"version-history":[{"count":5,"href":"https:\/\/www.o2medicalnetwork.com\/en\/wp-json\/wp\/v2\/pages\/9045\/revisions"}],"predecessor-version":[{"id":10428,"href":"https:\/\/www.o2medicalnetwork.com\/en\/wp-json\/wp\/v2\/pages\/9045\/revisions\/10428"}],"wp:featuredmedia":[{"embeddable":true,"href":"https:\/\/www.o2medicalnetwork.com\/en\/wp-json\/wp\/v2\/media\/9053"}],"wp:attachment":[{"href":"https:\/\/www.o2medicalnetwork.com\/en\/wp-json\/wp\/v2\/media?parent=9045"}],"curies":[{"name":"wp","href":"https:\/\/api.w.org\/{rel}","templated":true}]}}