{"id":8546,"date":"2021-03-04T11:18:08","date_gmt":"2021-03-04T16:18:08","guid":{"rendered":"http:\/\/www.o2medicalnetwork.com\/?page_id=8546"},"modified":"2021-11-22T09:47:17","modified_gmt":"2021-11-22T14:47:17","slug":"anestesiologia","status":"publish","type":"page","link":"https:\/\/www.o2medicalnetwork.com\/en\/anestesiologia\/","title":{"rendered":"Anesthesiology"},"content":{"rendered":"<div data-elementor-type=\"wp-page\" data-elementor-id=\"8546\" class=\"elementor elementor-8546\" data-elementor-post-type=\"page\">\n\t\t\t\t\t\t<section class=\"elementor-section elementor-top-section elementor-element elementor-element-54298ac0 elementor-section-height-min-height elementor-section-content-middle elementor-section-items-top elementor-section-boxed elementor-section-height-default\" data-id=\"54298ac0\" data-element_type=\"section\" data-settings=\"{&quot;background_background&quot;:&quot;classic&quot;}\">\n\t\t\t\t\t\t\t<div class=\"elementor-background-overlay\"><\/div>\n\t\t\t\t\t\t\t<div class=\"elementor-container elementor-column-gap-wider\">\n\t\t\t\t\t<div class=\"elementor-column elementor-col-100 elementor-top-column elementor-element elementor-element-667810c6\" data-id=\"667810c6\" data-element_type=\"column\">\n\t\t\t<div class=\"elementor-widget-wrap\">\n\t\t\t\t\t\t\t<\/div>\n\t\t<\/div>\n\t\t\t\t\t<\/div>\n\t\t<\/section>\n\t\t\t\t<section class=\"elementor-section elementor-top-section elementor-element elementor-element-3f517968 elementor-section-height-min-height elementor-section-boxed elementor-section-height-default elementor-section-items-middle\" data-id=\"3f517968\" data-element_type=\"section\">\n\t\t\t\t\t\t<div class=\"elementor-container elementor-column-gap-default\">\n\t\t\t\t\t<div class=\"elementor-column elementor-col-50 elementor-top-column elementor-element elementor-element-6cd1f240\" data-id=\"6cd1f240\" data-element_type=\"column\">\n\t\t\t<div class=\"elementor-widget-wrap elementor-element-populated\">\n\t\t\t\t\t\t<div class=\"elementor-element elementor-element-36f3e330 elementor-widget elementor-widget-text-editor\" data-id=\"36f3e330\" data-element_type=\"widget\" data-widget_type=\"text-editor.default\">\n\t\t\t\t<div class=\"elementor-widget-container\">\n\t\t\t\t\t\t\t<h2>Anesthesiology<\/h2><p><span style=\"font-weight: 400;\">This branch of medicine is dedicated to the attention, pain relief and total care of patients before, during and after surgery. In addition, it is used in radiological, hemodynamic, oncological, endoscopic, dental procedures and more.<\/span><\/p>\t\t\t\t\t\t<\/div>\n\t\t\t\t<\/div>\n\t\t\t\t\t<\/div>\n\t\t<\/div>\n\t\t\t\t<div class=\"elementor-column elementor-col-50 elementor-top-column elementor-element elementor-element-7ce987cb\" data-id=\"7ce987cb\" data-element_type=\"column\">\n\t\t\t<div class=\"elementor-widget-wrap elementor-element-populated\">\n\t\t\t\t\t\t<div class=\"elementor-element elementor-element-c6e47b5 elementor-widget elementor-widget-image\" data-id=\"c6e47b5\" data-element_type=\"widget\" data-widget_type=\"image.default\">\n\t\t\t\t<div class=\"elementor-widget-container\">\n\t\t\t\t\t\t\t\t\t\t\t\t\t<img fetchpriority=\"high\" decoding=\"async\" width=\"295\" height=\"222\" src=\"https:\/\/www.o2medicalnetwork.com\/wp-content\/uploads\/2021\/03\/anesthesia-4751331_640-295x222.jpg\" class=\"attachment-thumbnail size-thumbnail wp-image-8532\" alt=\"Anestesia\" srcset=\"https:\/\/www.o2medicalnetwork.com\/wp-content\/uploads\/2021\/03\/anesthesia-4751331_640-295x222.jpg 295w, https:\/\/www.o2medicalnetwork.com\/wp-content\/uploads\/2021\/03\/anesthesia-4751331_640-418x315.jpg 418w, https:\/\/www.o2medicalnetwork.com\/wp-content\/uploads\/2021\/03\/anesthesia-4751331_640-400x300.jpg 400w\" sizes=\"(max-width: 295px) 100vw, 295px\" \/>\t\t\t\t\t\t\t\t\t\t\t\t\t<\/div>\n\t\t\t\t<\/div>\n\t\t\t\t\t<\/div>\n\t\t<\/div>\n\t\t\t\t\t<\/div>\n\t\t<\/section>\n\t\t\t\t<section class=\"elementor-section elementor-top-section elementor-element elementor-element-80d11b elementor-section-boxed elementor-section-height-default elementor-section-height-default\" data-id=\"80d11b\" data-element_type=\"section\">\n\t\t\t\t\t\t<div class=\"elementor-container elementor-column-gap-default\">\n\t\t\t\t\t<div class=\"elementor-column elementor-col-100 elementor-top-column elementor-element elementor-element-63bc590e\" data-id=\"63bc590e\" data-element_type=\"column\">\n\t\t\t<div class=\"elementor-widget-wrap elementor-element-populated\">\n\t\t\t\t\t\t<div class=\"elementor-element elementor-element-4fe334b9 elementor-widget elementor-widget-heading\" data-id=\"4fe334b9\" data-element_type=\"widget\" data-widget_type=\"heading.default\">\n\t\t\t\t<div class=\"elementor-widget-container\">\n\t\t\t<h2 class=\"elementor-heading-title elementor-size-default\">When should I go to the anesthesiologist?<\/h2>\t\t<\/div>\n\t\t\t\t<\/div>\n\t\t\t\t\t<\/div>\n\t\t<\/div>\n\t\t\t\t\t<\/div>\n\t\t<\/section>\n\t\t\t\t<section class=\"elementor-section elementor-top-section elementor-element elementor-element-a225772 elementor-section-boxed elementor-section-height-default elementor-section-height-default\" data-id=\"a225772\" data-element_type=\"section\">\n\t\t\t\t\t\t<div class=\"elementor-container elementor-column-gap-default\">\n\t\t\t\t\t<div class=\"elementor-column elementor-col-33 elementor-top-column elementor-element elementor-element-2423489b\" data-id=\"2423489b\" data-element_type=\"column\">\n\t\t\t<div class=\"elementor-widget-wrap elementor-element-populated\">\n\t\t\t\t\t\t<section class=\"elementor-section elementor-inner-section elementor-element elementor-element-272da039 elementor-section-boxed elementor-section-height-default elementor-section-height-default\" data-id=\"272da039\" data-element_type=\"section\">\n\t\t\t\t\t\t<div class=\"elementor-container elementor-column-gap-default\">\n\t\t\t\t\t<div class=\"elementor-column elementor-col-100 elementor-inner-column elementor-element elementor-element-56b3bf57\" data-id=\"56b3bf57\" data-element_type=\"column\">\n\t\t\t<div class=\"elementor-widget-wrap elementor-element-populated\">\n\t\t\t\t\t\t<div class=\"elementor-element elementor-element-6b21fdd4 elementor-widget elementor-widget-text-editor\" data-id=\"6b21fdd4\" data-element_type=\"widget\" data-widget_type=\"text-editor.default\">\n\t\t\t\t<div class=\"elementor-widget-container\">\n\t\t\t\t\t\t\t<ul><li><span style=\"font-weight: 400;\">Before having a procedure that requires anesthesia.<\/span><\/li><\/ul>\t\t\t\t\t\t<\/div>\n\t\t\t\t<\/div>\n\t\t\t\t<div class=\"elementor-element elementor-element-4165828c elementor-widget elementor-widget-image\" data-id=\"4165828c\" data-element_type=\"widget\" data-widget_type=\"image.default\">\n\t\t\t\t<div class=\"elementor-widget-container\">\n\t\t\t\t\t\t\t\t\t\t\t\t\t<img decoding=\"async\" width=\"295\" height=\"222\" src=\"https:\/\/www.o2medicalnetwork.com\/wp-content\/uploads\/2021\/02\/Centro_Quirurgico-295x222.jpg\" class=\"attachment-thumbnail size-thumbnail wp-image-8390\" alt=\"\" srcset=\"https:\/\/www.o2medicalnetwork.com\/wp-content\/uploads\/2021\/02\/Centro_Quirurgico-295x222.jpg 295w, https:\/\/www.o2medicalnetwork.com\/wp-content\/uploads\/2021\/02\/Centro_Quirurgico-scaled-418x315.jpg 418w, https:\/\/www.o2medicalnetwork.com\/wp-content\/uploads\/2021\/02\/Centro_Quirurgico-scaled-1200x900.jpg 1200w, https:\/\/www.o2medicalnetwork.com\/wp-content\/uploads\/2021\/02\/Centro_Quirurgico-scaled-400x300.jpg 400w, https:\/\/www.o2medicalnetwork.com\/wp-content\/uploads\/2021\/02\/Centro_Quirurgico-scaled-900x675.jpg 900w\" sizes=\"(max-width: 295px) 100vw, 295px\" \/>\t\t\t\t\t\t\t\t\t\t\t\t\t<\/div>\n\t\t\t\t<\/div>\n\t\t\t\t\t<\/div>\n\t\t<\/div>\n\t\t\t\t\t<\/div>\n\t\t<\/section>\n\t\t\t\t\t<\/div>\n\t\t<\/div>\n\t\t\t\t<div class=\"elementor-column elementor-col-33 elementor-top-column elementor-element elementor-element-57134e4e\" data-id=\"57134e4e\" data-element_type=\"column\">\n\t\t\t<div class=\"elementor-widget-wrap elementor-element-populated\">\n\t\t\t\t\t\t<section class=\"elementor-section elementor-inner-section elementor-element elementor-element-c78ca0a elementor-section-boxed elementor-section-height-default elementor-section-height-default\" data-id=\"c78ca0a\" data-element_type=\"section\">\n\t\t\t\t\t\t<div class=\"elementor-container elementor-column-gap-default\">\n\t\t\t\t\t<div class=\"elementor-column elementor-col-100 elementor-inner-column elementor-element elementor-element-4aaf2e0b\" data-id=\"4aaf2e0b\" data-element_type=\"column\">\n\t\t\t<div class=\"elementor-widget-wrap elementor-element-populated\">\n\t\t\t\t\t\t<div class=\"elementor-element elementor-element-6ef857e0 elementor-widget elementor-widget-text-editor\" data-id=\"6ef857e0\" data-element_type=\"widget\" data-widget_type=\"text-editor.default\">\n\t\t\t\t<div class=\"elementor-widget-container\">\n\t\t\t\t\t\t\t<ul>\n<li><span style=\"font-weight: 400;\">Before undergoing surgery.<\/span><\/li><\/ul>\t\t\t\t\t\t<\/div>\n\t\t\t\t<\/div>\n\t\t\t\t<div class=\"elementor-element elementor-element-17691b elementor-widget elementor-widget-image\" data-id=\"17691b\" data-element_type=\"widget\" data-widget_type=\"image.default\">\n\t\t\t\t<div class=\"elementor-widget-container\">\n\t\t\t\t\t\t\t\t\t\t\t\t\t<img decoding=\"async\" width=\"295\" height=\"222\" src=\"https:\/\/www.o2medicalnetwork.com\/wp-content\/uploads\/2021\/03\/surgery-1822458_640-295x222.jpg\" class=\"attachment-thumbnail size-thumbnail wp-image-8563\" alt=\"Cirug\u00eda\" srcset=\"https:\/\/www.o2medicalnetwork.com\/wp-content\/uploads\/2021\/03\/surgery-1822458_640-295x222.jpg 295w, https:\/\/www.o2medicalnetwork.com\/wp-content\/uploads\/2021\/03\/surgery-1822458_640-418x315.jpg 418w, https:\/\/www.o2medicalnetwork.com\/wp-content\/uploads\/2021\/03\/surgery-1822458_640-400x300.jpg 400w\" sizes=\"(max-width: 295px) 100vw, 295px\" \/>\t\t\t\t\t\t\t\t\t\t\t\t\t<\/div>\n\t\t\t\t<\/div>\n\t\t\t\t\t<\/div>\n\t\t<\/div>\n\t\t\t\t\t<\/div>\n\t\t<\/section>\n\t\t\t\t\t<\/div>\n\t\t<\/div>\n\t\t\t\t<div class=\"elementor-column elementor-col-33 elementor-top-column elementor-element elementor-element-3545d0e5\" data-id=\"3545d0e5\" data-element_type=\"column\">\n\t\t\t<div class=\"elementor-widget-wrap elementor-element-populated\">\n\t\t\t\t\t\t<section class=\"elementor-section elementor-inner-section elementor-element elementor-element-4fc5f4b8 elementor-section-boxed elementor-section-height-default elementor-section-height-default\" data-id=\"4fc5f4b8\" data-element_type=\"section\">\n\t\t\t\t\t\t<div class=\"elementor-container elementor-column-gap-default\">\n\t\t\t\t\t<div class=\"elementor-column elementor-col-100 elementor-inner-column elementor-element elementor-element-6de8a960\" data-id=\"6de8a960\" data-element_type=\"column\">\n\t\t\t<div class=\"elementor-widget-wrap elementor-element-populated\">\n\t\t\t\t\t\t<div class=\"elementor-element elementor-element-48c1f1bb elementor-widget elementor-widget-text-editor\" data-id=\"48c1f1bb\" data-element_type=\"widget\" data-widget_type=\"text-editor.default\">\n\t\t\t\t<div class=\"elementor-widget-container\">\n\t\t\t\t\t\t\t<ul><li><span style=\"font-weight: 400;\">Before undergoing therapeutic treatment.<\/span><\/li><\/ul>\t\t\t\t\t\t<\/div>\n\t\t\t\t<\/div>\n\t\t\t\t<div class=\"elementor-element elementor-element-3e9edda6 elementor-widget elementor-widget-image\" data-id=\"3e9edda6\" data-element_type=\"widget\" data-widget_type=\"image.default\">\n\t\t\t\t<div class=\"elementor-widget-container\">\n\t\t\t\t\t\t\t\t\t\t\t\t\t<img loading=\"lazy\" decoding=\"async\" width=\"295\" height=\"222\" src=\"https:\/\/www.o2medicalnetwork.com\/wp-content\/uploads\/2021\/02\/Hospitalizacion_cusco-295x222.jpg\" class=\"attachment-thumbnail size-thumbnail wp-image-8393\" alt=\"\" srcset=\"https:\/\/www.o2medicalnetwork.com\/wp-content\/uploads\/2021\/02\/Hospitalizacion_cusco-295x222.jpg 295w, https:\/\/www.o2medicalnetwork.com\/wp-content\/uploads\/2021\/02\/Hospitalizacion_cusco-scaled-418x315.jpg 418w, https:\/\/www.o2medicalnetwork.com\/wp-content\/uploads\/2021\/02\/Hospitalizacion_cusco-scaled-1200x900.jpg 1200w, https:\/\/www.o2medicalnetwork.com\/wp-content\/uploads\/2021\/02\/Hospitalizacion_cusco-scaled-400x300.jpg 400w, https:\/\/www.o2medicalnetwork.com\/wp-content\/uploads\/2021\/02\/Hospitalizacion_cusco-scaled-900x675.jpg 900w\" sizes=\"(max-width: 295px) 100vw, 295px\" \/>\t\t\t\t\t\t\t\t\t\t\t\t\t<\/div>\n\t\t\t\t<\/div>\n\t\t\t\t\t<\/div>\n\t\t<\/div>\n\t\t\t\t\t<\/div>\n\t\t<\/section>\n\t\t\t\t\t<\/div>\n\t\t<\/div>\n\t\t\t\t\t<\/div>\n\t\t<\/section>\n\t\t\t\t<section class=\"elementor-section elementor-top-section elementor-element elementor-element-2bf01a22 elementor-section-boxed elementor-section-height-default elementor-section-height-default\" data-id=\"2bf01a22\" data-element_type=\"section\">\n\t\t\t\t\t\t<div class=\"elementor-container elementor-column-gap-default\">\n\t\t\t\t\t<div class=\"elementor-column elementor-col-100 elementor-top-column elementor-element elementor-element-6ee25652\" data-id=\"6ee25652\" data-element_type=\"column\">\n\t\t\t<div class=\"elementor-widget-wrap elementor-element-populated\">\n\t\t\t\t\t\t<section class=\"elementor-section elementor-inner-section elementor-element elementor-element-605adb02 elementor-section-boxed elementor-section-height-default elementor-section-height-default\" data-id=\"605adb02\" data-element_type=\"section\">\n\t\t\t\t\t\t<div class=\"elementor-container elementor-column-gap-default\">\n\t\t\t\t\t<div class=\"elementor-column elementor-col-100 elementor-inner-column elementor-element elementor-element-d7a9999\" data-id=\"d7a9999\" data-element_type=\"column\">\n\t\t\t<div class=\"elementor-widget-wrap elementor-element-populated\">\n\t\t\t\t\t\t<div class=\"elementor-element elementor-element-5ba35415 elementor-widget elementor-widget-text-editor\" data-id=\"5ba35415\" data-element_type=\"widget\" data-widget_type=\"text-editor.default\">\n\t\t\t\t<div class=\"elementor-widget-container\">\n\t\t\t\t\t\t\t<p><span style=\"font-weight: 400;\">Rest assured that you are in good hands! Because our specialists are ready to take care of your health.<\/span><\/p><p><span style=\"font-weight: 400;\">Contact us:<\/span><\/p><p><span style=\"font-weight: 400;\">\u00a0Phone:<strong><span style=\"color: #993300;\"><a style=\"color: #993300;\" href=\"tel:+5184221213\">+5184221213\u00a0<\/a><\/span><\/strong><\/span><\/p><p><span class=\"pq6dq46d tbxw36s4 knj5qynh kvgmc6g5 ditlmg2l oygrvhab nvdbi5me sf5mxxl7 gl3lb2sf hhz5lgdu\" style=\"margin: 0px 1px; height: 16px; width: 16px; display: inline-flex; vertical-align: middle; font-family: inherit;\"><img loading=\"lazy\" decoding=\"async\" style=\"border-width: 0px; border-style: initial;\" src=\"https:\/\/static.xx.fbcdn.net\/images\/emoji.php\/v9\/t4d\/1\/16\/1f4de.png\" alt=\"\ud83d\udcde\" width=\"16\" height=\"16\" \/><\/span> WhatsApp: <strong><span style=\"font-family: inherit; color: #993300;\"><a class=\"oajrlxb2 g5ia77u1 qu0x051f esr5mh6w e9989ue4 r7d6kgcz rq0escxv nhd2j8a9 nc684nl6 p7hjln8o kvgmc6g5 cxmmr5t8 oygrvhab hcukyx3x jb3vyjys rz4wbd8a qt6c0cv9 a8nywdso i1ao9s8h esuyzwwr f1sip0of lzcic4wl py34i1dx gpro0wi8\" style=\"color: #993300; cursor: pointer; outline: none; list-style: none; padding: 0px; margin: 0px; touch-action: manipulation; text-align: inherit; display: inline; -webkit-tap-highlight-color: transparent; font-family: inherit;\" tabindex=\"0\" role=\"link\" href=\"https:\/\/bit.ly\/clinicao2chat?fbclid=IwAR0eLlLEoz3zdQfGblTwd9IPp6NKKOTm-_pLLOtD8ejCfd_G3OBCQUaPgjs\" target=\"_blank\" rel=\"nofollow noopener\">https:\/\/bit.ly\/clinicao2chat<\/a><\/span><\/strong><\/p><div dir=\"auto\" style=\"font-family: 'Segoe UI Historic', 'Segoe UI', Helvetica, Arial, sans-serif; color: #050505; font-size: 15px; white-space: pre-wrap;\"><span class=\"pq6dq46d tbxw36s4 knj5qynh kvgmc6g5 ditlmg2l oygrvhab nvdbi5me sf5mxxl7 gl3lb2sf hhz5lgdu\" style=\"margin: 0px 1px; height: 16px; width: 16px; display: inline-flex; vertical-align: middle; font-family: inherit;\"><img loading=\"lazy\" decoding=\"async\" style=\"border-width: 0px; border-style: initial;\" src=\"https:\/\/static.xx.fbcdn.net\/images\/emoji.php\/v9\/t6e\/1\/16\/1f4ac.png\" alt=\"\ud83d\udcac\" width=\"16\" height=\"16\" \/><\/span> Facebook Messenger <strong><span style=\"font-family: inherit; color: #993300;\"><a class=\"oajrlxb2 g5ia77u1 qu0x051f esr5mh6w e9989ue4 r7d6kgcz rq0escxv nhd2j8a9 nc684nl6 p7hjln8o kvgmc6g5 cxmmr5t8 oygrvhab hcukyx3x jb3vyjys rz4wbd8a qt6c0cv9 a8nywdso i1ao9s8h esuyzwwr f1sip0of lzcic4wl py34i1dx gpro0wi8\" style=\"color: #993300; cursor: pointer; outline: none; list-style: none; padding: 0px; margin: 0px; touch-action: manipulation; text-align: inherit; display: inline; -webkit-tap-highlight-color: transparent; font-family: inherit;\" tabindex=\"0\" role=\"link\" href=\"https:\/\/bit.ly\/Messengero2c?fbclid=IwAR01Zk2W9uBHiSAVAvGJivx4xGoyVZRkvS5PxBbJc70mPVL3WE4pI1KBGNc\" target=\"_blank\" rel=\"nofollow noopener\">https:\/\/bit.ly\/Messengero2c<\/a><\/span><\/strong><\/div>\t\t\t\t\t\t<\/div>\n\t\t\t\t<\/div>\n\t\t\t\t\t<\/div>\n\t\t<\/div>\n\t\t\t\t\t<\/div>\n\t\t<\/section>\n\t\t\t\t\t<\/div>\n\t\t<\/div>\n\t\t\t\t\t<\/div>\n\t\t<\/section>\n\t\t\t\t<\/div>","protected":false},"excerpt":{"rendered":"<p>Anestesiolog\u00eda Esta rama de la medicina est\u00e1 dedicada a la atenci\u00f3n, al&nbsp; alivio del dolor y al total cuidado de los pacientes antes, durante y despu\u00e9s de una intervenci\u00f3n quir\u00fargica. Adem\u00e1s, se usa en procedimientos radiol\u00f3gicos, hemodin\u00e1micos, oncol\u00f3gicos, endosc\u00f3picos y dentales y m\u00e1s. \u00bfEn qu\u00e9 momento acudir al anestesi\u00f3logo? Antes de someterse a una operaci\u00f3n. &hellip;<\/p>","protected":false},"author":1,"featured_media":0,"parent":0,"menu_order":0,"comment_status":"closed","ping_status":"closed","template":"","meta":{"content-type":"","footnotes":""},"class_list":["post-8546","page","type-page","status-publish","hentry","no-thumb"],"yoast_head":"<!-- This site is optimized with the Yoast SEO plugin v25.8 - https:\/\/yoast.com\/wordpress\/plugins\/seo\/ -->\n<title>Anestesiolog\u00eda - Conoce cu\u00e1ndo tienes que acudir a un Anestesi\u00f3logo<\/title>\n<meta name=\"description\" content=\"\u261d La Anestesiolog\u00eda est\u00e1 dedicada al alivio del dolor y al total cuidado de los pacientes antes, durante y despu\u00e9s de un acto quir\u00fargico.\" \/>\n<meta name=\"robots\" content=\"index, follow, max-snippet:-1, max-image-preview:large, max-video-preview:-1\" \/>\n<link rel=\"canonical\" href=\"https:\/\/www.o2medicalnetwork.com\/en\/anestesiologia\/\" \/>\n<meta property=\"og:locale\" content=\"en_US\" \/>\n<meta property=\"og:type\" content=\"article\" \/>\n<meta property=\"og:title\" content=\"Anestesiolog\u00eda - Conoce cu\u00e1ndo tienes que acudir a un Anestesi\u00f3logo\" \/>\n<meta property=\"og:description\" content=\"\u261d La Anestesiolog\u00eda est\u00e1 dedicada al alivio del dolor y al total cuidado de los pacientes antes, durante y despu\u00e9s de un acto quir\u00fargico.\" \/>\n<meta property=\"og:url\" content=\"https:\/\/www.o2medicalnetwork.com\/en\/anestesiologia\/\" \/>\n<meta property=\"og:site_name\" content=\"Cl\u00ednica O2 Medical Network\" \/>\n<meta property=\"article:modified_time\" content=\"2021-11-22T14:47:17+00:00\" \/>\n<meta property=\"og:image\" content=\"https:\/\/www.o2medicalnetwork.com\/wp-content\/uploads\/2021\/03\/anesthesia-4751331_640-295x222.jpg\" \/>\n<meta name=\"twitter:card\" content=\"summary_large_image\" \/>\n<meta name=\"twitter:label1\" content=\"Est. reading time\" \/>\n\t<meta name=\"twitter:data1\" content=\"2 minutes\" \/>\n<script type=\"application\/ld+json\" class=\"yoast-schema-graph\">{\"@context\":\"https:\/\/schema.org\",\"@graph\":[{\"@type\":\"WebPage\",\"@id\":\"https:\/\/www.o2medicalnetwork.com\/anestesiologia\/\",\"url\":\"https:\/\/www.o2medicalnetwork.com\/anestesiologia\/\",\"name\":\"Anestesiolog\u00eda - Conoce cu\u00e1ndo tienes que acudir a un Anestesi\u00f3logo\",\"isPartOf\":{\"@id\":\"https:\/\/www.o2medicalnetwork.com\/#website\"},\"primaryImageOfPage\":{\"@id\":\"https:\/\/www.o2medicalnetwork.com\/anestesiologia\/#primaryimage\"},\"image\":{\"@id\":\"https:\/\/www.o2medicalnetwork.com\/anestesiologia\/#primaryimage\"},\"thumbnailUrl\":\"https:\/\/www.o2medicalnetwork.com\/wp-content\/uploads\/2021\/03\/anesthesia-4751331_640-295x222.jpg\",\"datePublished\":\"2021-03-04T16:18:08+00:00\",\"dateModified\":\"2021-11-22T14:47:17+00:00\",\"description\":\"\u261d La Anestesiolog\u00eda est\u00e1 dedicada al alivio del dolor y al total cuidado de los pacientes antes, durante y despu\u00e9s de un acto quir\u00fargico.\",\"breadcrumb\":{\"@id\":\"https:\/\/www.o2medicalnetwork.com\/anestesiologia\/#breadcrumb\"},\"inLanguage\":\"en-US\",\"potentialAction\":[{\"@type\":\"ReadAction\",\"target\":[\"https:\/\/www.o2medicalnetwork.com\/anestesiologia\/\"]}]},{\"@type\":\"ImageObject\",\"inLanguage\":\"en-US\",\"@id\":\"https:\/\/www.o2medicalnetwork.com\/anestesiologia\/#primaryimage\",\"url\":\"https:\/\/www.o2medicalnetwork.com\/wp-content\/uploads\/2021\/03\/anesthesia-4751331_640-295x222.jpg\",\"contentUrl\":\"https:\/\/www.o2medicalnetwork.com\/wp-content\/uploads\/2021\/03\/anesthesia-4751331_640-295x222.jpg\"},{\"@type\":\"BreadcrumbList\",\"@id\":\"https:\/\/www.o2medicalnetwork.com\/anestesiologia\/#breadcrumb\",\"itemListElement\":[{\"@type\":\"ListItem\",\"position\":1,\"name\":\"Portada\",\"item\":\"https:\/\/www.o2medicalnetwork.com\/\"},{\"@type\":\"ListItem\",\"position\":2,\"name\":\"Anestesiolog\u00eda\"}]},{\"@type\":\"WebSite\",\"@id\":\"https:\/\/www.o2medicalnetwork.com\/#website\",\"url\":\"https:\/\/www.o2medicalnetwork.com\/\",\"name\":\"Cl\u00ednica O2 Medical Network\",\"description\":\"Tu no estas solo\",\"potentialAction\":[{\"@type\":\"SearchAction\",\"target\":{\"@type\":\"EntryPoint\",\"urlTemplate\":\"https:\/\/www.o2medicalnetwork.com\/?s={search_term_string}\"},\"query-input\":{\"@type\":\"PropertyValueSpecification\",\"valueRequired\":true,\"valueName\":\"search_term_string\"}}],\"inLanguage\":\"en-US\"}]}<\/script>\n<!-- \/ Yoast SEO plugin. -->","yoast_head_json":{"title":"Anestesiolog\u00eda - Conoce cu\u00e1ndo tienes que acudir a un Anestesi\u00f3logo","description":"\u261d La Anestesiolog\u00eda est\u00e1 dedicada al alivio del dolor y al total cuidado de los pacientes antes, durante y despu\u00e9s de un acto quir\u00fargico.","robots":{"index":"index","follow":"follow","max-snippet":"max-snippet:-1","max-image-preview":"max-image-preview:large","max-video-preview":"max-video-preview:-1"},"canonical":"https:\/\/www.o2medicalnetwork.com\/en\/anestesiologia\/","og_locale":"en_US","og_type":"article","og_title":"Anestesiolog\u00eda - Conoce cu\u00e1ndo tienes que acudir a un Anestesi\u00f3logo","og_description":"\u261d La Anestesiolog\u00eda est\u00e1 dedicada al alivio del dolor y al total cuidado de los pacientes antes, durante y despu\u00e9s de un acto quir\u00fargico.","og_url":"https:\/\/www.o2medicalnetwork.com\/en\/anestesiologia\/","og_site_name":"Cl\u00ednica O2 Medical Network","article_modified_time":"2021-11-22T14:47:17+00:00","og_image":[{"url":"https:\/\/www.o2medicalnetwork.com\/wp-content\/uploads\/2021\/03\/anesthesia-4751331_640-295x222.jpg","type":"","width":"","height":""}],"twitter_card":"summary_large_image","twitter_misc":{"Est. reading time":"2 minutes"},"schema":{"@context":"https:\/\/schema.org","@graph":[{"@type":"WebPage","@id":"https:\/\/www.o2medicalnetwork.com\/anestesiologia\/","url":"https:\/\/www.o2medicalnetwork.com\/anestesiologia\/","name":"Anestesiolog\u00eda - Conoce cu\u00e1ndo tienes que acudir a un Anestesi\u00f3logo","isPartOf":{"@id":"https:\/\/www.o2medicalnetwork.com\/#website"},"primaryImageOfPage":{"@id":"https:\/\/www.o2medicalnetwork.com\/anestesiologia\/#primaryimage"},"image":{"@id":"https:\/\/www.o2medicalnetwork.com\/anestesiologia\/#primaryimage"},"thumbnailUrl":"https:\/\/www.o2medicalnetwork.com\/wp-content\/uploads\/2021\/03\/anesthesia-4751331_640-295x222.jpg","datePublished":"2021-03-04T16:18:08+00:00","dateModified":"2021-11-22T14:47:17+00:00","description":"\u261d La Anestesiolog\u00eda est\u00e1 dedicada al alivio del dolor y al total cuidado de los pacientes antes, durante y despu\u00e9s de un acto quir\u00fargico.","breadcrumb":{"@id":"https:\/\/www.o2medicalnetwork.com\/anestesiologia\/#breadcrumb"},"inLanguage":"en-US","potentialAction":[{"@type":"ReadAction","target":["https:\/\/www.o2medicalnetwork.com\/anestesiologia\/"]}]},{"@type":"ImageObject","inLanguage":"en-US","@id":"https:\/\/www.o2medicalnetwork.com\/anestesiologia\/#primaryimage","url":"https:\/\/www.o2medicalnetwork.com\/wp-content\/uploads\/2021\/03\/anesthesia-4751331_640-295x222.jpg","contentUrl":"https:\/\/www.o2medicalnetwork.com\/wp-content\/uploads\/2021\/03\/anesthesia-4751331_640-295x222.jpg"},{"@type":"BreadcrumbList","@id":"https:\/\/www.o2medicalnetwork.com\/anestesiologia\/#breadcrumb","itemListElement":[{"@type":"ListItem","position":1,"name":"Portada","item":"https:\/\/www.o2medicalnetwork.com\/"},{"@type":"ListItem","position":2,"name":"Anestesiolog\u00eda"}]},{"@type":"WebSite","@id":"https:\/\/www.o2medicalnetwork.com\/#website","url":"https:\/\/www.o2medicalnetwork.com\/","name":"Cl\u00ednica O2 Medical Network","description":"Tu no estas solo","potentialAction":[{"@type":"SearchAction","target":{"@type":"EntryPoint","urlTemplate":"https:\/\/www.o2medicalnetwork.com\/?s={search_term_string}"},"query-input":{"@type":"PropertyValueSpecification","valueRequired":true,"valueName":"search_term_string"}}],"inLanguage":"en-US"}]}},"_links":{"self":[{"href":"https:\/\/www.o2medicalnetwork.com\/en\/wp-json\/wp\/v2\/pages\/8546","targetHints":{"allow":["GET"]}}],"collection":[{"href":"https:\/\/www.o2medicalnetwork.com\/en\/wp-json\/wp\/v2\/pages"}],"about":[{"href":"https:\/\/www.o2medicalnetwork.com\/en\/wp-json\/wp\/v2\/types\/page"}],"author":[{"embeddable":true,"href":"https:\/\/www.o2medicalnetwork.com\/en\/wp-json\/wp\/v2\/users\/1"}],"replies":[{"embeddable":true,"href":"https:\/\/www.o2medicalnetwork.com\/en\/wp-json\/wp\/v2\/comments?post=8546"}],"version-history":[{"count":16,"href":"https:\/\/www.o2medicalnetwork.com\/en\/wp-json\/wp\/v2\/pages\/8546\/revisions"}],"predecessor-version":[{"id":10460,"href":"https:\/\/www.o2medicalnetwork.com\/en\/wp-json\/wp\/v2\/pages\/8546\/revisions\/10460"}],"wp:attachment":[{"href":"https:\/\/www.o2medicalnetwork.com\/en\/wp-json\/wp\/v2\/media?parent=8546"}],"curies":[{"name":"wp","href":"https:\/\/api.w.org\/{rel}","templated":true}]}}