{"id":1363,"date":"2016-09-21T11:39:02","date_gmt":"2016-09-21T16:39:02","guid":{"rendered":"http:\/\/ld-wp.template-help.com\/wordpress_62222_default-sample\/?page_id=1363"},"modified":"2023-02-16T08:08:46","modified_gmt":"2023-02-16T13:08:46","slug":"contactanos","status":"publish","type":"page","link":"https:\/\/www.o2medicalnetwork.com\/en\/contactanos\/","title":{"rendered":"Contactanos"},"content":{"rendered":"\t\t<div data-elementor-type=\"wp-page\" data-elementor-id=\"1363\" class=\"elementor elementor-1363\" data-elementor-post-type=\"page\">\n\t\t\t\t\t\t<section class=\"elementor-section elementor-top-section elementor-element elementor-element-c13f76e elementor-section-full_width elementor-section-height-default elementor-section-height-default\" data-id=\"c13f76e\" data-element_type=\"section\">\n\t\t\t\t\t\t<div class=\"elementor-container elementor-column-gap-extended\">\n\t\t\t\t\t<div class=\"elementor-column elementor-col-50 elementor-top-column elementor-element elementor-element-0b9b8c6\" data-id=\"0b9b8c6\" data-element_type=\"column\">\n\t\t\t<div class=\"elementor-widget-wrap elementor-element-populated\">\n\t\t\t\t\t\t<section class=\"elementor-section elementor-inner-section elementor-element elementor-element-f373be9 column-align-right elementor-section-boxed elementor-section-height-default elementor-section-height-default\" data-id=\"f373be9\" data-element_type=\"section\">\n\t\t\t\t\t\t<div class=\"elementor-container elementor-column-gap-extended\">\n\t\t\t\t\t<div class=\"elementor-column elementor-col-100 elementor-inner-column elementor-element elementor-element-815c517\" data-id=\"815c517\" data-element_type=\"column\">\n\t\t\t<div class=\"elementor-widget-wrap elementor-element-populated\">\n\t\t\t\t\t\t<div class=\"elementor-element elementor-element-388f elementor-widget elementor-widget-heading\" data-id=\"388f\" data-element_type=\"widget\" data-widget_type=\"heading.default\">\n\t\t\t\t<div class=\"elementor-widget-container\">\n\t\t\t<h3 class=\"elementor-heading-title elementor-size-default\">Cont\u00e1ctanos<\/h3>\t\t<\/div>\n\t\t\t\t<\/div>\n\t\t\t\t<div class=\"elementor-element elementor-element-571c elementor-widget-divider--view-line elementor-widget elementor-widget-divider\" data-id=\"571c\" data-element_type=\"widget\" data-widget_type=\"divider.default\">\n\t\t\t\t<div class=\"elementor-widget-container\">\n\t\t\t\t\t<div class=\"elementor-divider\">\n\t\t\t<span class=\"elementor-divider-separator\">\n\t\t\t\t\t\t<\/span>\n\t\t<\/div>\n\t\t\t\t<\/div>\n\t\t\t\t<\/div>\n\t\t\t\t<div class=\"elementor-element elementor-element-9053666 elementor-widget elementor-widget-text-editor\" data-id=\"9053666\" data-element_type=\"widget\" data-widget_type=\"text-editor.default\">\n\t\t\t\t<div class=\"elementor-widget-container\">\n\t\t\t\t\t\t\t<p style=\"text-align: center;\">Recuerda que podemos atenderte con tu seguro internacional, mantenemos cobertura con diferentes aseguradoras internacionales.<\/p>\t\t\t\t\t\t<\/div>\n\t\t\t\t<\/div>\n\t\t\t\t<div class=\"elementor-element elementor-element-ccf6cc4 elementor-position-top elementor-widget elementor-widget-image-box\" data-id=\"ccf6cc4\" data-element_type=\"widget\" data-widget_type=\"image-box.default\">\n\t\t\t\t<div class=\"elementor-widget-container\">\n\t\t\t<div class=\"elementor-image-box-wrapper\"><figure class=\"elementor-image-box-img\"><img decoding=\"async\" width=\"50\" height=\"50\" src=\"https:\/\/www.o2medicalnetwork.com\/wp-content\/uploads\/2018\/05\/contact-icon-1.png\" class=\"attachment-full size-full wp-image-7706\" alt=\"\" \/><\/figure><div class=\"elementor-image-box-content\"><h3 class=\"elementor-image-box-title\">Emergencias<\/h3><p class=\"elementor-image-box-description\">0 800 2685<\/p><\/div><\/div>\t\t<\/div>\n\t\t\t\t<\/div>\n\t\t\t\t<div class=\"elementor-element elementor-element-6e5ad87 elementor-position-top elementor-widget elementor-widget-image-box\" data-id=\"6e5ad87\" data-element_type=\"widget\" data-widget_type=\"image-box.default\">\n\t\t\t\t<div class=\"elementor-widget-container\">\n\t\t\t<div class=\"elementor-image-box-wrapper\"><figure class=\"elementor-image-box-img\"><img decoding=\"async\" width=\"50\" height=\"50\" src=\"https:\/\/www.o2medicalnetwork.com\/wp-content\/uploads\/2018\/05\/contact-icon-2.png\" class=\"attachment-full size-full wp-image-7704\" alt=\"\" \/><\/figure><div class=\"elementor-image-box-content\"><h3 class=\"elementor-image-box-title\">Email<\/h3><p class=\"elementor-image-box-description\"><a href=\"mailto:info@o2medicalnetwork.com\">info@o2medicalnetwork.com<\/a><\/p><\/div><\/div>\t\t<\/div>\n\t\t\t\t<\/div>\n\t\t\t\t<div class=\"elementor-element elementor-element-e710c9e elementor-position-top elementor-widget elementor-widget-image-box\" data-id=\"e710c9e\" data-element_type=\"widget\" data-widget_type=\"image-box.default\">\n\t\t\t\t<div class=\"elementor-widget-container\">\n\t\t\t<div class=\"elementor-image-box-wrapper\"><figure class=\"elementor-image-box-img\"><img decoding=\"async\" width=\"50\" height=\"50\" src=\"https:\/\/www.o2medicalnetwork.com\/wp-content\/uploads\/2018\/05\/contact-icon-3.png\" class=\"attachment-full size-full wp-image-7705\" alt=\"\" \/><\/figure><div class=\"elementor-image-box-content\"><h3 class=\"elementor-image-box-title\">Direcci\u00f3n<\/h3><p class=\"elementor-image-box-description\">Calle Bellavista C-11, Residencial Huancaro\n<br>\nCusco - Per\u00fa <\/p><\/div><\/div>\t\t<\/div>\n\t\t\t\t<\/div>\n\t\t\t\t\t<\/div>\n\t\t<\/div>\n\t\t\t\t\t<\/div>\n\t\t<\/section>\n\t\t\t\t\t<\/div>\n\t\t<\/div>\n\t\t\t\t<div class=\"elementor-column elementor-col-50 elementor-top-column elementor-element elementor-element-425962e\" data-id=\"425962e\" data-element_type=\"column\" data-settings=\"{&quot;background_background&quot;:&quot;classic&quot;}\">\n\t\t\t<div class=\"elementor-widget-wrap elementor-element-populated\">\n\t\t\t\t\t\t<div class=\"elementor-element elementor-element-8c9ccea elementor-widget elementor-widget-spacer\" data-id=\"8c9ccea\" data-element_type=\"widget\" data-widget_type=\"spacer.default\">\n\t\t\t\t<div class=\"elementor-widget-container\">\n\t\t\t\t\t<div class=\"elementor-spacer\">\n\t\t\t<div class=\"elementor-spacer-inner\"><\/div>\n\t\t<\/div>\n\t\t\t\t<\/div>\n\t\t\t\t<\/div>\n\t\t\t\t\t<\/div>\n\t\t<\/div>\n\t\t\t\t\t<\/div>\n\t\t<\/section>\n\t\t\t\t<section class=\"elementor-section elementor-top-section elementor-element elementor-element-54b7a88 elementor-section-full_width elementor-section-height-default elementor-section-height-default\" data-id=\"54b7a88\" data-element_type=\"section\">\n\t\t\t\t\t\t<div class=\"elementor-container elementor-column-gap-default\">\n\t\t\t\t\t<div class=\"elementor-column elementor-col-33 elementor-top-column elementor-element elementor-element-3799d61\" data-id=\"3799d61\" data-element_type=\"column\" data-settings=\"{&quot;background_background&quot;:&quot;classic&quot;}\">\n\t\t\t<div class=\"elementor-widget-wrap elementor-element-populated\">\n\t\t\t\t\t\t<div class=\"elementor-element elementor-element-71c861a elementor-position-top elementor-widget elementor-widget-image-box\" data-id=\"71c861a\" data-element_type=\"widget\" data-widget_type=\"image-box.default\">\n\t\t\t\t<div class=\"elementor-widget-container\">\n\t\t\t<div class=\"elementor-image-box-wrapper\"><figure class=\"elementor-image-box-img\"><img loading=\"lazy\" decoding=\"async\" width=\"50\" height=\"50\" src=\"https:\/\/www.o2medicalnetwork.com\/wp-content\/uploads\/2017\/11\/icon-img-17.png\" class=\"attachment-full size-full wp-image-6561\" alt=\"\" \/><\/figure><div class=\"elementor-image-box-content\"><h3 class=\"elementor-image-box-title\">M\u00e9dicos experimentados<\/h3><p class=\"elementor-image-box-description\">Tu salud es tu activo m\u00e1s importante. Debe confiarlo solo a los mejores profesionales.<\/p><\/div><\/div>\t\t<\/div>\n\t\t\t\t<\/div>\n\t\t\t\t\t<\/div>\n\t\t<\/div>\n\t\t\t\t<div class=\"elementor-column elementor-col-33 elementor-top-column elementor-element elementor-element-4b837f9\" data-id=\"4b837f9\" data-element_type=\"column\" data-settings=\"{&quot;background_background&quot;:&quot;classic&quot;}\">\n\t\t\t<div class=\"elementor-widget-wrap elementor-element-populated\">\n\t\t\t\t\t\t<div class=\"elementor-element elementor-element-3b1c5b2 elementor-position-top elementor-widget elementor-widget-image-box\" data-id=\"3b1c5b2\" data-element_type=\"widget\" data-widget_type=\"image-box.default\">\n\t\t\t\t<div class=\"elementor-widget-container\">\n\t\t\t<div class=\"elementor-image-box-wrapper\"><figure class=\"elementor-image-box-img\"><img loading=\"lazy\" decoding=\"async\" width=\"50\" height=\"50\" src=\"https:\/\/www.o2medicalnetwork.com\/wp-content\/uploads\/2017\/11\/icon-img-18.png\" class=\"attachment-full size-full wp-image-6562\" alt=\"\" \/><\/figure><div class=\"elementor-image-box-content\"><h3 class=\"elementor-image-box-title\"> Trato personalizado<\/h3><p class=\"elementor-image-box-description\">Las opciones de tratamiento coinciden perfectamente con sus objetivos de tratamiento de complicaciones con intervenci\u00f3n temprana.<\/p><\/div><\/div>\t\t<\/div>\n\t\t\t\t<\/div>\n\t\t\t\t\t<\/div>\n\t\t<\/div>\n\t\t\t\t<div class=\"elementor-column elementor-col-33 elementor-top-column elementor-element elementor-element-f9ef75c\" data-id=\"f9ef75c\" data-element_type=\"column\" data-settings=\"{&quot;background_background&quot;:&quot;classic&quot;}\">\n\t\t\t<div class=\"elementor-widget-wrap elementor-element-populated\">\n\t\t\t\t\t\t<div class=\"elementor-element elementor-element-6bbf791 elementor-position-top elementor-widget elementor-widget-image-box\" data-id=\"6bbf791\" data-element_type=\"widget\" data-widget_type=\"image-box.default\">\n\t\t\t\t<div class=\"elementor-widget-container\">\n\t\t\t<div class=\"elementor-image-box-wrapper\"><figure class=\"elementor-image-box-img\"><img loading=\"lazy\" decoding=\"async\" width=\"50\" height=\"50\" src=\"https:\/\/www.o2medicalnetwork.com\/wp-content\/uploads\/2017\/11\/icon-img-19.png\" class=\"attachment-full size-full wp-image-6563\" alt=\"\" \/><\/figure><div class=\"elementor-image-box-content\"><h3 class=\"elementor-image-box-title\">Servicio Inmediato<\/h3><p class=\"elementor-image-box-description\">Su plan de tratamiento est\u00e1 dise\u00f1ado para un progreso constante, con cada fase implementada <\/p><\/div><\/div>\t\t<\/div>\n\t\t\t\t<\/div>\n\t\t\t\t\t<\/div>\n\t\t<\/div>\n\t\t\t\t\t<\/div>\n\t\t<\/section>\n\t\t\t\t<section class=\"elementor-section elementor-top-section elementor-element elementor-element-83c32ed elementor-section-full_width elementor-section-height-default elementor-section-height-default\" data-id=\"83c32ed\" data-element_type=\"section\">\n\t\t\t\t\t\t<div class=\"elementor-container elementor-column-gap-default\">\n\t\t\t\t\t<div class=\"elementor-column elementor-col-50 elementor-top-column elementor-element elementor-element-1ec0f9f\" data-id=\"1ec0f9f\" data-element_type=\"column\">\n\t\t\t<div class=\"elementor-widget-wrap elementor-element-populated\">\n\t\t\t\t\t\t<div class=\"elementor-element elementor-element-3981646 elementor-widget elementor-widget-shortcode\" data-id=\"3981646\" data-element_type=\"widget\" data-widget_type=\"shortcode.default\">\n\t\t\t\t<div class=\"elementor-widget-container\">\n\t\t\t\t\t<div class=\"elementor-shortcode\">[put_wpgm id=1]<\/div>\n\t\t\t\t<\/div>\n\t\t\t\t<\/div>\n\t\t\t\t\t<\/div>\n\t\t<\/div>\n\t\t\t\t<div class=\"elementor-column elementor-col-50 elementor-top-column elementor-element elementor-element-51a37ee\" data-id=\"51a37ee\" data-element_type=\"column\">\n\t\t\t<div class=\"elementor-widget-wrap elementor-element-populated\">\n\t\t\t\t\t\t<section class=\"elementor-section elementor-inner-section elementor-element elementor-element-641329b elementor-section-boxed elementor-section-height-default elementor-section-height-default\" data-id=\"641329b\" data-element_type=\"section\">\n\t\t\t\t\t\t<div class=\"elementor-container elementor-column-gap-default\">\n\t\t\t\t\t<div class=\"elementor-column elementor-col-50 elementor-inner-column elementor-element elementor-element-811b739\" data-id=\"811b739\" data-element_type=\"column\">\n\t\t\t<div class=\"elementor-widget-wrap elementor-element-populated\">\n\t\t\t\t\t\t<div class=\"elementor-element elementor-element-e56cad8 elementor-widget elementor-widget-heading\" data-id=\"e56cad8\" data-element_type=\"widget\" data-widget_type=\"heading.default\">\n\t\t\t\t<div class=\"elementor-widget-container\">\n\t\t\t<h2 class=\"elementor-heading-title elementor-size-default\">Sede Principal Cusco<\/h2>\t\t<\/div>\n\t\t\t\t<\/div>\n\t\t\t\t<div class=\"elementor-element elementor-element-01ce31e elementor-widget elementor-widget-text-editor\" data-id=\"01ce31e\" data-element_type=\"widget\" data-widget_type=\"text-editor.default\">\n\t\t\t\t<div class=\"elementor-widget-container\">\n\t\t\t\t\t\t\t<p>Calle Bellavista C-11, Residencial Huancaro Cusco &#8211; Per\u00fa<\/p><p>Tel\u00e9fono: +51 84 221213<\/p>\t\t\t\t\t\t<\/div>\n\t\t\t\t<\/div>\n\t\t\t\t\t<\/div>\n\t\t<\/div>\n\t\t\t\t<div class=\"elementor-column elementor-col-50 elementor-inner-column elementor-element elementor-element-0320624\" data-id=\"0320624\" data-element_type=\"column\">\n\t\t\t<div class=\"elementor-widget-wrap elementor-element-populated\">\n\t\t\t\t\t\t<div class=\"elementor-element elementor-element-0499a60 elementor-widget elementor-widget-heading\" data-id=\"0499a60\" data-element_type=\"widget\" data-widget_type=\"heading.default\">\n\t\t\t\t<div class=\"elementor-widget-container\">\n\t\t\t<h2 class=\"elementor-heading-title elementor-size-default\">Sede Urubamaba - Valle Sagrado<\/h2>\t\t<\/div>\n\t\t\t\t<\/div>\n\t\t\t\t<div class=\"elementor-element elementor-element-72a5d06 elementor-widget elementor-widget-text-editor\" data-id=\"72a5d06\" data-element_type=\"widget\" data-widget_type=\"text-editor.default\">\n\t\t\t\t<div class=\"elementor-widget-container\">\n\t\t\t\t\t\t\t<p>Carretera principal, paradero N\u00b0 7 Sector Rinconada, Yanahura &#8211; Urubamba<\/p><p>Tel\u00e9fono: +51 974791813<\/p>\t\t\t\t\t\t<\/div>\n\t\t\t\t<\/div>\n\t\t\t\t\t<\/div>\n\t\t<\/div>\n\t\t\t\t\t<\/div>\n\t\t<\/section>\n\t\t\t\t<section class=\"elementor-section elementor-inner-section elementor-element elementor-element-69f1b2e elementor-section-boxed elementor-section-height-default elementor-section-height-default\" data-id=\"69f1b2e\" data-element_type=\"section\">\n\t\t\t\t\t\t<div class=\"elementor-container elementor-column-gap-default\">\n\t\t\t\t\t<div class=\"elementor-column elementor-col-50 elementor-inner-column elementor-element elementor-element-14f3ca5\" data-id=\"14f3ca5\" data-element_type=\"column\">\n\t\t\t<div class=\"elementor-widget-wrap elementor-element-populated\">\n\t\t\t\t\t\t<div class=\"elementor-element elementor-element-2613b1d elementor-widget elementor-widget-heading\" data-id=\"2613b1d\" data-element_type=\"widget\" data-widget_type=\"heading.default\">\n\t\t\t\t<div class=\"elementor-widget-container\">\n\t\t\t<h2 class=\"elementor-heading-title elementor-size-default\">Sede Machupicchu<\/h2>\t\t<\/div>\n\t\t\t\t<\/div>\n\t\t\t\t<div class=\"elementor-element elementor-element-7718fa2 elementor-widget elementor-widget-text-editor\" data-id=\"7718fa2\" data-element_type=\"widget\" data-widget_type=\"text-editor.default\">\n\t\t\t\t<div class=\"elementor-widget-container\">\n\t\t\t\t\t\t\t<p>Avenida Pachacutec N\u00b0 812, Aguas Calientes &#8211; Machupicchu<\/p><p>Tel\u00e9fono: +51 986885508<\/p>\t\t\t\t\t\t<\/div>\n\t\t\t\t<\/div>\n\t\t\t\t\t<\/div>\n\t\t<\/div>\n\t\t\t\t<div class=\"elementor-column elementor-col-50 elementor-inner-column elementor-element elementor-element-d6a137a\" data-id=\"d6a137a\" data-element_type=\"column\">\n\t\t\t<div class=\"elementor-widget-wrap elementor-element-populated\">\n\t\t\t\t\t\t<div class=\"elementor-element elementor-element-7693ec1 elementor-widget elementor-widget-heading\" data-id=\"7693ec1\" data-element_type=\"widget\" data-widget_type=\"heading.default\">\n\t\t\t\t<div class=\"elementor-widget-container\">\n\t\t\t<h2 class=\"elementor-heading-title elementor-size-default\">Sede Santa Teresa<\/h2>\t\t<\/div>\n\t\t\t\t<\/div>\n\t\t\t\t\t<\/div>\n\t\t<\/div>\n\t\t\t\t\t<\/div>\n\t\t<\/section>\n\t\t\t\t\t<\/div>\n\t\t<\/div>\n\t\t\t\t\t<\/div>\n\t\t<\/section>\n\t\t\t\t<\/div>\n\t\t","protected":false},"excerpt":{"rendered":"<p>Cont\u00e1ctanos Recuerda que podemos atenderte con tu seguro internacional, mantenemos cobertura con diferentes aseguradoras internacionales. Emergencias 0 800 2685 Email info@o2medicalnetwork.com Direcci\u00f3n Calle Bellavista C-11, Residencial Huancaro Cusco &#8211; Per\u00fa M\u00e9dicos experimentados Tu salud es tu activo m\u00e1s importante. Debe confiarlo solo a los mejores profesionales. Trato personalizado Las opciones de tratamiento coinciden perfectamente con &hellip;<\/p>","protected":false},"author":1,"featured_media":7872,"parent":0,"menu_order":0,"comment_status":"closed","ping_status":"closed","template":"","meta":{"content-type":"","footnotes":""},"class_list":["post-1363","page","type-page","status-publish","has-post-thumbnail","hentry","has-thumb"],"yoast_head":"<!-- This site is optimized with the Yoast SEO plugin v25.8 - https:\/\/yoast.com\/wordpress\/plugins\/seo\/ -->\n<title>Contactanos - Cl\u00ednica O2 Medical Network - Red Medica Cusco<\/title>\n<meta name=\"description\" content=\"Red de Cl\u00ednicas especializados en Monta\u00f1a que permitir\u00e1n a todos viajeros sentirse PROTEGIDOS en cualquier momento y lugar.\" \/>\n<meta name=\"robots\" content=\"index, follow, max-snippet:-1, max-image-preview:large, max-video-preview:-1\" \/>\n<link rel=\"canonical\" href=\"https:\/\/www.o2medicalnetwork.com\/en\/contactanos\/\" \/>\n<meta property=\"og:locale\" content=\"en_US\" \/>\n<meta property=\"og:type\" content=\"article\" \/>\n<meta property=\"og:title\" content=\"Contactanos - Cl\u00ednica O2 Medical Network - Red Medica Cusco\" \/>\n<meta property=\"og:description\" content=\"Red de Cl\u00ednicas especializados en Monta\u00f1a que permitir\u00e1n a todos viajeros sentirse PROTEGIDOS en cualquier momento y lugar.\" \/>\n<meta property=\"og:url\" content=\"https:\/\/www.o2medicalnetwork.com\/en\/contactanos\/\" \/>\n<meta property=\"og:site_name\" content=\"Cl\u00ednica O2 Medical Network\" \/>\n<meta property=\"article:modified_time\" content=\"2023-02-16T13:08:46+00:00\" \/>\n<meta property=\"og:image\" content=\"https:\/\/www.o2medicalnetwork.com\/wp-content\/uploads\/2021\/01\/cropped-icono-o2-medical.png\" \/>\n\t<meta property=\"og:image:width\" content=\"512\" \/>\n\t<meta property=\"og:image:height\" content=\"512\" \/>\n\t<meta property=\"og:image:type\" content=\"image\/png\" \/>\n<meta name=\"twitter:card\" content=\"summary_large_image\" \/>\n<meta name=\"twitter:label1\" content=\"Est. reading time\" \/>\n\t<meta name=\"twitter:data1\" content=\"13 minutes\" \/>\n<script type=\"application\/ld+json\" class=\"yoast-schema-graph\">{\"@context\":\"https:\/\/schema.org\",\"@graph\":[{\"@type\":\"WebPage\",\"@id\":\"https:\/\/www.o2medicalnetwork.com\/contactanos\/\",\"url\":\"https:\/\/www.o2medicalnetwork.com\/contactanos\/\",\"name\":\"Contactanos - Cl\u00ednica O2 Medical Network - Red Medica Cusco\",\"isPartOf\":{\"@id\":\"https:\/\/www.o2medicalnetwork.com\/#website\"},\"primaryImageOfPage\":{\"@id\":\"https:\/\/www.o2medicalnetwork.com\/contactanos\/#primaryimage\"},\"image\":{\"@id\":\"https:\/\/www.o2medicalnetwork.com\/contactanos\/#primaryimage\"},\"thumbnailUrl\":\"https:\/\/www.o2medicalnetwork.com\/wp-content\/uploads\/2021\/01\/cropped-icono-o2-medical.png\",\"datePublished\":\"2016-09-21T16:39:02+00:00\",\"dateModified\":\"2023-02-16T13:08:46+00:00\",\"description\":\"Red de Cl\u00ednicas especializados en Monta\u00f1a que permitir\u00e1n a todos viajeros sentirse PROTEGIDOS en cualquier momento y lugar.\",\"breadcrumb\":{\"@id\":\"https:\/\/www.o2medicalnetwork.com\/contactanos\/#breadcrumb\"},\"inLanguage\":\"en-US\",\"potentialAction\":[{\"@type\":\"ReadAction\",\"target\":[\"https:\/\/www.o2medicalnetwork.com\/contactanos\/\"]}]},{\"@type\":\"ImageObject\",\"inLanguage\":\"en-US\",\"@id\":\"https:\/\/www.o2medicalnetwork.com\/contactanos\/#primaryimage\",\"url\":\"https:\/\/www.o2medicalnetwork.com\/wp-content\/uploads\/2021\/01\/cropped-icono-o2-medical.png\",\"contentUrl\":\"https:\/\/www.o2medicalnetwork.com\/wp-content\/uploads\/2021\/01\/cropped-icono-o2-medical.png\",\"width\":512,\"height\":512},{\"@type\":\"BreadcrumbList\",\"@id\":\"https:\/\/www.o2medicalnetwork.com\/contactanos\/#breadcrumb\",\"itemListElement\":[{\"@type\":\"ListItem\",\"position\":1,\"name\":\"Portada\",\"item\":\"https:\/\/www.o2medicalnetwork.com\/\"},{\"@type\":\"ListItem\",\"position\":2,\"name\":\"Contactanos\"}]},{\"@type\":\"WebSite\",\"@id\":\"https:\/\/www.o2medicalnetwork.com\/#website\",\"url\":\"https:\/\/www.o2medicalnetwork.com\/\",\"name\":\"Cl\u00ednica O2 Medical Network\",\"description\":\"Tu no estas solo\",\"potentialAction\":[{\"@type\":\"SearchAction\",\"target\":{\"@type\":\"EntryPoint\",\"urlTemplate\":\"https:\/\/www.o2medicalnetwork.com\/?s={search_term_string}\"},\"query-input\":{\"@type\":\"PropertyValueSpecification\",\"valueRequired\":true,\"valueName\":\"search_term_string\"}}],\"inLanguage\":\"en-US\"}]}<\/script>\n<!-- \/ Yoast SEO plugin. -->","yoast_head_json":{"title":"Contactanos - Cl\u00ednica O2 Medical Network - Red Medica Cusco","description":"Red de Cl\u00ednicas especializados en Monta\u00f1a que permitir\u00e1n a todos viajeros sentirse PROTEGIDOS en cualquier momento y lugar.","robots":{"index":"index","follow":"follow","max-snippet":"max-snippet:-1","max-image-preview":"max-image-preview:large","max-video-preview":"max-video-preview:-1"},"canonical":"https:\/\/www.o2medicalnetwork.com\/en\/contactanos\/","og_locale":"en_US","og_type":"article","og_title":"Contactanos - Cl\u00ednica O2 Medical Network - Red Medica Cusco","og_description":"Red de Cl\u00ednicas especializados en Monta\u00f1a que permitir\u00e1n a todos viajeros sentirse PROTEGIDOS en cualquier momento y lugar.","og_url":"https:\/\/www.o2medicalnetwork.com\/en\/contactanos\/","og_site_name":"Cl\u00ednica O2 Medical Network","article_modified_time":"2023-02-16T13:08:46+00:00","og_image":[{"width":512,"height":512,"url":"https:\/\/www.o2medicalnetwork.com\/wp-content\/uploads\/2021\/01\/cropped-icono-o2-medical.png","type":"image\/png"}],"twitter_card":"summary_large_image","twitter_misc":{"Est. reading time":"13 minutes"},"schema":{"@context":"https:\/\/schema.org","@graph":[{"@type":"WebPage","@id":"https:\/\/www.o2medicalnetwork.com\/contactanos\/","url":"https:\/\/www.o2medicalnetwork.com\/contactanos\/","name":"Contactanos - Cl\u00ednica O2 Medical Network - Red Medica Cusco","isPartOf":{"@id":"https:\/\/www.o2medicalnetwork.com\/#website"},"primaryImageOfPage":{"@id":"https:\/\/www.o2medicalnetwork.com\/contactanos\/#primaryimage"},"image":{"@id":"https:\/\/www.o2medicalnetwork.com\/contactanos\/#primaryimage"},"thumbnailUrl":"https:\/\/www.o2medicalnetwork.com\/wp-content\/uploads\/2021\/01\/cropped-icono-o2-medical.png","datePublished":"2016-09-21T16:39:02+00:00","dateModified":"2023-02-16T13:08:46+00:00","description":"Red de Cl\u00ednicas especializados en Monta\u00f1a que permitir\u00e1n a todos viajeros sentirse PROTEGIDOS en cualquier momento y lugar.","breadcrumb":{"@id":"https:\/\/www.o2medicalnetwork.com\/contactanos\/#breadcrumb"},"inLanguage":"en-US","potentialAction":[{"@type":"ReadAction","target":["https:\/\/www.o2medicalnetwork.com\/contactanos\/"]}]},{"@type":"ImageObject","inLanguage":"en-US","@id":"https:\/\/www.o2medicalnetwork.com\/contactanos\/#primaryimage","url":"https:\/\/www.o2medicalnetwork.com\/wp-content\/uploads\/2021\/01\/cropped-icono-o2-medical.png","contentUrl":"https:\/\/www.o2medicalnetwork.com\/wp-content\/uploads\/2021\/01\/cropped-icono-o2-medical.png","width":512,"height":512},{"@type":"BreadcrumbList","@id":"https:\/\/www.o2medicalnetwork.com\/contactanos\/#breadcrumb","itemListElement":[{"@type":"ListItem","position":1,"name":"Portada","item":"https:\/\/www.o2medicalnetwork.com\/"},{"@type":"ListItem","position":2,"name":"Contactanos"}]},{"@type":"WebSite","@id":"https:\/\/www.o2medicalnetwork.com\/#website","url":"https:\/\/www.o2medicalnetwork.com\/","name":"Cl\u00ednica O2 Medical Network","description":"Tu no estas solo","potentialAction":[{"@type":"SearchAction","target":{"@type":"EntryPoint","urlTemplate":"https:\/\/www.o2medicalnetwork.com\/?s={search_term_string}"},"query-input":{"@type":"PropertyValueSpecification","valueRequired":true,"valueName":"search_term_string"}}],"inLanguage":"en-US"}]}},"_links":{"self":[{"href":"https:\/\/www.o2medicalnetwork.com\/en\/wp-json\/wp\/v2\/pages\/1363","targetHints":{"allow":["GET"]}}],"collection":[{"href":"https:\/\/www.o2medicalnetwork.com\/en\/wp-json\/wp\/v2\/pages"}],"about":[{"href":"https:\/\/www.o2medicalnetwork.com\/en\/wp-json\/wp\/v2\/types\/page"}],"author":[{"embeddable":true,"href":"https:\/\/www.o2medicalnetwork.com\/en\/wp-json\/wp\/v2\/users\/1"}],"replies":[{"embeddable":true,"href":"https:\/\/www.o2medicalnetwork.com\/en\/wp-json\/wp\/v2\/comments?post=1363"}],"version-history":[{"count":203,"href":"https:\/\/www.o2medicalnetwork.com\/en\/wp-json\/wp\/v2\/pages\/1363\/revisions"}],"predecessor-version":[{"id":12161,"href":"https:\/\/www.o2medicalnetwork.com\/en\/wp-json\/wp\/v2\/pages\/1363\/revisions\/12161"}],"wp:featuredmedia":[{"embeddable":true,"href":"https:\/\/www.o2medicalnetwork.com\/en\/wp-json\/wp\/v2\/media\/7872"}],"wp:attachment":[{"href":"https:\/\/www.o2medicalnetwork.com\/en\/wp-json\/wp\/v2\/media?parent=1363"}],"curies":[{"name":"wp","href":"https:\/\/api.w.org\/{rel}","templated":true}]}}